{"id":29226,"date":"2025-04-10T12:10:18","date_gmt":"2025-04-10T11:10:18","guid":{"rendered":"https:\/\/gosafe.rs\/?post_type=product&#038;p=29226"},"modified":"2025-10-06T09:16:33","modified_gmt":"2025-10-06T08:16:33","slug":"a199-antistatik-pu-rukavice","status":"publish","type":"product","link":"https:\/\/gosafe.rs\/en\/proizvod\/a199-antistatik-pu-rukavice\/","title":{"rendered":"A199 &#8211; Antistatik PU rukavice"},"content":{"rendered":"\t\t<div data-elementor-type=\"product-post\" data-elementor-id=\"29226\" class=\"elementor elementor-29226\" data-elementor-post-type=\"product\">\n\t\t\t\t<div class=\"wd-negative-gap elementor-element elementor-element-660a233f e-flex e-con-boxed e-con e-parent\" data-id=\"660a233f\" data-element_type=\"container\" data-e-type=\"container\">\n\t\t\t\t\t<div class=\"e-con-inner\">\n\t\t\t\t<div class=\"elementor-element elementor-element-6a8194d9 color-scheme-inherit text-left elementor-widget elementor-widget-text-editor\" data-id=\"6a8194d9\" data-element_type=\"widget\" data-e-type=\"widget\" data-widget_type=\"text-editor.default\">\n\t\t\t\t<div class=\"elementor-widget-container\">\n\t\t\t\t\t\t\t\t\t<div class=\"flex max-w-full flex-col flex-grow\"><div class=\"min-h-8 text-message relative flex w-full flex-col items-end gap-2 whitespace-normal break-words text-start [.text-message+&amp;]:mt-5\" dir=\"auto\" data-message-author-role=\"assistant\" data-message-id=\"b8d2667d-3f35-4029-8a6b-7b32eeecb68e\" data-message-model-slug=\"gpt-4o\"><div class=\"flex w-full flex-col gap-1 empty:hidden first:pt-[3px]\"><div class=\"markdown prose w-full break-words dark:prose-invert light\"><div class=\"flex max-w-full flex-col flex-grow\"><div class=\"min-h-8 text-message relative flex w-full flex-col items-end gap-2 whitespace-normal break-words text-start [.text-message+&amp;]:mt-5\" dir=\"auto\" data-message-author-role=\"assistant\" data-message-id=\"70931323-002f-44d7-b348-c2b664204637\" data-message-model-slug=\"gpt-4o\"><div class=\"flex w-full flex-col gap-1 empty:hidden first:pt-[3px]\"><div class=\"markdown prose w-full break-words dark:prose-invert light\"><h3 class=\"text-left\">Karakteristike<\/h3><ul><li>Pogodno za upotrebu u ESD okru\u017eenjima<\/li><li>Antistatik<\/li><li>Mo\u010deni dlan za pove\u0107anu spretnost i ventilaciju<\/li><li>Glatki poliuretanski premaz za ve\u0107u za\u0161titu od abrazije<\/li><li>Postava od 13 petlji je izra\u0111ena za izdr\u017eljivost i precizno pristajanje<\/li><li>Prozra\u010dna be\u0161avna postava<\/li><li>Oznaka za maloprodaju koja olak\u0161ava promociju proizvoda<\/li><li>ANSI Nivo prosecanja A1<\/li><li>CE sertifikovano<\/li><\/ul><h3 class=\"text-left\">Materijali<\/h3><p data-start=\"0\" data-end=\"79\">Poliester, Karbonska vlakna, Elasti\u010dno, Mono PU<\/p><\/div><\/div><\/div><\/div><\/div><\/div><\/div><\/div>\t\t\t\t\t\t\t\t<\/div>\n\t\t\t\t<\/div>\n\t\t\t\t\t<\/div>\n\t\t\t\t<\/div>\n\t\t\t\t<\/div>\n\t\t","protected":false},"excerpt":{"rendered":"<p data-start=\"0\" data-end=\"52\">Rukavice sa tkanjem od 13 petlji od poliestera i ugljeni\u010dnih vlakana koje preusmeravaju stati\u010dki elektricitet. Dlan i prsti mo\u010deni u PU za odli\u010dnu spretnost. Za upotrebu prilikom sklapanja elektronike, testiranja i preciznih radova.<\/p>\n","protected":false},"featured_media":29224,"comment_status":"open","ping_status":"closed","template":"","meta":{"_crdt_document":""},"product_brand":[],"product_cat":[146],"product_tag":[],"class_list":{"0":"post-29226","1":"product","2":"type-product","3":"status-publish","4":"has-post-thumbnail","6":"product_cat-rukavice","8":"first","9":"instock","10":"sale","11":"taxable","12":"shipping-taxable","13":"purchasable","14":"product-type-variable"},"_links":{"self":[{"href":"https:\/\/gosafe.rs\/en\/wp-json\/wp\/v2\/product\/29226","targetHints":{"allow":["GET"]}}],"collection":[{"href":"https:\/\/gosafe.rs\/en\/wp-json\/wp\/v2\/product"}],"about":[{"href":"https:\/\/gosafe.rs\/en\/wp-json\/wp\/v2\/types\/product"}],"replies":[{"embeddable":true,"href":"https:\/\/gosafe.rs\/en\/wp-json\/wp\/v2\/comments?post=29226"}],"version-history":[{"count":8,"href":"https:\/\/gosafe.rs\/en\/wp-json\/wp\/v2\/product\/29226\/revisions"}],"predecessor-version":[{"id":31126,"href":"https:\/\/gosafe.rs\/en\/wp-json\/wp\/v2\/product\/29226\/revisions\/31126"}],"wp:featuredmedia":[{"embeddable":true,"href":"https:\/\/gosafe.rs\/en\/wp-json\/wp\/v2\/media\/29224"}],"wp:attachment":[{"href":"https:\/\/gosafe.rs\/en\/wp-json\/wp\/v2\/media?parent=29226"}],"wp:term":[{"taxonomy":"product_brand","embeddable":true,"href":"https:\/\/gosafe.rs\/en\/wp-json\/wp\/v2\/product_brand?post=29226"},{"taxonomy":"product_cat","embeddable":true,"href":"https:\/\/gosafe.rs\/en\/wp-json\/wp\/v2\/product_cat?post=29226"},{"taxonomy":"product_tag","embeddable":true,"href":"https:\/\/gosafe.rs\/en\/wp-json\/wp\/v2\/product_tag?post=29226"}],"curies":[{"name":"wp","href":"https:\/\/api.w.org\/{rel}","templated":true}]}}