{"id":29301,"date":"2025-04-10T13:18:07","date_gmt":"2025-04-10T12:18:07","guid":{"rendered":"https:\/\/gosafe.rs\/?post_type=product&#038;p=29301"},"modified":"2025-06-04T19:51:52","modified_gmt":"2025-06-04T18:51:52","slug":"a540-ultra-varilacke-rukavice","status":"publish","type":"product","link":"https:\/\/gosafe.rs\/en\/proizvod\/a540-ultra-varilacke-rukavice\/","title":{"rendered":"A540 &#8211; Ultra varila\u010dke rukavice"},"content":{"rendered":"\t\t<div data-elementor-type=\"product-post\" data-elementor-id=\"29301\" class=\"elementor elementor-29301\" data-elementor-post-type=\"product\">\n\t\t\t\t<div class=\"wd-negative-gap elementor-element elementor-element-660a233f e-flex e-con-boxed e-con e-parent\" data-id=\"660a233f\" data-element_type=\"container\" data-e-type=\"container\">\n\t\t\t\t\t<div class=\"e-con-inner\">\n\t\t\t\t<div class=\"elementor-element elementor-element-6a8194d9 color-scheme-inherit text-left elementor-widget elementor-widget-text-editor\" data-id=\"6a8194d9\" data-element_type=\"widget\" data-e-type=\"widget\" data-widget_type=\"text-editor.default\">\n\t\t\t\t<div class=\"elementor-widget-container\">\n\t\t\t\t\t\t\t\t\t<div class=\"flex max-w-full flex-col flex-grow\"><div class=\"min-h-8 text-message relative flex w-full flex-col items-end gap-2 whitespace-normal break-words text-start [.text-message+&amp;]:mt-5\" dir=\"auto\" data-message-author-role=\"assistant\" data-message-id=\"b8d2667d-3f35-4029-8a6b-7b32eeecb68e\" data-message-model-slug=\"gpt-4o\"><div class=\"flex w-full flex-col gap-1 empty:hidden first:pt-[3px]\"><div class=\"markdown prose w-full break-words dark:prose-invert light\"><div class=\"flex max-w-full flex-col flex-grow\"><div class=\"min-h-8 text-message relative flex w-full flex-col items-end gap-2 whitespace-normal break-words text-start [.text-message+&amp;]:mt-5\" dir=\"auto\" data-message-author-role=\"assistant\" data-message-id=\"70931323-002f-44d7-b348-c2b664204637\" data-message-model-slug=\"gpt-4o\"><div class=\"flex w-full flex-col gap-1 empty:hidden first:pt-[3px]\"><div class=\"markdown prose w-full break-words dark:prose-invert light\"><h3 class=\"text-left\">Karakteristike<\/h3><ul><li>EN12477 Type A za\u0161tita pri zavarivanju<\/li><li>Vrhunske ko\u017ene rukavice za zavarivanje<\/li><li>Oja\u010dani region dlana i palca<\/li><li>Oja\u010dani aramidni \u0161avovi za maksimalnu izdr\u017eljivost i za\u0161titu od opekotina<\/li><li>Postavljeno flisom za dodatnu toplinu i udobnost<\/li><li>Pro\u0161tepana oja\u010danja na dlanovima i prstima<\/li><li>CE sertifikovano<\/li><\/ul><h3 class=\"text-left\">Materijali<\/h3><p class=\"text-left\">Gove\u0111a ko\u017ea, Gove\u0111a puna ko\u017ea, Pamuk<\/p><\/div><\/div><\/div><\/div><\/div><\/div><\/div><\/div>\t\t\t\t\t\t\t\t<\/div>\n\t\t\t\t<\/div>\n\t\t\t\t\t<\/div>\n\t\t\t\t<\/div>\n\t\t\t\t<\/div>\n\t\t","protected":false},"excerpt":{"rendered":"<p class=\"text-justify\">Dizajnirana za profesionalne zavariva\u010de, za Ultra varila\u010dku rukavicu su kori\u0161\u0107eni samo najkvalitetniji materijali prilikom izrade. Puna zrnasta ko\u017ea prekrivena \u0161paltom pru\u017ea pobolj\u0161anu za\u0161titu od progorevanja. Postavljena flisom za za\u0161titu od toplote i hladno\u0107e. Aramidni \u0161avovi za superiornu izdr\u017eljivost.<\/p>\n","protected":false},"featured_media":29309,"comment_status":"open","ping_status":"closed","template":"","meta":{"_crdt_document":""},"product_brand":[],"product_cat":[146],"product_tag":[],"class_list":{"0":"post-29301","1":"product","2":"type-product","3":"status-publish","4":"has-post-thumbnail","6":"product_cat-rukavice","8":"first","9":"instock","10":"taxable","11":"shipping-taxable","12":"purchasable","13":"product-type-simple"},"_links":{"self":[{"href":"https:\/\/gosafe.rs\/en\/wp-json\/wp\/v2\/product\/29301","targetHints":{"allow":["GET"]}}],"collection":[{"href":"https:\/\/gosafe.rs\/en\/wp-json\/wp\/v2\/product"}],"about":[{"href":"https:\/\/gosafe.rs\/en\/wp-json\/wp\/v2\/types\/product"}],"replies":[{"embeddable":true,"href":"https:\/\/gosafe.rs\/en\/wp-json\/wp\/v2\/comments?post=29301"}],"version-history":[{"count":4,"href":"https:\/\/gosafe.rs\/en\/wp-json\/wp\/v2\/product\/29301\/revisions"}],"predecessor-version":[{"id":29311,"href":"https:\/\/gosafe.rs\/en\/wp-json\/wp\/v2\/product\/29301\/revisions\/29311"}],"wp:featuredmedia":[{"embeddable":true,"href":"https:\/\/gosafe.rs\/en\/wp-json\/wp\/v2\/media\/29309"}],"wp:attachment":[{"href":"https:\/\/gosafe.rs\/en\/wp-json\/wp\/v2\/media?parent=29301"}],"wp:term":[{"taxonomy":"product_brand","embeddable":true,"href":"https:\/\/gosafe.rs\/en\/wp-json\/wp\/v2\/product_brand?post=29301"},{"taxonomy":"product_cat","embeddable":true,"href":"https:\/\/gosafe.rs\/en\/wp-json\/wp\/v2\/product_cat?post=29301"},{"taxonomy":"product_tag","embeddable":true,"href":"https:\/\/gosafe.rs\/en\/wp-json\/wp\/v2\/product_tag?post=29301"}],"curies":[{"name":"wp","href":"https:\/\/api.w.org\/{rel}","templated":true}]}}