{"id":29325,"date":"2025-04-11T09:48:52","date_gmt":"2025-04-11T08:48:52","guid":{"rendered":"https:\/\/gosafe.rs\/?post_type=product&#038;p=29325"},"modified":"2025-10-06T12:28:04","modified_gmt":"2025-10-06T11:28:04","slug":"ab350-dermiflex-essential","status":"publish","type":"product","link":"https:\/\/gosafe.rs\/en\/proizvod\/ab350-dermiflex-essential\/","title":{"rendered":"AB350 &#8211; DermiFlex Essential"},"content":{"rendered":"\t\t<div data-elementor-type=\"product-post\" data-elementor-id=\"29325\" class=\"elementor elementor-29325\" data-elementor-post-type=\"product\">\n\t\t\t\t<div class=\"wd-negative-gap elementor-element elementor-element-660a233f e-flex e-con-boxed e-con e-parent\" data-id=\"660a233f\" data-element_type=\"container\" data-e-type=\"container\">\n\t\t\t\t\t<div class=\"e-con-inner\">\n\t\t\t\t<div class=\"elementor-element elementor-element-6a8194d9 color-scheme-inherit text-left elementor-widget elementor-widget-text-editor\" data-id=\"6a8194d9\" data-element_type=\"widget\" data-e-type=\"widget\" data-widget_type=\"text-editor.default\">\n\t\t\t\t<div class=\"elementor-widget-container\">\n\t\t\t\t\t\t\t\t\t<div class=\"flex max-w-full flex-col flex-grow\"><div class=\"min-h-8 text-message relative flex w-full flex-col items-end gap-2 whitespace-normal break-words text-start [.text-message+&amp;]:mt-5\" dir=\"auto\" data-message-author-role=\"assistant\" data-message-id=\"b8d2667d-3f35-4029-8a6b-7b32eeecb68e\" data-message-model-slug=\"gpt-4o\"><div class=\"flex w-full flex-col gap-1 empty:hidden first:pt-[3px]\"><div class=\"markdown prose w-full break-words dark:prose-invert light\"><div class=\"flex max-w-full flex-col flex-grow\"><div class=\"min-h-8 text-message relative flex w-full flex-col items-end gap-2 whitespace-normal break-words text-start [.text-message+&amp;]:mt-5\" dir=\"auto\" data-message-author-role=\"assistant\" data-message-id=\"70931323-002f-44d7-b348-c2b664204637\" data-message-model-slug=\"gpt-4o\"><div class=\"flex w-full flex-col gap-1 empty:hidden first:pt-[3px]\"><div class=\"markdown prose w-full break-words dark:prose-invert light\"><h3 class=\"text-left\">Karakteristike<\/h3><ul><li>Prodaju se u pakovanjima od 12 pari za odli\u010dnu vrednost<\/li><li>Fleksibilni premaz od nitrila boje peska<\/li><li>Postava od 15 petlji pru\u017ea najbolji balans pokretljivost i izdr\u017eljivosti<\/li><li>Mo\u010deni dlan za pove\u0107anu spretnost i ventilaciju<\/li><li>CE sertifikovano<\/li><\/ul><h3 class=\"text-left\">Materijali<\/h3><p class=\"text-left\">Najlon, Elastin, Elasti\u010dno, Hrapavi nitril<\/p><\/div><\/div><\/div><\/div><\/div><\/div><\/div><\/div>\t\t\t\t\t\t\t\t<\/div>\n\t\t\t\t<\/div>\n\t\t\t\t\t<\/div>\n\t\t\t\t<\/div>\n\t\t\t\t<\/div>\n\t\t","protected":false},"excerpt":{"rendered":"<p class=\"text-justify\">Iskusite vrhunski komfor, ose\u0107aj pri radu i za\u0161titu sa na\u0161im super laganim rukavicama od najlona fino\u0107e tkanja 15. \u200b Ove rukavice su pojednostavljena verzija na\u0161ih vode\u0107ih rukavica A350, sa smanjenim pakovanjem i jednobojnim brendiranjem, \u0161to ih \u010dini ekonomskim izborom. Sa dlanom od mekane nitrilne pene, ove rukavice pru\u017eaju izuzetno prianjanje i za\u0161titu od vode, ulja i masti, \u010dak i u toplim i vla\u017enim uslovima. Prodaju se u pakovanjima od 12 pari za maksimalnu vrednost.<\/p>\n","protected":false},"featured_media":29258,"comment_status":"open","ping_status":"closed","template":"","meta":{"_crdt_document":""},"product_brand":[],"product_cat":[146],"product_tag":[],"class_list":{"0":"post-29325","1":"product","2":"type-product","3":"status-publish","4":"has-post-thumbnail","6":"product_cat-rukavice","7":"pa_brend-portwest","9":"first","10":"instock","11":"taxable","12":"shipping-taxable","13":"purchasable","14":"product-type-variable"},"_links":{"self":[{"href":"https:\/\/gosafe.rs\/en\/wp-json\/wp\/v2\/product\/29325","targetHints":{"allow":["GET"]}}],"collection":[{"href":"https:\/\/gosafe.rs\/en\/wp-json\/wp\/v2\/product"}],"about":[{"href":"https:\/\/gosafe.rs\/en\/wp-json\/wp\/v2\/types\/product"}],"replies":[{"embeddable":true,"href":"https:\/\/gosafe.rs\/en\/wp-json\/wp\/v2\/comments?post=29325"}],"version-history":[{"count":6,"href":"https:\/\/gosafe.rs\/en\/wp-json\/wp\/v2\/product\/29325\/revisions"}],"predecessor-version":[{"id":29331,"href":"https:\/\/gosafe.rs\/en\/wp-json\/wp\/v2\/product\/29325\/revisions\/29331"}],"wp:featuredmedia":[{"embeddable":true,"href":"https:\/\/gosafe.rs\/en\/wp-json\/wp\/v2\/media\/29258"}],"wp:attachment":[{"href":"https:\/\/gosafe.rs\/en\/wp-json\/wp\/v2\/media?parent=29325"}],"wp:term":[{"taxonomy":"product_brand","embeddable":true,"href":"https:\/\/gosafe.rs\/en\/wp-json\/wp\/v2\/product_brand?post=29325"},{"taxonomy":"product_cat","embeddable":true,"href":"https:\/\/gosafe.rs\/en\/wp-json\/wp\/v2\/product_cat?post=29325"},{"taxonomy":"product_tag","embeddable":true,"href":"https:\/\/gosafe.rs\/en\/wp-json\/wp\/v2\/product_tag?post=29325"}],"curies":[{"name":"wp","href":"https:\/\/api.w.org\/{rel}","templated":true}]}}