{"id":29405,"date":"2025-04-14T22:47:00","date_gmt":"2025-04-14T21:47:00","guid":{"rendered":"https:\/\/gosafe.rs\/?post_type=product&#038;p=29405"},"modified":"2025-08-01T14:05:16","modified_gmt":"2025-08-01T13:05:16","slug":"dx480-dx4-base-layer-gornji-deo-sa-rajsferslusom","status":"publish","type":"product","link":"https:\/\/gosafe.rs\/en\/proizvod\/dx480-dx4-base-layer-gornji-deo-sa-rajsferslusom\/","title":{"rendered":"DX480 &#8211; DX4 Base Layer gornji deo sa rajsfer\u0161lusom"},"content":{"rendered":"\t\t<div data-elementor-type=\"product-post\" data-elementor-id=\"29405\" class=\"elementor elementor-29405\" data-elementor-post-type=\"product\">\n\t\t\t\t<div class=\"wd-negative-gap elementor-element elementor-element-8d67849 e-flex e-con-boxed e-con e-parent\" data-id=\"8d67849\" data-element_type=\"container\" data-e-type=\"container\">\n\t\t\t\t\t<div class=\"e-con-inner\">\n\t\t\t\t<div class=\"elementor-element elementor-element-3760c70 elementor-widget elementor-widget-wd_text_block\" data-id=\"3760c70\" data-element_type=\"widget\" data-e-type=\"widget\" data-widget_type=\"wd_text_block.default\">\n\t\t\t\t<div class=\"elementor-widget-container\">\n\t\t\t\t\t\t\t<div class=\"wd-text-block reset-last-child text-left\">\n\t\t\t\n\t\t\t<h3>Karakteristike<\/h3><p>Materijal koji se iste\u017ee u 4 pravca radi lako\u0107e pokreta i udobnosti<br \/>Osmi\u0161ljeno sa aktivnim pristajanjem<br \/>Zakrivljeni zadnji deo za dodatnu za\u0161titu<br \/>Elasti\u010dne man\u017eetne za bezbedno pristajanje<br \/>Petlja za palac<br \/>Unutra\u0161nji d\u017eepovi za bezbedno skladi\u0161tenje<br \/>6 d\u017eepova za obimno skladi\u0161tenje<br \/>2 d\u017eepa na grudima sa zatvaranjem pomo\u0107u rajsfer\u0161lusa<br \/>Dva bo\u010dna d\u017eepa sa rajsfer\u0161lusima za sigurno odlaganje<br \/>Prednji otvor sa rajsfer\u0161lusom za lak\u0161i pristup<br \/>Moderan dizajn ergonomskog kroja<br \/>Kontrastne boje za dodatni stil<br \/>Lagani grip poteza\u010di na svim rajsfer\u0161lusima<br \/>Kontrastni premijum rajsfer\u0161lusi za dodatni stil<br \/>Pro\u0161tepano na svim mestima optere\u0107enja<\/p><h3>Spoljna materijal : <\/h3><p>Titanmill Ultra Stretch: 92% najlon, 8% elastin 213g<\/p>\n\t\t\t\t\t<\/div>\n\t\t\t\t\t\t<\/div>\n\t\t\t\t<\/div>\n\t\t\t\t\t<\/div>\n\t\t\t\t<\/div>\n\t\t\t\t<\/div>\n\t\t","protected":false},"excerpt":{"rendered":"<p class=\"text-justify\">DX4 Base Layer gornji deo sa rajsfer\u0161lusem je lagan i prozra\u010dan \u0161to poma\u017ee savr\u0161enoj kontroli temperature tela. Veoma rastegljiva i izdr\u017eljiva najlonska tkanina upotpunjuje dizajn dobijen pomo\u0107u mapiranja tela. Sadr\u017ei raglan rukave za udobnost i pokretljivost bez napora. Prednji rajsfer\u0161lus sa \u0161titnikom za bradu ima gumeni poteza\u010d za lak prihvat. D\u017eep sa rajsfer\u0161lusom na ruci i d\u017eepovi na grudima su idealni za skladi\u0161tenje manjih predmeta.<\/p>\n","protected":false},"featured_media":29385,"comment_status":"open","ping_status":"closed","template":"","meta":{"_crdt_document":""},"product_brand":[],"product_cat":[155],"product_tag":[],"class_list":{"0":"post-29405","1":"product","2":"type-product","3":"status-publish","4":"has-post-thumbnail","6":"product_cat-radne-jakne","8":"first","9":"instock","10":"taxable","11":"shipping-taxable","12":"purchasable","13":"product-type-variable"},"_links":{"self":[{"href":"https:\/\/gosafe.rs\/en\/wp-json\/wp\/v2\/product\/29405","targetHints":{"allow":["GET"]}}],"collection":[{"href":"https:\/\/gosafe.rs\/en\/wp-json\/wp\/v2\/product"}],"about":[{"href":"https:\/\/gosafe.rs\/en\/wp-json\/wp\/v2\/types\/product"}],"replies":[{"embeddable":true,"href":"https:\/\/gosafe.rs\/en\/wp-json\/wp\/v2\/comments?post=29405"}],"version-history":[{"count":6,"href":"https:\/\/gosafe.rs\/en\/wp-json\/wp\/v2\/product\/29405\/revisions"}],"predecessor-version":[{"id":29437,"href":"https:\/\/gosafe.rs\/en\/wp-json\/wp\/v2\/product\/29405\/revisions\/29437"}],"wp:featuredmedia":[{"embeddable":true,"href":"https:\/\/gosafe.rs\/en\/wp-json\/wp\/v2\/media\/29385"}],"wp:attachment":[{"href":"https:\/\/gosafe.rs\/en\/wp-json\/wp\/v2\/media?parent=29405"}],"wp:term":[{"taxonomy":"product_brand","embeddable":true,"href":"https:\/\/gosafe.rs\/en\/wp-json\/wp\/v2\/product_brand?post=29405"},{"taxonomy":"product_cat","embeddable":true,"href":"https:\/\/gosafe.rs\/en\/wp-json\/wp\/v2\/product_cat?post=29405"},{"taxonomy":"product_tag","embeddable":true,"href":"https:\/\/gosafe.rs\/en\/wp-json\/wp\/v2\/product_tag?post=29405"}],"curies":[{"name":"wp","href":"https:\/\/api.w.org\/{rel}","templated":true}]}}