{"id":29439,"date":"2025-04-14T23:06:10","date_gmt":"2025-04-14T22:06:10","guid":{"rendered":"https:\/\/gosafe.rs\/?post_type=product&#038;p=29439"},"modified":"2025-08-01T14:07:08","modified_gmt":"2025-08-01T13:07:08","slug":"fr601-bizflame-plus-lagana-jakna","status":"publish","type":"product","link":"https:\/\/gosafe.rs\/en\/proizvod\/fr601-bizflame-plus-lagana-jakna\/","title":{"rendered":"FR601 &#8211; Bizflame Plus lagana jakna"},"content":{"rendered":"\t\t<div data-elementor-type=\"product-post\" data-elementor-id=\"29439\" class=\"elementor elementor-29439\" data-elementor-post-type=\"product\">\n\t\t\t\t<div class=\"wd-negative-gap elementor-element elementor-element-8d67849 e-flex e-con-boxed e-con e-parent\" data-id=\"8d67849\" data-element_type=\"container\" data-e-type=\"container\">\n\t\t\t\t\t<div class=\"e-con-inner\">\n\t\t\t\t<div class=\"elementor-element elementor-element-3760c70 elementor-widget elementor-widget-wd_text_block\" data-id=\"3760c70\" data-element_type=\"widget\" data-e-type=\"widget\" data-widget_type=\"wd_text_block.default\">\n\t\t\t\t<div class=\"elementor-widget-container\">\n\t\t\t\t\t\t\t<div class=\"wd-text-block reset-last-child text-left\">\n\t\t\t\n\t\t\t<h3>Karakteristike<\/h3><p>Inovativni rastegljivi paneli pru\u017eaju odli\u010dnu udobnost i fleksibilnost na klju\u010dnim mestima prilikom kretanja<br \/>\u0160titi od isijavaju\u0107e, kontaktne i konvektivne toplote<br \/>D\u017eep na rukavu<br \/>Ventilacija na le\u0111ima gore i dole za maksimalnu prozra\u010dnost<br \/>Nemagnetno - bez nikla i gvo\u017e\u0111a<br \/>Podesive man\u017eetne pomo\u0107u \u010di\u010dak trake za sigurno prijanjanje<br \/>Na\u0161ivena vatrootporna traka za industrijsko pranje<br \/>Radio om\u010de za jednostavno ka\u010denje radio stanice<br \/>Dvosmerni rajsfer\u0161lus za brz i lak pristup<br \/>5 d\u017eepova za obimno skladi\u0161tenje<br \/>Pogodno za no\u0161enje u ATEX okru\u017eenju<br \/>CE sertifikovano<br \/>Materijal sa UPF 40 ocenom blokira 98% UV zraka<br \/>CE-CAT III<\/p><h3>Spoljna materijal :<\/h3><p>Bizflame Work: 99% pamuk, 1% ugljeni\u010dno vlakno 210g<\/p><h3>Kontrastni materijal :<\/h3><p>Bizflame Plus Stretch: 97% Pamuk , 2% Elastin, 1% Ugljeni\u010dna vlakna<\/p>\n\t\t\t\t\t<\/div>\n\t\t\t\t\t\t<\/div>\n\t\t\t\t<\/div>\n\t\t\t\t\t<\/div>\n\t\t\t\t<\/div>\n\t\t\t\t<\/div>\n\t\t","protected":false},"excerpt":{"rendered":"<p class=\"text-justify\">Savremena radna jakna koja se uklapa onoliko dobro koliko izgleda, sa inovativnim dizajnerskim karakteristikama poput rastezljivih obloga pru\u017ea izvrsnu udobnost i fleksibilnost u klju\u010dnim oblastima kretanja. Ostale klju\u010dne karakteristike uklju\u010duju ventilaciju gornjeg i donjeg dela le\u0111a, vi\u0161estruke d\u017eepove za obimno skladi\u0161tenje, podesive man\u017eetne i reflektujuc\u0301e ukrase.<\/p>\n","protected":false},"featured_media":29389,"comment_status":"open","ping_status":"closed","template":"","meta":{"_crdt_document":""},"product_brand":[],"product_cat":[155],"product_tag":[],"class_list":{"0":"post-29439","1":"product","2":"type-product","3":"status-publish","4":"has-post-thumbnail","6":"product_cat-radne-jakne","8":"first","9":"instock","10":"taxable","11":"shipping-taxable","12":"purchasable","13":"product-type-variable"},"_links":{"self":[{"href":"https:\/\/gosafe.rs\/en\/wp-json\/wp\/v2\/product\/29439","targetHints":{"allow":["GET"]}}],"collection":[{"href":"https:\/\/gosafe.rs\/en\/wp-json\/wp\/v2\/product"}],"about":[{"href":"https:\/\/gosafe.rs\/en\/wp-json\/wp\/v2\/types\/product"}],"replies":[{"embeddable":true,"href":"https:\/\/gosafe.rs\/en\/wp-json\/wp\/v2\/comments?post=29439"}],"version-history":[{"count":5,"href":"https:\/\/gosafe.rs\/en\/wp-json\/wp\/v2\/product\/29439\/revisions"}],"predecessor-version":[{"id":29444,"href":"https:\/\/gosafe.rs\/en\/wp-json\/wp\/v2\/product\/29439\/revisions\/29444"}],"wp:featuredmedia":[{"embeddable":true,"href":"https:\/\/gosafe.rs\/en\/wp-json\/wp\/v2\/media\/29389"}],"wp:attachment":[{"href":"https:\/\/gosafe.rs\/en\/wp-json\/wp\/v2\/media?parent=29439"}],"wp:term":[{"taxonomy":"product_brand","embeddable":true,"href":"https:\/\/gosafe.rs\/en\/wp-json\/wp\/v2\/product_brand?post=29439"},{"taxonomy":"product_cat","embeddable":true,"href":"https:\/\/gosafe.rs\/en\/wp-json\/wp\/v2\/product_cat?post=29439"},{"taxonomy":"product_tag","embeddable":true,"href":"https:\/\/gosafe.rs\/en\/wp-json\/wp\/v2\/product_tag?post=29439"}],"curies":[{"name":"wp","href":"https:\/\/api.w.org\/{rel}","templated":true}]}}