{"id":29460,"date":"2025-04-14T23:19:22","date_gmt":"2025-04-14T22:19:22","guid":{"rendered":"https:\/\/gosafe.rs\/?post_type=product&#038;p=29460"},"modified":"2025-04-15T08:13:31","modified_gmt":"2025-04-15T07:13:31","slug":"fp48-blokator-pada-135m","status":"publish","type":"product","link":"https:\/\/gosafe.rs\/en\/proizvod\/fp48-blokator-pada-135m\/","title":{"rendered":"FP48 &#8211; Blokator pada 1,35m"},"content":{"rendered":"\t\t<div data-elementor-type=\"product-post\" data-elementor-id=\"29460\" class=\"elementor elementor-29460\" data-elementor-post-type=\"product\">\n\t\t\t\t<div class=\"wd-negative-gap elementor-element elementor-element-8d67849 e-flex e-con-boxed e-con e-parent\" data-id=\"8d67849\" data-element_type=\"container\" data-e-type=\"container\">\n\t\t\t\t\t<div class=\"e-con-inner\">\n\t\t\t\t<div class=\"elementor-element elementor-element-3760c70 elementor-widget elementor-widget-wd_text_block\" data-id=\"3760c70\" data-element_type=\"widget\" data-e-type=\"widget\" data-widget_type=\"wd_text_block.default\">\n\t\t\t\t<div class=\"elementor-widget-container\">\n\t\t\t\t\t\t\t<div class=\"wd-text-block reset-last-child text-left\">\n\t\t\t\n\t\t\t<h3>Karakteristike<\/h3><p>Brzo i lagano postavljanje<br \/>Izdr\u017eljiva gurtna sa visokom ja\u010dinom pucanja<br \/>\u0160ok apsorpcija<br \/>Maksimalna nosivost 100kg<br \/>Rok upotrebe 10 godina od datuma proizvodnje navedenog na etiketi proizvoda<br \/>CE sertifikovano<br \/>Maloprodajna kutija koja olak\u0161ava promociju proizvoda<\/p><h3>Materijali<\/h3><p>ABS plasti\u010dni omota\u010d, Polietilensko tkanje 1.35 metara, Legura \u010delika, kaljena<\/p>\n\t\t\t\t\t<\/div>\n\t\t\t\t\t\t<\/div>\n\t\t\t\t<\/div>\n\t\t\t\t\t<\/div>\n\t\t\t\t<\/div>\n\t\t\t\t<\/div>\n\t\t","protected":false},"excerpt":{"rendered":"<p class=\"text-justify\">Blokator pada sa uvla\u010divom trakom od 1,35 metara sadr\u017ei karabin, \u0161ok apsorber, rotiraju\u0107i karabin sa dvostrukim sistemom zaklju\u010davanja i indikator pada. Traka je proizvedena kori\u0161\u0107enjem polietilena ultra visoke molekularne te\u017eine. Ovaj blokator pada nove generacije je jak, lagan i otporan na vodu i UV zra\u010denje.<\/p>\n","protected":false},"featured_media":29397,"comment_status":"open","ping_status":"closed","template":"","meta":{"_crdt_document":""},"product_brand":[],"product_cat":[158],"product_tag":[],"class_list":{"0":"post-29460","1":"product","2":"type-product","3":"status-publish","4":"has-post-thumbnail","6":"product_cat-blokator-pada","8":"first","9":"instock","10":"taxable","11":"shipping-taxable","12":"purchasable","13":"product-type-simple"},"_links":{"self":[{"href":"https:\/\/gosafe.rs\/en\/wp-json\/wp\/v2\/product\/29460","targetHints":{"allow":["GET"]}}],"collection":[{"href":"https:\/\/gosafe.rs\/en\/wp-json\/wp\/v2\/product"}],"about":[{"href":"https:\/\/gosafe.rs\/en\/wp-json\/wp\/v2\/types\/product"}],"replies":[{"embeddable":true,"href":"https:\/\/gosafe.rs\/en\/wp-json\/wp\/v2\/comments?post=29460"}],"version-history":[{"count":6,"href":"https:\/\/gosafe.rs\/en\/wp-json\/wp\/v2\/product\/29460\/revisions"}],"predecessor-version":[{"id":29466,"href":"https:\/\/gosafe.rs\/en\/wp-json\/wp\/v2\/product\/29460\/revisions\/29466"}],"wp:featuredmedia":[{"embeddable":true,"href":"https:\/\/gosafe.rs\/en\/wp-json\/wp\/v2\/media\/29397"}],"wp:attachment":[{"href":"https:\/\/gosafe.rs\/en\/wp-json\/wp\/v2\/media?parent=29460"}],"wp:term":[{"taxonomy":"product_brand","embeddable":true,"href":"https:\/\/gosafe.rs\/en\/wp-json\/wp\/v2\/product_brand?post=29460"},{"taxonomy":"product_cat","embeddable":true,"href":"https:\/\/gosafe.rs\/en\/wp-json\/wp\/v2\/product_cat?post=29460"},{"taxonomy":"product_tag","embeddable":true,"href":"https:\/\/gosafe.rs\/en\/wp-json\/wp\/v2\/product_tag?post=29460"}],"curies":[{"name":"wp","href":"https:\/\/api.w.org\/{rel}","templated":true}]}}