{"id":29471,"date":"2025-04-14T23:26:08","date_gmt":"2025-04-14T22:26:08","guid":{"rendered":"https:\/\/gosafe.rs\/?post_type=product&#038;p=29471"},"modified":"2025-04-15T08:12:29","modified_gmt":"2025-04-15T07:12:29","slug":"fp72-portwest-ultra-pojas-sa-2-tacke-kacenja","status":"publish","type":"product","link":"https:\/\/gosafe.rs\/en\/proizvod\/fp72-portwest-ultra-pojas-sa-2-tacke-kacenja\/","title":{"rendered":"FP72 &#8211; Portwest Ultra pojas sa 2 ta\u010dke ka\u010denja"},"content":{"rendered":"\t\t<div data-elementor-type=\"product-post\" data-elementor-id=\"29471\" class=\"elementor elementor-29471\" data-elementor-post-type=\"product\">\n\t\t\t\t<div class=\"wd-negative-gap elementor-element elementor-element-8d67849 e-flex e-con-boxed e-con e-parent\" data-id=\"8d67849\" data-element_type=\"container\" data-e-type=\"container\">\n\t\t\t\t\t<div class=\"e-con-inner\">\n\t\t\t\t<div class=\"elementor-element elementor-element-3760c70 elementor-widget elementor-widget-wd_text_block\" data-id=\"3760c70\" data-element_type=\"widget\" data-e-type=\"widget\" data-widget_type=\"wd_text_block.default\">\n\t\t\t\t<div class=\"elementor-widget-container\">\n\t\t\t\t\t\t\t<div class=\"wd-text-block reset-last-child text-left\">\n\t\t\t\n\t\t\t<h3>Karakteristike<\/h3><p>Prednji i le\u0111ni D-prsten<br \/>Indikatori pada<br \/>Potpuno podesive trake za ramena, grudi i noge<br \/>Kop\u010de sa brzim otkop\u010davanjem<br \/>Dostupna u dve veli\u010dine za savr\u0161eno pristajanje<br \/>Kontrolni poklopac za za\u0161titu etikete proizvoda<br \/>Izdr\u017eljiva gurtna sa visokom ja\u010dinom pucanja<br \/>Maksimalna nosivost 140kg<br \/>Rok upotrebe 10 godina od datuma proizvodnje navedenog na etiketi proizvoda<br \/>CE sertifikovano<br \/>Maloprodajna kutija koja olak\u0161ava promociju proizvoda<\/p><h3>Materijali<\/h3><p>Najlonska mre\u017ea, Legura \u010delika, kaljena<\/p>\n\t\t\t\t\t<\/div>\n\t\t\t\t\t\t<\/div>\n\t\t\t\t<\/div>\n\t\t\t\t\t<\/div>\n\t\t\t\t<\/div>\n\t\t\t\t<\/div>\n\t\t","protected":false},"excerpt":{"rendered":"<p class=\"text-justify\">Ovaj pojas za celo telo sadr\u017ei le\u0111ni D prsten i prednji D prsten sa tri ta\u010dke pode\u0161avanja. Poseduje 4 ta\u010dke ka\u010denja, jedan zadnji D prsten, dva bo\u010dna D prstena kao i gornji i donji D prsten u predelu grudi. Indikatori cepanja su postavljeni kako bi se olak\u0161ao pregled.<\/p>\n","protected":false},"featured_media":29399,"comment_status":"open","ping_status":"closed","template":"","meta":{"_crdt_document":""},"product_brand":[],"product_cat":[159],"product_tag":[],"class_list":{"0":"post-29471","1":"product","2":"type-product","3":"status-publish","4":"has-post-thumbnail","6":"product_cat-pojasevi","8":"first","9":"instock","10":"taxable","11":"shipping-taxable","12":"purchasable","13":"product-type-simple"},"_links":{"self":[{"href":"https:\/\/gosafe.rs\/en\/wp-json\/wp\/v2\/product\/29471","targetHints":{"allow":["GET"]}}],"collection":[{"href":"https:\/\/gosafe.rs\/en\/wp-json\/wp\/v2\/product"}],"about":[{"href":"https:\/\/gosafe.rs\/en\/wp-json\/wp\/v2\/types\/product"}],"replies":[{"embeddable":true,"href":"https:\/\/gosafe.rs\/en\/wp-json\/wp\/v2\/comments?post=29471"}],"version-history":[{"count":5,"href":"https:\/\/gosafe.rs\/en\/wp-json\/wp\/v2\/product\/29471\/revisions"}],"predecessor-version":[{"id":29476,"href":"https:\/\/gosafe.rs\/en\/wp-json\/wp\/v2\/product\/29471\/revisions\/29476"}],"wp:featuredmedia":[{"embeddable":true,"href":"https:\/\/gosafe.rs\/en\/wp-json\/wp\/v2\/media\/29399"}],"wp:attachment":[{"href":"https:\/\/gosafe.rs\/en\/wp-json\/wp\/v2\/media?parent=29471"}],"wp:term":[{"taxonomy":"product_brand","embeddable":true,"href":"https:\/\/gosafe.rs\/en\/wp-json\/wp\/v2\/product_brand?post=29471"},{"taxonomy":"product_cat","embeddable":true,"href":"https:\/\/gosafe.rs\/en\/wp-json\/wp\/v2\/product_cat?post=29471"},{"taxonomy":"product_tag","embeddable":true,"href":"https:\/\/gosafe.rs\/en\/wp-json\/wp\/v2\/product_tag?post=29471"}],"curies":[{"name":"wp","href":"https:\/\/api.w.org\/{rel}","templated":true}]}}