{"id":29679,"date":"2025-05-12T21:48:22","date_gmt":"2025-05-12T20:48:22","guid":{"rendered":"https:\/\/gosafe.rs\/?post_type=product&#038;p=29679"},"modified":"2025-05-24T09:03:26","modified_gmt":"2025-05-24T08:03:26","slug":"vreca-za-zakljucavanje-sirine-180mm-i-visine-430mm","status":"publish","type":"product","link":"https:\/\/gosafe.rs\/en\/proizvod\/vreca-za-zakljucavanje-sirine-180mm-i-visine-430mm\/","title":{"rendered":"Vre\u0107a za zaklju\u010davanje \u0161irine 180mm i visine 430mm"},"content":{"rendered":"","protected":false},"excerpt":{"rendered":"<p class=\"text-justify\">Vre\u0107a za zaklju\u010davanje \u0161irine 180mm i visine 430mm<\/p>\n","protected":false},"featured_media":29602,"comment_status":"open","ping_status":"closed","template":"","meta":{"_crdt_document":""},"product_brand":[],"product_cat":[162],"product_tag":[],"class_list":{"0":"post-29679","1":"product","2":"type-product","3":"status-publish","4":"has-post-thumbnail","6":"product_cat-mehanicki-adapteri","7":"pa_brend-masterlock","9":"first","10":"instock","11":"taxable","12":"shipping-taxable","13":"purchasable","14":"product-type-simple"},"_links":{"self":[{"href":"https:\/\/gosafe.rs\/en\/wp-json\/wp\/v2\/product\/29679","targetHints":{"allow":["GET"]}}],"collection":[{"href":"https:\/\/gosafe.rs\/en\/wp-json\/wp\/v2\/product"}],"about":[{"href":"https:\/\/gosafe.rs\/en\/wp-json\/wp\/v2\/types\/product"}],"replies":[{"embeddable":true,"href":"https:\/\/gosafe.rs\/en\/wp-json\/wp\/v2\/comments?post=29679"}],"version-history":[{"count":1,"href":"https:\/\/gosafe.rs\/en\/wp-json\/wp\/v2\/product\/29679\/revisions"}],"predecessor-version":[{"id":29680,"href":"https:\/\/gosafe.rs\/en\/wp-json\/wp\/v2\/product\/29679\/revisions\/29680"}],"wp:featuredmedia":[{"embeddable":true,"href":"https:\/\/gosafe.rs\/en\/wp-json\/wp\/v2\/media\/29602"}],"wp:attachment":[{"href":"https:\/\/gosafe.rs\/en\/wp-json\/wp\/v2\/media?parent=29679"}],"wp:term":[{"taxonomy":"product_brand","embeddable":true,"href":"https:\/\/gosafe.rs\/en\/wp-json\/wp\/v2\/product_brand?post=29679"},{"taxonomy":"product_cat","embeddable":true,"href":"https:\/\/gosafe.rs\/en\/wp-json\/wp\/v2\/product_cat?post=29679"},{"taxonomy":"product_tag","embeddable":true,"href":"https:\/\/gosafe.rs\/en\/wp-json\/wp\/v2\/product_tag?post=29679"}],"curies":[{"name":"wp","href":"https:\/\/api.w.org\/{rel}","templated":true}]}}