{"id":29713,"date":"2025-05-12T22:52:23","date_gmt":"2025-05-12T21:52:23","guid":{"rendered":"https:\/\/gosafe.rs\/?post_type=product&#038;p=29713"},"modified":"2025-05-24T09:09:35","modified_gmt":"2025-05-24T08:09:35","slug":"prenosna-celicna-kutija-za-grupno-zakljucavanje","status":"publish","type":"product","link":"https:\/\/gosafe.rs\/en\/proizvod\/prenosna-celicna-kutija-za-grupno-zakljucavanje\/","title":{"rendered":"Prenosna \u010deli\u010dna kutija za grupno zaklju\u010davanje"},"content":{"rendered":"","protected":false},"excerpt":{"rendered":"<p class=\"text-justify\">Prenosna \u010deli\u010dna kutija za grupno zaklju\u010davanje \u0161irine 169mm i<br \/>\nvisine 324mm<\/p>\n","protected":false},"featured_media":29562,"comment_status":"open","ping_status":"closed","template":"","meta":{"_crdt_document":""},"product_brand":[],"product_cat":[164],"product_tag":[],"class_list":{"0":"post-29713","1":"product","2":"type-product","3":"status-publish","4":"has-post-thumbnail","6":"product_cat-kutije","7":"pa_brend-masterlock","9":"first","10":"instock","11":"taxable","12":"shipping-taxable","13":"purchasable","14":"product-type-simple"},"_links":{"self":[{"href":"https:\/\/gosafe.rs\/en\/wp-json\/wp\/v2\/product\/29713","targetHints":{"allow":["GET"]}}],"collection":[{"href":"https:\/\/gosafe.rs\/en\/wp-json\/wp\/v2\/product"}],"about":[{"href":"https:\/\/gosafe.rs\/en\/wp-json\/wp\/v2\/types\/product"}],"replies":[{"embeddable":true,"href":"https:\/\/gosafe.rs\/en\/wp-json\/wp\/v2\/comments?post=29713"}],"version-history":[{"count":1,"href":"https:\/\/gosafe.rs\/en\/wp-json\/wp\/v2\/product\/29713\/revisions"}],"predecessor-version":[{"id":29714,"href":"https:\/\/gosafe.rs\/en\/wp-json\/wp\/v2\/product\/29713\/revisions\/29714"}],"wp:featuredmedia":[{"embeddable":true,"href":"https:\/\/gosafe.rs\/en\/wp-json\/wp\/v2\/media\/29562"}],"wp:attachment":[{"href":"https:\/\/gosafe.rs\/en\/wp-json\/wp\/v2\/media?parent=29713"}],"wp:term":[{"taxonomy":"product_brand","embeddable":true,"href":"https:\/\/gosafe.rs\/en\/wp-json\/wp\/v2\/product_brand?post=29713"},{"taxonomy":"product_cat","embeddable":true,"href":"https:\/\/gosafe.rs\/en\/wp-json\/wp\/v2\/product_cat?post=29713"},{"taxonomy":"product_tag","embeddable":true,"href":"https:\/\/gosafe.rs\/en\/wp-json\/wp\/v2\/product_tag?post=29713"}],"curies":[{"name":"wp","href":"https:\/\/api.w.org\/{rel}","templated":true}]}}