{"id":29855,"date":"2025-05-28T08:05:40","date_gmt":"2025-05-28T07:05:40","guid":{"rendered":"https:\/\/gosafe.rs\/?post_type=product&#038;p=29855"},"modified":"2026-03-26T23:31:42","modified_gmt":"2026-03-26T22:31:42","slug":"zastitne-cipele-b1007-k-energy-s3-hro-src","status":"publish","type":"product","link":"https:\/\/gosafe.rs\/en\/proizvod\/zastitne-cipele-b1007-k-energy-s3-hro-src\/","title":{"rendered":"Zastitne cipele B1007 &#8211; K-Energy S3 HRO SRC"},"content":{"rendered":"\t\t<div data-elementor-type=\"product-post\" data-elementor-id=\"29855\" class=\"elementor elementor-29855\" data-elementor-post-type=\"product\">\n\t\t\t\t<div class=\"wd-negative-gap elementor-element elementor-element-cc258ab e-flex e-con-boxed e-con e-parent\" data-id=\"cc258ab\" data-element_type=\"container\" data-e-type=\"container\">\n\t\t\t\t\t<div class=\"e-con-inner\">\n\t\t\t\t<div class=\"elementor-element elementor-element-1b325a8 elementor-widget elementor-widget-wd_text_block\" data-id=\"1b325a8\" data-element_type=\"widget\" data-e-type=\"widget\" data-widget_type=\"wd_text_block.default\">\n\t\t\t\t<div class=\"elementor-widget-container\">\n\t\t\t\t\t\t\t<div class=\"wd-text-block reset-last-child text-left\">\n\t\t\t\n\t\t\t<h3>Karakteristike<\/h3><ul><li>Antistatik obu\u0107a<\/li><li>Vodoodbojno gornji\u0161te spe\u010dava prodor vode<\/li><li>Za\u0161titna kapa otporna na 200 d\u017eula<\/li><li>\u0110on otporan na probijanje<\/li><li>\u0160ok apsorpcija u predelu pete<\/li><li>Otporno na toplotu do 300\u00b0C 1 minut<\/li><li>Otporno na hidrokarbonate<\/li><li>Mu\u0161ka \u0161irina<\/li><li>\u017denska \u0161irina<\/li><li>Ortopedski napravljeno za merenje stopala, u skladu sa evropskom normom DGUV112-191<\/li><\/ul><h3>Materijali<\/h3><p><br \/><strong>Gornji\u0161te<\/strong>: Vodootporan tekstil<br \/><strong>Postava<\/strong>: SmellStop Antiodor i Antibacterial*<br \/><strong>Me\u0111u\u0111on<\/strong>: Fresh\u2019n Flex<br \/><strong>Za\u0161titna kapa<\/strong>: Aluminijum<br \/><strong>\u0110on<\/strong>: Air Tech dvostruke gustine PU\/HRO guma i-daptive\u00ae tehnologija<\/p>\n\t\t\t\t\t<\/div>\n\t\t\t\t\t\t<\/div>\n\t\t\t\t<\/div>\n\t\t\t\t\t<\/div>\n\t\t\t\t<\/div>\n\t\t\t\t<\/div>\n\t\t","protected":false},"excerpt":{"rendered":"<p class=\"text-left\">Za\u0161titne cipele B1007 K-Energy kombinuju vrhunsku za\u0161titu i udobnost. Aluminijumska kapa, antibakterijska postava, Fresh\u2019n Flex me\u0111u\u0111on i otporan \u0111on \u010dine ih savr\u0161enim izborom za zahtevne radne uslove. Prilago\u0111ene i za ortopedske ulo\u0161ke<\/p>\n","protected":false},"featured_media":29853,"comment_status":"open","ping_status":"closed","template":"","meta":{"_crdt_document":""},"product_brand":[],"product_cat":[166,167,260],"product_tag":[],"class_list":{"0":"post-29855","1":"product","2":"type-product","3":"status-publish","4":"has-post-thumbnail","6":"product_cat-zastitna_obuca","7":"product_cat-cipele","8":"product_cat-plitke","9":"pa_boja-plava","10":"pa_boja-siva","11":"pa_brend-portwest","13":"first","14":"instock","15":"taxable","16":"shipping-taxable","17":"purchasable","18":"product-type-variable"},"_links":{"self":[{"href":"https:\/\/gosafe.rs\/en\/wp-json\/wp\/v2\/product\/29855","targetHints":{"allow":["GET"]}}],"collection":[{"href":"https:\/\/gosafe.rs\/en\/wp-json\/wp\/v2\/product"}],"about":[{"href":"https:\/\/gosafe.rs\/en\/wp-json\/wp\/v2\/types\/product"}],"replies":[{"embeddable":true,"href":"https:\/\/gosafe.rs\/en\/wp-json\/wp\/v2\/comments?post=29855"}],"version-history":[{"count":9,"href":"https:\/\/gosafe.rs\/en\/wp-json\/wp\/v2\/product\/29855\/revisions"}],"predecessor-version":[{"id":30006,"href":"https:\/\/gosafe.rs\/en\/wp-json\/wp\/v2\/product\/29855\/revisions\/30006"}],"wp:featuredmedia":[{"embeddable":true,"href":"https:\/\/gosafe.rs\/en\/wp-json\/wp\/v2\/media\/29853"}],"wp:attachment":[{"href":"https:\/\/gosafe.rs\/en\/wp-json\/wp\/v2\/media?parent=29855"}],"wp:term":[{"taxonomy":"product_brand","embeddable":true,"href":"https:\/\/gosafe.rs\/en\/wp-json\/wp\/v2\/product_brand?post=29855"},{"taxonomy":"product_cat","embeddable":true,"href":"https:\/\/gosafe.rs\/en\/wp-json\/wp\/v2\/product_cat?post=29855"},{"taxonomy":"product_tag","embeddable":true,"href":"https:\/\/gosafe.rs\/en\/wp-json\/wp\/v2\/product_tag?post=29855"}],"curies":[{"name":"wp","href":"https:\/\/api.w.org\/{rel}","templated":true}]}}