{"id":29876,"date":"2025-05-28T09:09:26","date_gmt":"2025-05-28T08:09:26","guid":{"rendered":"https:\/\/gosafe.rs\/?post_type=product&#038;p=29876"},"modified":"2026-03-26T23:31:34","modified_gmt":"2026-03-26T22:31:34","slug":"zastitne-cipele-b1704d-new-york-s1ps-esd-lg-sc-fo-sr-crna-zelena","status":"publish","type":"product","link":"https:\/\/gosafe.rs\/en\/proizvod\/zastitne-cipele-b1704d-new-york-s1ps-esd-lg-sc-fo-sr-crna-zelena\/","title":{"rendered":"Zastitne cipele B1704D &#8211; New York S1PS ESD LG SC FO SR Crna\/Zelena"},"content":{"rendered":"\t\t<div data-elementor-type=\"product-post\" data-elementor-id=\"29876\" class=\"elementor elementor-29876\" data-elementor-post-type=\"product\">\n\t\t\t\t<div class=\"wd-negative-gap elementor-element elementor-element-cc258ab e-flex e-con-boxed e-con e-parent\" data-id=\"cc258ab\" data-element_type=\"container\" data-e-type=\"container\">\n\t\t\t\t\t<div class=\"e-con-inner\">\n\t\t\t\t<div class=\"elementor-element elementor-element-1b325a8 elementor-widget elementor-widget-wd_text_block\" data-id=\"1b325a8\" data-element_type=\"widget\" data-e-type=\"widget\" data-widget_type=\"wd_text_block.default\">\n\t\t\t\t<div class=\"elementor-widget-container\">\n\t\t\t\t\t\t\t<div class=\"wd-text-block reset-last-child text-left\">\n\t\t\t\n\t\t\t<h3>Karakteristike<\/h3><ul><li>Za\u0161titna kapa otporna na 200 d\u017eula<\/li><li>Antistatik obu\u0107a<\/li><li>\u0160ok apsorpcija u predelu pete<\/li><li>Otpornost na probijanje 3 mm<\/li><li>Za\u0161titna kapa<\/li><li>Dr\u0161ke za merdevine<\/li><li>Pogodno za upotrebu u ESD okru\u017eenjima<\/li><li>Bez metala<\/li><li>VEGAN FRIENDLY ZA\u0160TITNA OBU\u0106A<\/li><li>\u017denska \u0161irina 10,5<\/li><li>Mu\u0161ka \u0161irina 12<\/li><li>Za\u0161tita elektronskih ure\u0111aja od elektrostati\u010dkog pra\u017enjenja<br \/>SR - otpornost na klizanje kerami\u010dke plo\u010dice i glicerin<\/li><\/ul><h3>Materijali<\/h3><p><strong>Gornji\u0161te<\/strong>: TEHNI\u010cKA TKANINA<br \/><strong>Postava<\/strong>: Hi-tech 3D tkanina<br \/><strong>Me\u0111u\u0111on<\/strong>: TPU<br \/><strong>Za\u0161titna kapa<\/strong>: SlimCap<br \/><strong>\u0110on<\/strong>: AirTech protiv zamora + Tpu-Skin<\/p><h3><strong>Tehnologije<\/strong><\/h3><p><br \/>HIFLAP: Inovativna HIFLAP tehnologija se sastoji od dva krilca koja rade nezavisno kako bi olak\u0161ali kretanje i garantovali stabilnost u svakom polo\u017eaju.<br \/>Dry\u2019n Air Comfort Cub3: prozra\u010dnost, lakoc\u0301a i amortizacija pri maksimalnoj snazi.\u200b<\/p>\n\t\t\t\t\t<\/div>\n\t\t\t\t\t\t<\/div>\n\t\t\t\t<\/div>\n\t\t\t\t\t<\/div>\n\t\t\t\t<\/div>\n\t\t\t\t<\/div>\n\t\t","protected":false},"excerpt":{"rendered":"<p class=\"text-left\">RUN@WORK New York za\u0161titne cipele sa gornji\u0161tem od tehni\u010dke tkanine i SmellStop antibaterijskom postavom protiv neprijatnih mirisa, koja spre\u010dava razmno\u017eavanje mikroorganizama odgovornih za lo\u0161e mirise i mikozu. Poseduju novi Fresh&#8217;n Flex Plus Super Light ultra laki umetak visokih performansi, otporan na probijanje. SlimCap za\u0161titna kapa debljine svega 6,5 mm je laganija i udobnija od \u010deli\u010dne za\u0161titne kape.\u200b AirTech+Tpu-Skin \u0111on protiv zamora sa gaze\u0107im slojem smanjene debljine koji nudi vec\u0301u elasti\u010dnost i pru\u017ea trajni efekat amortizacije.<\/p>\n","protected":false},"featured_media":29851,"comment_status":"open","ping_status":"closed","template":"","meta":{"_crdt_document":""},"product_brand":[],"product_cat":[166,167,260],"product_tag":[],"class_list":{"0":"post-29876","1":"product","2":"type-product","3":"status-publish","4":"has-post-thumbnail","6":"product_cat-zastitna_obuca","7":"product_cat-cipele","8":"product_cat-plitke","9":"pa_boja-crna","10":"pa_boja-zelena","11":"pa_brend-portwest","13":"first","14":"instock","15":"taxable","16":"shipping-taxable","17":"purchasable","18":"product-type-variable"},"_links":{"self":[{"href":"https:\/\/gosafe.rs\/en\/wp-json\/wp\/v2\/product\/29876","targetHints":{"allow":["GET"]}}],"collection":[{"href":"https:\/\/gosafe.rs\/en\/wp-json\/wp\/v2\/product"}],"about":[{"href":"https:\/\/gosafe.rs\/en\/wp-json\/wp\/v2\/types\/product"}],"replies":[{"embeddable":true,"href":"https:\/\/gosafe.rs\/en\/wp-json\/wp\/v2\/comments?post=29876"}],"version-history":[{"count":9,"href":"https:\/\/gosafe.rs\/en\/wp-json\/wp\/v2\/product\/29876\/revisions"}],"predecessor-version":[{"id":29904,"href":"https:\/\/gosafe.rs\/en\/wp-json\/wp\/v2\/product\/29876\/revisions\/29904"}],"wp:featuredmedia":[{"embeddable":true,"href":"https:\/\/gosafe.rs\/en\/wp-json\/wp\/v2\/media\/29851"}],"wp:attachment":[{"href":"https:\/\/gosafe.rs\/en\/wp-json\/wp\/v2\/media?parent=29876"}],"wp:term":[{"taxonomy":"product_brand","embeddable":true,"href":"https:\/\/gosafe.rs\/en\/wp-json\/wp\/v2\/product_brand?post=29876"},{"taxonomy":"product_cat","embeddable":true,"href":"https:\/\/gosafe.rs\/en\/wp-json\/wp\/v2\/product_cat?post=29876"},{"taxonomy":"product_tag","embeddable":true,"href":"https:\/\/gosafe.rs\/en\/wp-json\/wp\/v2\/product_tag?post=29876"}],"curies":[{"name":"wp","href":"https:\/\/api.w.org\/{rel}","templated":true}]}}