{"id":29908,"date":"2025-05-28T10:12:39","date_gmt":"2025-05-28T09:12:39","guid":{"rendered":"https:\/\/gosafe.rs\/?post_type=product&#038;p=29908"},"modified":"2026-03-26T23:31:25","modified_gmt":"2026-03-26T22:31:25","slug":"zastitne-cipele-b1713a-helsinki-s7s-esd-lg-sc-fo-sr-boa","status":"publish","type":"product","link":"https:\/\/gosafe.rs\/en\/proizvod\/zastitne-cipele-b1713a-helsinki-s7s-esd-lg-sc-fo-sr-boa\/","title":{"rendered":"Za\u0161titne cipele B1713A &#8211; Helsinki S7S ESD LG SC FO SR BOA"},"content":{"rendered":"\t\t<div data-elementor-type=\"product-post\" data-elementor-id=\"29908\" class=\"elementor elementor-29908\" data-elementor-post-type=\"product\">\n\t\t\t\t<div class=\"wd-negative-gap elementor-element elementor-element-cc258ab e-flex e-con-boxed e-con e-parent\" data-id=\"cc258ab\" data-element_type=\"container\" data-e-type=\"container\">\n\t\t\t\t\t<div class=\"e-con-inner\">\n\t\t\t\t<div class=\"elementor-element elementor-element-1b325a8 elementor-widget elementor-widget-wd_text_block\" data-id=\"1b325a8\" data-element_type=\"widget\" data-e-type=\"widget\" data-widget_type=\"wd_text_block.default\">\n\t\t\t\t<div class=\"elementor-widget-container\">\n\t\t\t\t\t\t\t<div class=\"wd-text-block reset-last-child text-left\">\n\t\t\t\n\t\t\t<h3>Karakteristike<\/h3><ul><li>Za\u0161titna kapa otporna na 200 d\u017eula<\/li><li>\u0160ok apsorpcija u predelu pete<\/li><li>Antistatik obu\u0107a<\/li><li>Otpornost na probijanje 3 mm<\/li><li>WPA - prodiranje vode i upijanje gornji\u0161ta<\/li><li>Vodootporna konstrukcija<\/li><li>Pogodno za upotrebu u ESD okru\u017eenjima<\/li><li>Podr\u0161ka za merdevine<\/li><li>Za\u0161titna kapa<\/li><li>\u0110on otporan na klizanje, ulja i naftne derivate<\/li><li>SR - otpornost na klizanje kerami\u010dke plo\u010dice i glicerin<\/li><li>\u017denska \u0161irina 10,5<\/li><li>Mu\u0161ka \u0161irina 12<\/li><li>Ortopedski napravljeno za merenje stopala, u skladu sa evropskom normom DGUV112-191<\/li><li>VEGAN FRIENDLY ZA\u0160TITNA OBU\u0106A<\/li><\/ul><h3>Materijali<\/h3><p><strong>Gornji\u0161te<\/strong>: Vodoodbojni mikrofiber<br \/><strong>Postava:<\/strong> SmellStop protiv neprijatnih mirisa i antibakterijski*<br \/><strong>Za\u0161titna kapa:<\/strong> SlimCap<br \/><strong>\u0110on:<\/strong> AirTech protiv zamora + Tpu-Skin<\/p>\n\t\t\t\t\t<\/div>\n\t\t\t\t\t\t<\/div>\n\t\t\t\t<\/div>\n\t\t\t\t\t<\/div>\n\t\t\t\t<\/div>\n\t\t\t\t<\/div>\n\t\t","protected":false},"excerpt":{"rendered":"<p class=\"text-left\">Plitke za\u0161titne cipele u crno-limeta kombinaciji pru\u017eaju maksimalnu za\u0161titu i udobnost. Opremljene SlimCap za\u0161titnom kapom, antibakterijskom SmellStop postavom i Fresh\u2019n Flex ultra laganim ulo\u0161kom otpornim na probijanje. AirTech \u0111on osigurava protivklizna svojstva, dok H2Stop membrana \u0161titi od vode. Prilago\u0111ene za ESD okru\u017eenja i ortopedske ulo\u0161ke.<\/p>\n","protected":false},"featured_media":29849,"comment_status":"open","ping_status":"closed","template":"","meta":{"_crdt_document":""},"product_brand":[],"product_cat":[166,167,260],"product_tag":[],"class_list":{"0":"post-29908","1":"product","2":"type-product","3":"status-publish","4":"has-post-thumbnail","6":"product_cat-zastitna_obuca","7":"product_cat-cipele","8":"product_cat-plitke","9":"pa_boja-crna","10":"pa_boja-zelena","11":"pa_brend-portwest","13":"first","14":"instock","15":"taxable","16":"shipping-taxable","17":"purchasable","18":"product-type-variable"},"_links":{"self":[{"href":"https:\/\/gosafe.rs\/en\/wp-json\/wp\/v2\/product\/29908","targetHints":{"allow":["GET"]}}],"collection":[{"href":"https:\/\/gosafe.rs\/en\/wp-json\/wp\/v2\/product"}],"about":[{"href":"https:\/\/gosafe.rs\/en\/wp-json\/wp\/v2\/types\/product"}],"replies":[{"embeddable":true,"href":"https:\/\/gosafe.rs\/en\/wp-json\/wp\/v2\/comments?post=29908"}],"version-history":[{"count":6,"href":"https:\/\/gosafe.rs\/en\/wp-json\/wp\/v2\/product\/29908\/revisions"}],"predecessor-version":[{"id":29950,"href":"https:\/\/gosafe.rs\/en\/wp-json\/wp\/v2\/product\/29908\/revisions\/29950"}],"wp:featuredmedia":[{"embeddable":true,"href":"https:\/\/gosafe.rs\/en\/wp-json\/wp\/v2\/media\/29849"}],"wp:attachment":[{"href":"https:\/\/gosafe.rs\/en\/wp-json\/wp\/v2\/media?parent=29908"}],"wp:term":[{"taxonomy":"product_brand","embeddable":true,"href":"https:\/\/gosafe.rs\/en\/wp-json\/wp\/v2\/product_brand?post=29908"},{"taxonomy":"product_cat","embeddable":true,"href":"https:\/\/gosafe.rs\/en\/wp-json\/wp\/v2\/product_cat?post=29908"},{"taxonomy":"product_tag","embeddable":true,"href":"https:\/\/gosafe.rs\/en\/wp-json\/wp\/v2\/product_tag?post=29908"}],"curies":[{"name":"wp","href":"https:\/\/api.w.org\/{rel}","templated":true}]}}