{"id":29930,"date":"2025-05-28T10:28:22","date_gmt":"2025-05-28T09:28:22","guid":{"rendered":"https:\/\/gosafe.rs\/?post_type=product&#038;p=29930"},"modified":"2026-03-26T23:31:15","modified_gmt":"2026-03-26T22:31:15","slug":"zastitne-cipele-b1711a-athens-s3s-esd-sc-lg-fo-sr","status":"publish","type":"product","link":"https:\/\/gosafe.rs\/en\/proizvod\/zastitne-cipele-b1711a-athens-s3s-esd-sc-lg-fo-sr\/","title":{"rendered":"Za\u0161titne cipele B1711A &#8211; Athens S3S ESD SC LG FO SR"},"content":{"rendered":"\t\t<div data-elementor-type=\"product-post\" data-elementor-id=\"29930\" class=\"elementor elementor-29930\" data-elementor-post-type=\"product\">\n\t\t\t\t<div class=\"wd-negative-gap elementor-element elementor-element-cc258ab e-flex e-con-boxed e-con e-parent\" data-id=\"cc258ab\" data-element_type=\"container\" data-e-type=\"container\">\n\t\t\t\t\t<div class=\"e-con-inner\">\n\t\t\t\t<div class=\"elementor-element elementor-element-1b325a8 elementor-widget elementor-widget-wd_text_block\" data-id=\"1b325a8\" data-element_type=\"widget\" data-e-type=\"widget\" data-widget_type=\"wd_text_block.default\">\n\t\t\t\t<div class=\"elementor-widget-container\">\n\t\t\t\t\t\t\t<div class=\"wd-text-block reset-last-child text-left\">\n\t\t\t\n\t\t\t<h3>Karakteristike<\/h3><ul><li>Za\u0161titna kapa otporna na 200 d\u017eula<\/li><li>Antistatik obu\u0107a<\/li><li>\u0160ok apsorpcija u predelu pete<\/li><li>Pogodno za upotrebu u ESD okru\u017eenjima<\/li><li>Otporno na vodu<\/li><li>Za\u0161titna kapa<\/li><li>Otpornost na probijanje 3 mm<\/li><li>Dr\u0161ke za merdevine<\/li><li>\u0110on otporan na klizanje, ulja i naftne derivate<\/li><li>Bez metala<\/li><li>VEGAN FRIENDLY ZA\u0160TITNA OBU\u0106A<\/li><li>\u017denska \u0161irina 10,5<\/li><li>Mu\u0161ka \u0161irina 12<\/li><li>SR - otpornost na klizanje kerami\u010dke plo\u010dice i glicerin<\/li><li>Otporno na hidrokarbonate<\/li><li>WPA - prodiranje vode i upijanje gornji\u0161ta<\/li><li>Bez \u017eivotinjskih komponenti<\/li><\/ul><h3>Materijali<\/h3><p><strong>Gornji\u0161te<\/strong>: Mikrofiber<br \/><strong>Postava<\/strong>: Hi-tech 3D tkanina<br \/><strong>Me\u0111u\u0111on:<\/strong> TPU<br \/><strong>Za\u0161titna kapa:<\/strong> SlimCap<br \/><strong>\u0110on:<\/strong> AirTech protiv zamora + Tpu-Skin<\/p><h3>Tehnologije<\/h3><p>HIFLAP: Inovativna HIFLAP tehnologija se sastoji od dva krilca koja rade nezavisno kako bi olak\u0161ali kretanje i garantovali stabilnost u svakom polo\u017eaju.<br \/>Dry'n Air Comfort Cub3: prozra\u010dnost, lakoc\u0301a i amortizacija pri maksimalnoj snazi.\u200b<\/p>\n\t\t\t\t\t<\/div>\n\t\t\t\t\t\t<\/div>\n\t\t\t\t<\/div>\n\t\t\t\t\t<\/div>\n\t\t\t\t<\/div>\n\t\t\t\t<\/div>\n\t\t","protected":false},"excerpt":{"rendered":"<p class=\"text-left\">RUN@WORK Athens B1711A su za\u0161titne cipele visokih performansi, izra\u0111ene od vodoodbojnog mikrofibera i opremljene SlimCap kapom, antibakterijskom SmellStop postavom i ultra laganim Fresh\u2019n Flex Plus ulo\u0161kom. \u0110on AirTech + Tpu-Skin pru\u017ea maksimalnu udobnost i otpornost na klizanje, dok ESD za\u0161tita i HIFLAP tehnologija osiguravaju sigurnost i stabilnost tokom rada. Pogodne za profesionalce koji tra\u017ee udobnost, sigurnost i trajnost.<\/p>\n","protected":false},"featured_media":29847,"comment_status":"open","ping_status":"closed","template":"","meta":{"_crdt_document":""},"product_brand":[],"product_cat":[166,167,260],"product_tag":[],"class_list":{"0":"post-29930","1":"product","2":"type-product","3":"status-publish","4":"has-post-thumbnail","6":"product_cat-zastitna_obuca","7":"product_cat-cipele","8":"product_cat-plitke","9":"pa_boja-crna","10":"pa_boja-zelena","11":"pa_brend-portwest","13":"first","14":"instock","15":"taxable","16":"shipping-taxable","17":"purchasable","18":"product-type-variable"},"_links":{"self":[{"href":"https:\/\/gosafe.rs\/en\/wp-json\/wp\/v2\/product\/29930","targetHints":{"allow":["GET"]}}],"collection":[{"href":"https:\/\/gosafe.rs\/en\/wp-json\/wp\/v2\/product"}],"about":[{"href":"https:\/\/gosafe.rs\/en\/wp-json\/wp\/v2\/types\/product"}],"replies":[{"embeddable":true,"href":"https:\/\/gosafe.rs\/en\/wp-json\/wp\/v2\/comments?post=29930"}],"version-history":[{"count":5,"href":"https:\/\/gosafe.rs\/en\/wp-json\/wp\/v2\/product\/29930\/revisions"}],"predecessor-version":[{"id":29949,"href":"https:\/\/gosafe.rs\/en\/wp-json\/wp\/v2\/product\/29930\/revisions\/29949"}],"wp:featuredmedia":[{"embeddable":true,"href":"https:\/\/gosafe.rs\/en\/wp-json\/wp\/v2\/media\/29847"}],"wp:attachment":[{"href":"https:\/\/gosafe.rs\/en\/wp-json\/wp\/v2\/media?parent=29930"}],"wp:term":[{"taxonomy":"product_brand","embeddable":true,"href":"https:\/\/gosafe.rs\/en\/wp-json\/wp\/v2\/product_brand?post=29930"},{"taxonomy":"product_cat","embeddable":true,"href":"https:\/\/gosafe.rs\/en\/wp-json\/wp\/v2\/product_cat?post=29930"},{"taxonomy":"product_tag","embeddable":true,"href":"https:\/\/gosafe.rs\/en\/wp-json\/wp\/v2\/product_tag?post=29930"}],"curies":[{"name":"wp","href":"https:\/\/api.w.org\/{rel}","templated":true}]}}