{"id":29971,"date":"2025-05-28T11:00:41","date_gmt":"2025-05-28T10:00:41","guid":{"rendered":"https:\/\/gosafe.rs\/?post_type=product&#038;p=29971"},"modified":"2026-03-26T23:30:38","modified_gmt":"2026-03-26T22:30:38","slug":"zastitne-cipele-b1223-i-code-shoe-s1p-esd-src","status":"publish","type":"product","link":"https:\/\/gosafe.rs\/en\/proizvod\/zastitne-cipele-b1223-i-code-shoe-s1p-esd-src\/","title":{"rendered":"Za\u0161titne cipele B1223 &#8211; I-Code Shoe S1P ESD SRC"},"content":{"rendered":"\t\t<div data-elementor-type=\"product-post\" data-elementor-id=\"29971\" class=\"elementor elementor-29971\" data-elementor-post-type=\"product\">\n\t\t\t\t<div class=\"wd-negative-gap elementor-element elementor-element-cc258ab e-flex e-con-boxed e-con e-parent\" data-id=\"cc258ab\" data-element_type=\"container\" data-e-type=\"container\">\n\t\t\t\t\t<div class=\"e-con-inner\">\n\t\t\t\t<div class=\"elementor-element elementor-element-1b325a8 elementor-widget elementor-widget-wd_text_block\" data-id=\"1b325a8\" data-element_type=\"widget\" data-e-type=\"widget\" data-widget_type=\"wd_text_block.default\">\n\t\t\t\t<div class=\"elementor-widget-container\">\n\t\t\t\t\t\t\t<div class=\"wd-text-block reset-last-child text-left\">\n\t\t\t\n\t\t\t<h3>Karakteristike<\/h3><ul><li>Antistatik obu\u0107a<\/li><li>\u0160ok apsorpcija u predelu pete<\/li><li>\u0110on otporan na probijanje<\/li><li>Za\u0161titna kapa otporna na 200 d\u017eula<\/li><li>Otporno na hidrokarbonate<\/li><li>Bez metala<\/li><li>Za\u0161tita elektronskih ure\u0111aja od elektrostati\u010dkog pra\u017enjenja<\/li><li>Mu\u0161ka \u0161irina<\/li><li>\u017denska \u0161irina<\/li><li>BOA\u00ae sistem zatvaranja<\/li><li>Postavljena kragna za dodatnu udobnost<\/li><li>Ortopedski napravljeno za merenje stopala, u skladu sa evropskom normom DGUV112-191<\/li><li>Za\u0161tita preko kape za vec\u0301u otpornost na habanje<\/li><li>Pogodno za upotrebu u ESD okru\u017eenjima<\/li><\/ul><h3>Materijali<\/h3><p><strong>Gornji\u0161te<\/strong>: Mikrofiber<br \/><strong>Postava:<\/strong> SmellStop Antibacterial<br \/><strong>Me\u0111u\u0111on:<\/strong> Fresh\u2019n Flex<br \/><strong>Za\u0161titna<\/strong>\u00a0<strong>kapa:<\/strong> SlimCap<br \/><strong>\u0110on:<\/strong> Nema rizika od pomeranja punjenja jer se vlakna ne mogu kretati izme\u0111u zavarenih pregrada.<\/p>\n\t\t\t\t\t<\/div>\n\t\t\t\t\t\t<\/div>\n\t\t\t\t<\/div>\n\t\t\t\t\t<\/div>\n\t\t\t\t<\/div>\n\t\t\t\t<\/div>\n\t\t","protected":false},"excerpt":{"rendered":"<p data-start=\"413\" data-end=\"836\">Za\u0161titne cipele B1223 I-Code donose savremeni dizajn i naprednu za\u0161titu zahvaljuju\u0107i SlimCap za\u0161titnoj kapi, Fresh\u2019n Flex me\u0111u\u0111onu i antibakterijskoj SmellStop postavi. BOA\u00ae sistem zatvaranja omogu\u0107ava brzo obuvanje i savr\u0161eno pristajanje, dok metal-free konstrukcija i ESD za\u0161tita \u010dine ove cipele idealnim za osetljiva i tehni\u010dka radna okru\u017eenja. Dodatna za\u0161tita preko kape produ\u017eava vek trajanja pri intenzivnoj upotrebi.<\/p>\n","protected":false},"featured_media":29843,"comment_status":"open","ping_status":"closed","template":"","meta":{"_crdt_document":""},"product_brand":[],"product_cat":[166,167,260],"product_tag":[],"class_list":{"0":"post-29971","1":"product","2":"type-product","3":"status-publish","4":"has-post-thumbnail","6":"product_cat-zastitna_obuca","7":"product_cat-cipele","8":"product_cat-plitke","9":"pa_boja-crna","10":"pa_boja-plava","11":"pa_brend-portwest","13":"first","14":"instock","15":"taxable","16":"shipping-taxable","17":"purchasable","18":"product-type-variable"},"_links":{"self":[{"href":"https:\/\/gosafe.rs\/en\/wp-json\/wp\/v2\/product\/29971","targetHints":{"allow":["GET"]}}],"collection":[{"href":"https:\/\/gosafe.rs\/en\/wp-json\/wp\/v2\/product"}],"about":[{"href":"https:\/\/gosafe.rs\/en\/wp-json\/wp\/v2\/types\/product"}],"replies":[{"embeddable":true,"href":"https:\/\/gosafe.rs\/en\/wp-json\/wp\/v2\/comments?post=29971"}],"version-history":[{"count":5,"href":"https:\/\/gosafe.rs\/en\/wp-json\/wp\/v2\/product\/29971\/revisions"}],"predecessor-version":[{"id":29990,"href":"https:\/\/gosafe.rs\/en\/wp-json\/wp\/v2\/product\/29971\/revisions\/29990"}],"wp:featuredmedia":[{"embeddable":true,"href":"https:\/\/gosafe.rs\/en\/wp-json\/wp\/v2\/media\/29843"}],"wp:attachment":[{"href":"https:\/\/gosafe.rs\/en\/wp-json\/wp\/v2\/media?parent=29971"}],"wp:term":[{"taxonomy":"product_brand","embeddable":true,"href":"https:\/\/gosafe.rs\/en\/wp-json\/wp\/v2\/product_brand?post=29971"},{"taxonomy":"product_cat","embeddable":true,"href":"https:\/\/gosafe.rs\/en\/wp-json\/wp\/v2\/product_cat?post=29971"},{"taxonomy":"product_tag","embeddable":true,"href":"https:\/\/gosafe.rs\/en\/wp-json\/wp\/v2\/product_tag?post=29971"}],"curies":[{"name":"wp","href":"https:\/\/api.w.org\/{rel}","templated":true}]}}