{"id":30011,"date":"2025-05-28T11:33:52","date_gmt":"2025-05-28T10:33:52","guid":{"rendered":"https:\/\/gosafe.rs\/?post_type=product&#038;p=30011"},"modified":"2026-03-26T23:30:22","modified_gmt":"2026-03-26T22:30:22","slug":"b1210-i-robox-shoe-s3-ci-esd-src","status":"publish","type":"product","link":"https:\/\/gosafe.rs\/en\/proizvod\/b1210-i-robox-shoe-s3-ci-esd-src\/","title":{"rendered":"Za\u0161titne cipele B1210 &#8211; I-Robox Shoe S3 CI ESD SRC"},"content":{"rendered":"\t\t<div data-elementor-type=\"product-post\" data-elementor-id=\"30011\" class=\"elementor elementor-30011\" data-elementor-post-type=\"product\">\n\t\t\t\t<div class=\"wd-negative-gap elementor-element elementor-element-cc258ab e-flex e-con-boxed e-con e-parent\" data-id=\"cc258ab\" data-element_type=\"container\" data-e-type=\"container\">\n\t\t\t\t\t<div class=\"e-con-inner\">\n\t\t\t\t<div class=\"elementor-element elementor-element-1b325a8 elementor-widget elementor-widget-wd_text_block\" data-id=\"1b325a8\" data-element_type=\"widget\" data-e-type=\"widget\" data-widget_type=\"wd_text_block.default\">\n\t\t\t\t<div class=\"elementor-widget-container\">\n\t\t\t\t\t\t\t<div class=\"wd-text-block reset-last-child text-left\">\n\t\t\t\n\t\t\t<h3>Karakteristike<\/h3><ul><li>Za\u0161tita preko kape za vec\u0301u otpornost na habanje<\/li><li>Postavljena kragna za dodatnu udobnost<\/li><li>Air Tech + TPU-Skin \u0111on protiv zamaranja sa efektom amortizovanja<\/li><li>Antistatik obu\u0107a<\/li><li>\u0160ok apsorpcija u predelu pete<\/li><li>\u0110on otporan na probijanje<\/li><li>Izolacija od hladno\u0107e do -17\u00b0C<\/li><li>Za\u0161titna kapa otporna na 200 d\u017eula<\/li><li>Vodoodbojno gornji\u0161te<\/li><li>Otporno na hidrokarbonate<\/li><li>Za\u0161tita elektronskih ure\u0111aja od elektrostati\u010dkog pra\u017enjenja<\/li><li>Bez metala<\/li><li>Mu\u0161ka \u0161irina<\/li><li>\u017denska \u0161irina<\/li><li>Ortopedski napravljeno za merenje stopala, u skladu sa evropskom normom DGUV112-191<\/li><li>Pogodno za upotrebu u ESD okru\u017eenjima<\/li><\/ul><h3>Materijali<\/h3><p><strong>Gornji\u0161te<\/strong>: Nabutek ko\u017ea<br \/><strong>Postava:<\/strong> SmellStop Antibacterial<br \/><strong>Me\u0111u\u0111on:<\/strong> Fresh\u2019n Flex<br \/><strong>Za\u0161titna kapa:<\/strong> SlimCap<br \/><strong>\u0110on:<\/strong> PU\/TPU<\/p>\n\t\t\t\t\t<\/div>\n\t\t\t\t\t\t<\/div>\n\t\t\t\t<\/div>\n\t\t\t\t\t<\/div>\n\t\t\t\t<\/div>\n\t\t\t\t<\/div>\n\t\t","protected":false},"excerpt":{"rendered":"<p data-start=\"391\" data-end=\"772\">Za\u0161titne cipele B1217 I-Tool izra\u0111ene su od prevrnute ko\u017ee sa antibakterijskom SmellStop postavom i SlimCap za\u0161titnom kapom. Fresh\u2019n Flex me\u0111u\u0111on \u0161titi od probijanja, dok ESD za\u0161tita i ortopedska prilagodljivost po standardu DGUV112-191 obezbe\u0111uju sigurnost i udobnost. Dodatna za\u0161tita preko kape i postavljena kragna \u010dine ih savr\u0161enim za zahtevne radne uslove bez upotrebe metala.<\/p>\n","protected":false},"featured_media":29839,"comment_status":"open","ping_status":"closed","template":"","meta":{"_crdt_document":""},"product_brand":[],"product_cat":[166,167,260],"product_tag":[],"class_list":{"0":"post-30011","1":"product","2":"type-product","3":"status-publish","4":"has-post-thumbnail","6":"product_cat-zastitna_obuca","7":"product_cat-cipele","8":"product_cat-plitke","9":"pa_boja-crno-plava","10":"pa_boja-tamno-siva-svetlo-siva","11":"pa_brend-portwest","13":"first","14":"instock","15":"taxable","16":"shipping-taxable","17":"purchasable","18":"product-type-variable"},"_links":{"self":[{"href":"https:\/\/gosafe.rs\/en\/wp-json\/wp\/v2\/product\/30011","targetHints":{"allow":["GET"]}}],"collection":[{"href":"https:\/\/gosafe.rs\/en\/wp-json\/wp\/v2\/product"}],"about":[{"href":"https:\/\/gosafe.rs\/en\/wp-json\/wp\/v2\/types\/product"}],"replies":[{"embeddable":true,"href":"https:\/\/gosafe.rs\/en\/wp-json\/wp\/v2\/comments?post=30011"}],"version-history":[{"count":5,"href":"https:\/\/gosafe.rs\/en\/wp-json\/wp\/v2\/product\/30011\/revisions"}],"predecessor-version":[{"id":33014,"href":"https:\/\/gosafe.rs\/en\/wp-json\/wp\/v2\/product\/30011\/revisions\/33014"}],"wp:featuredmedia":[{"embeddable":true,"href":"https:\/\/gosafe.rs\/en\/wp-json\/wp\/v2\/media\/29839"}],"wp:attachment":[{"href":"https:\/\/gosafe.rs\/en\/wp-json\/wp\/v2\/media?parent=30011"}],"wp:term":[{"taxonomy":"product_brand","embeddable":true,"href":"https:\/\/gosafe.rs\/en\/wp-json\/wp\/v2\/product_brand?post=30011"},{"taxonomy":"product_cat","embeddable":true,"href":"https:\/\/gosafe.rs\/en\/wp-json\/wp\/v2\/product_cat?post=30011"},{"taxonomy":"product_tag","embeddable":true,"href":"https:\/\/gosafe.rs\/en\/wp-json\/wp\/v2\/product_tag?post=30011"}],"curies":[{"name":"wp","href":"https:\/\/api.w.org\/{rel}","templated":true}]}}