{"id":30077,"date":"2025-05-28T12:18:51","date_gmt":"2025-05-28T11:18:51","guid":{"rendered":"https:\/\/gosafe.rs\/?post_type=product&#038;p=30077"},"modified":"2026-03-26T23:29:21","modified_gmt":"2026-03-26T22:29:21","slug":"zastitne-cipele-b1004-k-step-k-speed-k-move-k-start-s1p-hro-src","status":"publish","type":"product","link":"https:\/\/gosafe.rs\/en\/proizvod\/zastitne-cipele-b1004-k-step-k-speed-k-move-k-start-s1p-hro-src\/","title":{"rendered":"Za\u0161titne cipele B1004 &#8211; K-Step\/K-Speed\/K-Move\/K-Start S1P HRO SRC"},"content":{"rendered":"\t\t<div data-elementor-type=\"product-post\" data-elementor-id=\"30077\" class=\"elementor elementor-30077\" data-elementor-post-type=\"product\">\n\t\t\t\t<div class=\"wd-negative-gap elementor-element elementor-element-cc258ab e-flex e-con-boxed e-con e-parent\" data-id=\"cc258ab\" data-element_type=\"container\" data-e-type=\"container\">\n\t\t\t\t\t<div class=\"e-con-inner\">\n\t\t\t\t<div class=\"elementor-element elementor-element-1b325a8 elementor-widget elementor-widget-wd_text_block\" data-id=\"1b325a8\" data-element_type=\"widget\" data-e-type=\"widget\" data-widget_type=\"wd_text_block.default\">\n\t\t\t\t<div class=\"elementor-widget-container\">\n\t\t\t\t\t\t\t<div class=\"wd-text-block reset-last-child text-left\">\n\t\t\t\n\t\t\t<h3>Karakteristike<\/h3><ul><li>Antistatik obu\u0107a<\/li><li>Za\u0161titna kapa otporna na 200 d\u017eula<\/li><li>\u0110on otporan na probijanje<\/li><li>\u0160ok apsorpcija u predelu pete<\/li><li>Otporno na toplotu do 300\u00b0C 1 minut<\/li><li>Otporno na hidrokarbonate<\/li><li>Mu\u0161ka \u0161irina<\/li><li>\u017denska \u0161irina<\/li><li>Ortopedski napravljeno za merenje stopala, u skladu sa evropskom normom DGUV112-191<\/li><\/ul><h3>Materijali<\/h3><p><strong>Gornji\u0161te:<\/strong> Prozra\u010dna tkanina<br \/><strong>Postava:<\/strong> SmellStop Antiodor i Antibacterial*<br \/><strong>Me\u0111u\u0111on:<\/strong> Fresh\u2019n Flex<br \/><strong>Za\u0161titna<\/strong>\u00a0<strong>kapa:<\/strong> Aluminijum<br \/><strong>\u0110on:<\/strong> Air Tech dvostruke gustine PU\/HRO guma i-daptive\u00ae tehnologija<\/p>\n\t\t\t\t\t<\/div>\n\t\t\t\t\t\t<\/div>\n\t\t\t\t<\/div>\n\t\t\t\t\t<\/div>\n\t\t\t\t<\/div>\n\t\t\t\t<\/div>\n\t\t","protected":false},"excerpt":{"rendered":"<p data-start=\"391\" data-end=\"772\">Za\u0161titne cipele B1004 iz serije K-Step \/ K-Speed \/ K-Move \/ K-Start pru\u017eaju visok nivo za\u0161tite i komfora. Prozra\u010dno gornji\u0161te u kombinaciji sa antibakterijskom SmellStop postavom i Fresh\u2019n Flex me\u0111u\u0111onom pru\u017ea udobnost i sigurnost tokom celog dana. Aluminijumska za\u0161titna kapa, \u0111on otporan na probijanje i toplotu do 300\u00b0C, kao i i-daptive\u00ae tehnologija \u010dine ovaj model idealnim za zahtevna radna okru\u017eenja.<\/p>\n","protected":false},"featured_media":29831,"comment_status":"open","ping_status":"closed","template":"","meta":{"_crdt_document":""},"product_brand":[],"product_cat":[166,167,260],"product_tag":[],"class_list":{"0":"post-30077","1":"product","2":"type-product","3":"status-publish","4":"has-post-thumbnail","6":"product_cat-zastitna_obuca","7":"product_cat-cipele","8":"product_cat-plitke","9":"pa_brend-portwest","11":"first","12":"instock","13":"taxable","14":"shipping-taxable","15":"purchasable","16":"product-type-variable"},"_links":{"self":[{"href":"https:\/\/gosafe.rs\/en\/wp-json\/wp\/v2\/product\/30077","targetHints":{"allow":["GET"]}}],"collection":[{"href":"https:\/\/gosafe.rs\/en\/wp-json\/wp\/v2\/product"}],"about":[{"href":"https:\/\/gosafe.rs\/en\/wp-json\/wp\/v2\/types\/product"}],"replies":[{"embeddable":true,"href":"https:\/\/gosafe.rs\/en\/wp-json\/wp\/v2\/comments?post=30077"}],"version-history":[{"count":5,"href":"https:\/\/gosafe.rs\/en\/wp-json\/wp\/v2\/product\/30077\/revisions"}],"predecessor-version":[{"id":30096,"href":"https:\/\/gosafe.rs\/en\/wp-json\/wp\/v2\/product\/30077\/revisions\/30096"}],"wp:featuredmedia":[{"embeddable":true,"href":"https:\/\/gosafe.rs\/en\/wp-json\/wp\/v2\/media\/29831"}],"wp:attachment":[{"href":"https:\/\/gosafe.rs\/en\/wp-json\/wp\/v2\/media?parent=30077"}],"wp:term":[{"taxonomy":"product_brand","embeddable":true,"href":"https:\/\/gosafe.rs\/en\/wp-json\/wp\/v2\/product_brand?post=30077"},{"taxonomy":"product_cat","embeddable":true,"href":"https:\/\/gosafe.rs\/en\/wp-json\/wp\/v2\/product_cat?post=30077"},{"taxonomy":"product_tag","embeddable":true,"href":"https:\/\/gosafe.rs\/en\/wp-json\/wp\/v2\/product_tag?post=30077"}],"curies":[{"name":"wp","href":"https:\/\/api.w.org\/{rel}","templated":true}]}}