{"id":30156,"date":"2025-05-28T13:02:38","date_gmt":"2025-05-28T12:02:38","guid":{"rendered":"https:\/\/gosafe.rs\/?post_type=product&#038;p=30156"},"modified":"2025-07-29T20:06:12","modified_gmt":"2025-07-29T19:06:12","slug":"zastitne-cipele-b1613-t-robust-top-s7s-hro-ci-hi-lg-sc-fo-sr","status":"publish","type":"product","link":"https:\/\/gosafe.rs\/en\/proizvod\/zastitne-cipele-b1613-t-robust-top-s7s-hro-ci-hi-lg-sc-fo-sr\/","title":{"rendered":"Zastitne cipele B1613 &#8211; T-Robust Top S7S HRO CI HI LG SC FO SR"},"content":{"rendered":"\t\t<div data-elementor-type=\"product-post\" data-elementor-id=\"30156\" class=\"elementor elementor-30156\" data-elementor-post-type=\"product\">\n\t\t\t\t<div class=\"wd-negative-gap elementor-element elementor-element-cc258ab e-flex e-con-boxed e-con e-parent\" data-id=\"cc258ab\" data-element_type=\"container\" data-e-type=\"container\">\n\t\t\t\t\t<div class=\"e-con-inner\">\n\t\t\t\t<div class=\"elementor-element elementor-element-1b325a8 elementor-widget elementor-widget-wd_text_block\" data-id=\"1b325a8\" data-element_type=\"widget\" data-e-type=\"widget\" data-widget_type=\"wd_text_block.default\">\n\t\t\t\t<div class=\"elementor-widget-container\">\n\t\t\t\t\t\t\t<div class=\"wd-text-block reset-last-child text-left\">\n\t\t\t\n\t\t\t<h3>Karakteristike<\/h3><ul><li>Mu\u0161ka \u0161irina 12<\/li><li>\u017denska \u0161irina 10,5<\/li><li>Za\u0161titna kapa otporna na 200 d\u017eula<\/li><li>Antistatik obu\u0107a<\/li><li>\u0160ok apsorpcija u predelu pete<\/li><li>WPA - prodiranje vode i upijanje gornji\u0161ta<br \/>Otpornost na probijanje 3 mm<\/li><li>Vodootporna cipela<br \/>Otporno na hidrokarbonate<\/li><li>Otporno na toplotu do 300\u00b0C 1 minut<\/li><li>Izolacija od hladno\u0107e do -17\u00b0C<\/li><li>Toplotna izolacija do 150\u00b0C<\/li><li>BOA\u00ae sistem zatvaranja<\/li><li>Podr\u0161ka za merdevine<\/li><li>Otporno na hidrokarbonate<\/li><li>SR - otpornost na klizanje kerami\u010dke plo\u010dice i glicerin<\/li><\/ul><h3>Materijali<\/h3><p><strong>Gornji\u0161te:<\/strong> Vodoodbojni Nubuck<br \/><strong>Postava:<\/strong> SmellStop Antibacterial<br \/><strong>Za\u0161titna kapa:<\/strong> SlimCap<br \/><strong>\u0110on:<\/strong> Guma<\/p>\n\t\t\t\t\t<\/div>\n\t\t\t\t\t\t<\/div>\n\t\t\t\t<\/div>\n\t\t\t\t\t<\/div>\n\t\t\t\t<\/div>\n\t\t\t\t<\/div>\n\t\t","protected":false},"excerpt":{"rendered":"<p data-start=\"434\" data-end=\"888\">Za\u0161titne cipele B1613 T-Robust visine 21 cm predstavljaju idealan izbor za rad u najte\u017eim uslovima. Gornji\u0161te od vodoodbojne Nabutek ko\u017ee, PRIMALOFT i SmellStop postava za toplotnu i antibakterijsku za\u0161titu, SlimCap kapa i Fortrex me\u0111u\u0111on protiv probijanja. BOA\u00ae sistem zatvaranja omogu\u0107ava brzo i precizno pode\u0161avanje, dok \u0111on pru\u017ea sigurnost na klizavim i toplim povr\u0161inama (do 300\u00b0C). Vodootporne, termoizolovane, bezbedne \u2013 stvorene za profesionalce.<\/p>\n","protected":false},"featured_media":29823,"comment_status":"open","ping_status":"closed","template":"","meta":{"_crdt_document":""},"product_brand":[],"product_cat":[166,209],"product_tag":[],"class_list":{"0":"post-30156","1":"product","2":"type-product","3":"status-publish","4":"has-post-thumbnail","6":"product_cat-zastitna_obuca","7":"product_cat-cizme","8":"pa_boja-crno-plava","9":"pa_brend-portwest","11":"first","12":"instock","13":"taxable","14":"shipping-taxable","15":"purchasable","16":"product-type-variable"},"_links":{"self":[{"href":"https:\/\/gosafe.rs\/en\/wp-json\/wp\/v2\/product\/30156","targetHints":{"allow":["GET"]}}],"collection":[{"href":"https:\/\/gosafe.rs\/en\/wp-json\/wp\/v2\/product"}],"about":[{"href":"https:\/\/gosafe.rs\/en\/wp-json\/wp\/v2\/types\/product"}],"replies":[{"embeddable":true,"href":"https:\/\/gosafe.rs\/en\/wp-json\/wp\/v2\/comments?post=30156"}],"version-history":[{"count":5,"href":"https:\/\/gosafe.rs\/en\/wp-json\/wp\/v2\/product\/30156\/revisions"}],"predecessor-version":[{"id":30185,"href":"https:\/\/gosafe.rs\/en\/wp-json\/wp\/v2\/product\/30156\/revisions\/30185"}],"wp:featuredmedia":[{"embeddable":true,"href":"https:\/\/gosafe.rs\/en\/wp-json\/wp\/v2\/media\/29823"}],"wp:attachment":[{"href":"https:\/\/gosafe.rs\/en\/wp-json\/wp\/v2\/media?parent=30156"}],"wp:term":[{"taxonomy":"product_brand","embeddable":true,"href":"https:\/\/gosafe.rs\/en\/wp-json\/wp\/v2\/product_brand?post=30156"},{"taxonomy":"product_cat","embeddable":true,"href":"https:\/\/gosafe.rs\/en\/wp-json\/wp\/v2\/product_cat?post=30156"},{"taxonomy":"product_tag","embeddable":true,"href":"https:\/\/gosafe.rs\/en\/wp-json\/wp\/v2\/product_tag?post=30156"}],"curies":[{"name":"wp","href":"https:\/\/api.w.org\/{rel}","templated":true}]}}