{"id":30677,"date":"2025-06-03T16:25:04","date_gmt":"2025-06-03T15:25:04","guid":{"rendered":"https:\/\/gosafe.rs\/?post_type=product&#038;p=30677"},"modified":"2026-03-03T09:44:12","modified_gmt":"2026-03-03T08:44:12","slug":"kask-alpinisticki-slem-superplasma","status":"publish","type":"product","link":"https:\/\/gosafe.rs\/en\/proizvod\/kask-alpinisticki-slem-superplasma\/","title":{"rendered":"Kask Alpinisti\u010dki \u0160lem SuperPlasma AQ"},"content":{"rendered":"\t\t<div data-elementor-type=\"product-post\" data-elementor-id=\"30677\" class=\"elementor elementor-30677\" data-elementor-post-type=\"product\">\n\t\t\t\t<div class=\"wd-negative-gap elementor-element elementor-element-4cee8d7 e-flex e-con-boxed e-con e-parent\" data-id=\"4cee8d7\" data-element_type=\"container\" data-e-type=\"container\">\n\t\t\t\t\t<div class=\"e-con-inner\">\n\t\t\t\t<div class=\"elementor-element elementor-element-cefed04 elementor-widget elementor-widget-wd_text_block\" data-id=\"cefed04\" data-element_type=\"widget\" data-e-type=\"widget\" data-widget_type=\"wd_text_block.default\">\n\t\t\t\t<div class=\"elementor-widget-container\">\n\t\t\t\t\t\t\t<div class=\"wd-text-block reset-last-child text-left\">\n\t\t\t\n\t\t\t<h3>Opis<\/h3><p>Dizajnirana sa 10 usisnika za vazduh koji maksimiziraju unutra\u0161nji protok vazduha sa metalnim mre\u017eastim poklopcima za ventilaciju koji spre\u010davaju ulazak prljav\u0161tine.<\/p><p>Sistem za pode\u0161avanje veli\u010dine za maksimalnu stabilnost, jednostavan za kori\u0161c\u0301enje zahvaljujuc\u0301i to\u010dkovima velikog pre\u010dnika.<\/p><p>Narand\u017easta kop\u010da ozna\u010dava da kai\u0161 za bradu ispunjava bezbednosni standard EN 397.<\/p>\n\t\t\t\t\t<\/div>\n\t\t\t\t\t\t<\/div>\n\t\t\t\t<\/div>\n\t\t\t\t\t<\/div>\n\t\t\t\t<\/div>\n\t\t\t\t<\/div>\n\t\t","protected":false},"excerpt":{"rendered":"<p><a href=\"#\" class=\"wg11-popup\" onclick=\"elementorProFrontend.modules.popup.showPopup({ id: 32216 }); return false;\" title=\"KASK WG11 test rotacionog udara rezultat je vi\u0161e od 10 godina razvoja i ispitivanja KASK metoda i merenja rotacionih udara.\"> <img decoding=\"async\" src=\"https:\/\/gosafe.rs\/wp-content\/uploads\/2025\/10\/WG11-3.png\" alt=\"WG11\" style=\"width:60px;cursor:pointer;\" \/> <\/a><br \/>\n<strong><br \/>\n\u2191Kliknuti za vi\u0161e informacija\u2191<\/strong><\/p>\n<p>\u0160lem dizajniran sa ta\u010dkama za pri\u010dvr\u0161c\u0301ivanje KASK dodatne opreme za za\u0161titu o\u010diju i 30 mm EURO prorezima za pri\u010dvr\u0161c\u0301ivanje KASK \u0161titnika za u\u0161i. EN 397<\/p>\n<p>&nbsp;<\/p>\n","protected":false},"featured_media":30678,"comment_status":"open","ping_status":"closed","template":"","meta":{"_crdt_document":""},"product_brand":[],"product_cat":[214,248],"product_tag":[],"class_list":{"0":"post-30677","1":"product","2":"type-product","3":"status-publish","4":"has-post-thumbnail","6":"product_cat-zastita_glave","7":"product_cat-slemovi","8":"pa_boja-bela","9":"pa_boja-crna","10":"pa_boja-crvena","11":"pa_boja-nebo-plava","12":"pa_boja-plava-teget","13":"pa_boja-roze","14":"pa_boja-zelena","15":"pa_boja-zuta","17":"first","18":"instock","19":"taxable","20":"shipping-taxable","21":"purchasable","22":"product-type-variable","23":"has-default-attributes"},"_links":{"self":[{"href":"https:\/\/gosafe.rs\/en\/wp-json\/wp\/v2\/product\/30677","targetHints":{"allow":["GET"]}}],"collection":[{"href":"https:\/\/gosafe.rs\/en\/wp-json\/wp\/v2\/product"}],"about":[{"href":"https:\/\/gosafe.rs\/en\/wp-json\/wp\/v2\/types\/product"}],"replies":[{"embeddable":true,"href":"https:\/\/gosafe.rs\/en\/wp-json\/wp\/v2\/comments?post=30677"}],"version-history":[{"count":55,"href":"https:\/\/gosafe.rs\/en\/wp-json\/wp\/v2\/product\/30677\/revisions"}],"predecessor-version":[{"id":32386,"href":"https:\/\/gosafe.rs\/en\/wp-json\/wp\/v2\/product\/30677\/revisions\/32386"}],"wp:featuredmedia":[{"embeddable":true,"href":"https:\/\/gosafe.rs\/en\/wp-json\/wp\/v2\/media\/30678"}],"wp:attachment":[{"href":"https:\/\/gosafe.rs\/en\/wp-json\/wp\/v2\/media?parent=30677"}],"wp:term":[{"taxonomy":"product_brand","embeddable":true,"href":"https:\/\/gosafe.rs\/en\/wp-json\/wp\/v2\/product_brand?post=30677"},{"taxonomy":"product_cat","embeddable":true,"href":"https:\/\/gosafe.rs\/en\/wp-json\/wp\/v2\/product_cat?post=30677"},{"taxonomy":"product_tag","embeddable":true,"href":"https:\/\/gosafe.rs\/en\/wp-json\/wp\/v2\/product_tag?post=30677"}],"curies":[{"name":"wp","href":"https:\/\/api.w.org\/{rel}","templated":true}]}}