{"id":30735,"date":"2025-06-04T20:20:10","date_gmt":"2025-06-04T19:20:10","guid":{"rendered":"https:\/\/gosafe.rs\/?post_type=product&#038;p=30735"},"modified":"2025-06-17T19:22:24","modified_gmt":"2025-06-17T18:22:24","slug":"naples-polo-majica-aqua-plava","status":"publish","type":"product","link":"https:\/\/gosafe.rs\/en\/proizvod\/naples-polo-majica-aqua-plava\/","title":{"rendered":"Naples polo majica Aqua plava"},"content":{"rendered":"<p>Robusna polo majica napravljena u pique tkanju od poly\/pamuk tkanine koja je mekana i udobna za no\u0161enje. Rebrasta kragna i ranfle na rukavima, tri dugmeta u boji materijala. Idealno za korporativnu upotrebu i personalizaciju.<\/p>\n<p>Karakteristike<br \/>\nMaterijal sa UPF 40+ ocenom blokira 98% UV zraka<br \/>\nDvostruko pro\u0161iveni \u0161avovi za dodatnu izdr\u017eljivost<br \/>\nRebrasti okovratnik i man\u017eetne<br \/>\nOtvaranje pomo\u0107u dugmadi<br \/>\nIdealno za korporativno no\u0161enje i zavr\u0161ne obrade po izboru<br \/>\n\u0160irok i odli\u010dan asortiman boja<br \/>\nProizvedeno od pike polipamu\u010dnog materijala mekog na dodir i udobnog za no\u0161enje<\/p>\n","protected":false},"excerpt":{"rendered":"<p>Robusna polo majica napravljena u pique tkanju od poly\/pamuk tkanine koja je mekana i udobna za no\u0161enje. Rebrasta kragna i<\/p>\n","protected":false},"featured_media":30736,"comment_status":"open","ping_status":"closed","template":"","meta":{"_crdt_document":""},"product_brand":[],"product_cat":[215,154],"product_tag":[],"class_list":{"0":"post-30735","1":"product","2":"type-product","3":"status-publish","4":"has-post-thumbnail","6":"product_cat-radne-majice","7":"product_cat-zastitna-odeca","8":"pa_boja-nebo-plava","9":"pa_boja-plava-teget","11":"first","12":"instock","13":"taxable","14":"shipping-taxable","15":"purchasable","16":"product-type-variable","17":"has-default-attributes"},"_links":{"self":[{"href":"https:\/\/gosafe.rs\/en\/wp-json\/wp\/v2\/product\/30735","targetHints":{"allow":["GET"]}}],"collection":[{"href":"https:\/\/gosafe.rs\/en\/wp-json\/wp\/v2\/product"}],"about":[{"href":"https:\/\/gosafe.rs\/en\/wp-json\/wp\/v2\/types\/product"}],"replies":[{"embeddable":true,"href":"https:\/\/gosafe.rs\/en\/wp-json\/wp\/v2\/comments?post=30735"}],"version-history":[{"count":1,"href":"https:\/\/gosafe.rs\/en\/wp-json\/wp\/v2\/product\/30735\/revisions"}],"predecessor-version":[{"id":30738,"href":"https:\/\/gosafe.rs\/en\/wp-json\/wp\/v2\/product\/30735\/revisions\/30738"}],"wp:featuredmedia":[{"embeddable":true,"href":"https:\/\/gosafe.rs\/en\/wp-json\/wp\/v2\/media\/30736"}],"wp:attachment":[{"href":"https:\/\/gosafe.rs\/en\/wp-json\/wp\/v2\/media?parent=30735"}],"wp:term":[{"taxonomy":"product_brand","embeddable":true,"href":"https:\/\/gosafe.rs\/en\/wp-json\/wp\/v2\/product_brand?post=30735"},{"taxonomy":"product_cat","embeddable":true,"href":"https:\/\/gosafe.rs\/en\/wp-json\/wp\/v2\/product_cat?post=30735"},{"taxonomy":"product_tag","embeddable":true,"href":"https:\/\/gosafe.rs\/en\/wp-json\/wp\/v2\/product_tag?post=30735"}],"curies":[{"name":"wp","href":"https:\/\/api.w.org\/{rel}","templated":true}]}}