{"id":30751,"date":"2025-06-05T13:40:17","date_gmt":"2025-06-05T12:40:17","guid":{"rendered":"https:\/\/gosafe.rs\/?post_type=product&#038;p=30751"},"modified":"2025-06-12T10:29:28","modified_gmt":"2025-06-12T09:29:28","slug":"anti-impact-rukavice-otporne-na-prosecanje-siva-crna","status":"publish","type":"product","link":"https:\/\/gosafe.rs\/en\/proizvod\/anti-impact-rukavice-otporne-na-prosecanje-siva-crna\/","title":{"rendered":"Anti Impact rukavice otporne na prosecanje Siva\/Crna"},"content":{"rendered":"<p>Kombinacija udobnosti, stiska, otpornosti na prosecanje i udarce u udobnoj be\u0161avnoj postavi. Fleksibilni PVC jastu\u010di\u0107i protiv udaraca i oja\u010danje izme\u0111u prstiju radi maksimalne izdr\u017eljivosti. Namenjene za rad u te\u0161kim uslovima.<\/p>\n<p>Karakteristike<br \/>\nCE sertifikovano<br \/>\nANSI Nivo prosecanja A4<br \/>\nOznaka za maloprodaju koja olak\u0161ava promociju proizvoda<br \/>\nProzra\u010dna be\u0161avna postava<br \/>\nDuplomo\u0107eni premaz za izdr\u017eljivost<br \/>\nTraka za ru\u010dni zglob za sigurno prijanjanje<br \/>\nOja\u010dani prevoj kod palca za bolju za\u0161titu i postojanost<br \/>\nPremaz od nitrilne pene za odli\u010dan stisak u vla\u017enim i suvim uslovima<br \/>\nPostava od 13 petlji je izra\u0111ena za izdr\u017eljivost i precizno pristajanje<br \/>\nNivo C otpornost na prosecanje<br \/>\nTPR pod tehnologija za maksimalnu za\u0161titu od udaraca<\/p>\n","protected":false},"excerpt":{"rendered":"<p>Materijali<br \/>\nTPR, HPPE, Stakleno vlakno, Elasti\u010dno, Hrapavi nitril, Hrapavi nitril<\/p>\n","protected":false},"featured_media":30752,"comment_status":"open","ping_status":"closed","template":"","meta":{"_crdt_document":""},"product_brand":[],"product_cat":[146,152],"product_tag":[],"class_list":{"0":"post-30751","1":"product","2":"type-product","3":"status-publish","4":"has-post-thumbnail","6":"product_cat-rukavice","7":"product_cat-zastitne-rukavice","8":"pa_brend-portwest","10":"first","11":"instock","12":"taxable","13":"shipping-taxable","14":"purchasable","15":"product-type-simple"},"_links":{"self":[{"href":"https:\/\/gosafe.rs\/en\/wp-json\/wp\/v2\/product\/30751","targetHints":{"allow":["GET"]}}],"collection":[{"href":"https:\/\/gosafe.rs\/en\/wp-json\/wp\/v2\/product"}],"about":[{"href":"https:\/\/gosafe.rs\/en\/wp-json\/wp\/v2\/types\/product"}],"replies":[{"embeddable":true,"href":"https:\/\/gosafe.rs\/en\/wp-json\/wp\/v2\/comments?post=30751"}],"version-history":[{"count":1,"href":"https:\/\/gosafe.rs\/en\/wp-json\/wp\/v2\/product\/30751\/revisions"}],"predecessor-version":[{"id":30754,"href":"https:\/\/gosafe.rs\/en\/wp-json\/wp\/v2\/product\/30751\/revisions\/30754"}],"wp:featuredmedia":[{"embeddable":true,"href":"https:\/\/gosafe.rs\/en\/wp-json\/wp\/v2\/media\/30752"}],"wp:attachment":[{"href":"https:\/\/gosafe.rs\/en\/wp-json\/wp\/v2\/media?parent=30751"}],"wp:term":[{"taxonomy":"product_brand","embeddable":true,"href":"https:\/\/gosafe.rs\/en\/wp-json\/wp\/v2\/product_brand?post=30751"},{"taxonomy":"product_cat","embeddable":true,"href":"https:\/\/gosafe.rs\/en\/wp-json\/wp\/v2\/product_cat?post=30751"},{"taxonomy":"product_tag","embeddable":true,"href":"https:\/\/gosafe.rs\/en\/wp-json\/wp\/v2\/product_tag?post=30751"}],"curies":[{"name":"wp","href":"https:\/\/api.w.org\/{rel}","templated":true}]}}