{"id":30769,"date":"2025-06-05T14:02:10","date_gmt":"2025-06-05T13:02:10","guid":{"rendered":"https:\/\/gosafe.rs\/?post_type=product&#038;p=30769"},"modified":"2025-06-12T10:28:50","modified_gmt":"2025-06-12T09:28:50","slug":"arc-grip-rukavice-zelena-crna","status":"publish","type":"product","link":"https:\/\/gosafe.rs\/en\/proizvod\/arc-grip-rukavice-zelena-crna\/","title":{"rendered":"Arc Grip rukavice Zelena\/Crna"},"content":{"rendered":"<p>ANSI Nivo prosecanja A4<br \/>\nOznaka za maloprodaju koja olak\u0161ava promociju proizvoda<br \/>\nCE sertifikovano<br \/>\nVatrootporni aramidni konac za dodatnu izdr\u017eljivost i za\u0161titu<br \/>\nDlan presvu\u010den vatrootpornim neoprenom omogu\u0107ava odli\u010dan stisak<br \/>\nPostava od 13 petlji je izra\u0111ena za izdr\u017eljivost i precizno pristajanje<br \/>\nNivo D otpornost na prosecanje<br \/>\nARC Grip rukavica pru\u017ea visok nivo za\u0161tite od opekotina od bljeska ARC luka i posekotina<br \/>\nVrhunska za\u0161tita od bljeska luka: Arc rejting (ATPV) = 9.5 cal\/cm2<\/p>\n<p>Materijali<br \/>\nAramid, Stakleno vlakno, Neopren, Neopren<\/p>\n","protected":false},"excerpt":{"rendered":"<p>Napravljene sa vatrootpornim svojstvima, Arc Grip rukavice pru\u017eaju visok nivo za\u0161tite od opekotina od elektri\u010dnog luka i posekotina. Tkana postava od 13 petlji je napravljena pomo\u0107u jedinstvenog vatrootpornog aramidnog vlakna koje omogu\u0107ava pove\u0107an ose\u0107aj i pokretljivost \u0161aka. Premaz od vatrootpornog neoprena omogu\u0107ava odli\u010dan stisak. Arc Flash nivo 2 (ATPV 9.5cal\/cm2).<\/p>\n","protected":false},"featured_media":30770,"comment_status":"open","ping_status":"closed","template":"","meta":{"_crdt_document":""},"product_brand":[],"product_cat":[146,152],"product_tag":[],"class_list":{"0":"post-30769","1":"product","2":"type-product","3":"status-publish","4":"has-post-thumbnail","6":"product_cat-rukavice","7":"product_cat-zastitne-rukavice","8":"pa_brend-portwest","10":"first","11":"instock","12":"taxable","13":"shipping-taxable","14":"purchasable","15":"product-type-simple"},"_links":{"self":[{"href":"https:\/\/gosafe.rs\/en\/wp-json\/wp\/v2\/product\/30769","targetHints":{"allow":["GET"]}}],"collection":[{"href":"https:\/\/gosafe.rs\/en\/wp-json\/wp\/v2\/product"}],"about":[{"href":"https:\/\/gosafe.rs\/en\/wp-json\/wp\/v2\/types\/product"}],"replies":[{"embeddable":true,"href":"https:\/\/gosafe.rs\/en\/wp-json\/wp\/v2\/comments?post=30769"}],"version-history":[{"count":2,"href":"https:\/\/gosafe.rs\/en\/wp-json\/wp\/v2\/product\/30769\/revisions"}],"predecessor-version":[{"id":30773,"href":"https:\/\/gosafe.rs\/en\/wp-json\/wp\/v2\/product\/30769\/revisions\/30773"}],"wp:featuredmedia":[{"embeddable":true,"href":"https:\/\/gosafe.rs\/en\/wp-json\/wp\/v2\/media\/30770"}],"wp:attachment":[{"href":"https:\/\/gosafe.rs\/en\/wp-json\/wp\/v2\/media?parent=30769"}],"wp:term":[{"taxonomy":"product_brand","embeddable":true,"href":"https:\/\/gosafe.rs\/en\/wp-json\/wp\/v2\/product_brand?post=30769"},{"taxonomy":"product_cat","embeddable":true,"href":"https:\/\/gosafe.rs\/en\/wp-json\/wp\/v2\/product_cat?post=30769"},{"taxonomy":"product_tag","embeddable":true,"href":"https:\/\/gosafe.rs\/en\/wp-json\/wp\/v2\/product_tag?post=30769"}],"curies":[{"name":"wp","href":"https:\/\/api.w.org\/{rel}","templated":true}]}}