{"id":30787,"date":"2025-06-09T20:58:59","date_gmt":"2025-06-09T19:58:59","guid":{"rendered":"https:\/\/gosafe.rs\/?post_type=product&#038;p=30787"},"modified":"2026-02-11T10:37:40","modified_gmt":"2026-02-11T09:37:40","slug":"kask-primero-alpinisticki-slem","status":"publish","type":"product","link":"https:\/\/gosafe.rs\/en\/proizvod\/kask-primero-alpinisticki-slem\/","title":{"rendered":"Kask  Alpinisti\u010dki \u0160lem Primero"},"content":{"rendered":"<p>Projektovano da prevazi\u0111e najstro\u017ee globalne<br \/>\nstandarde bezbednosti.<br \/>\nPrvi koji je uveo unutra\u0161njost od polistirena visoke gustine za potpunu<br \/>\nza\u0161titu glave.<br \/>\nKancelarije u Evropi, Australiji i Severnoj<br \/>\nAmerici osiguravaju da KASK kacige prevazilaze<br \/>\nglobalne bezbednosne standarde.<br \/>\nPrvi koji je standardizovao sisteme kai\u0161a za bradu<br \/>\nkako bi se osigurala konstantno sigurna za\u0161tita<br \/>\nglave.<br \/>\nEN 397 &#8211; EN 50365<\/p>\n<p>Kona\u010dni protokol ispitivanja je:<br \/>\nTESTOVI KOSIH UDARA:<br \/>\ntestovi kosi pod uglom od 45\u00b0, brzina udara 4,5 m\/s, BrIC &lt; 0,68<br \/>\n\u2022 brusni papir od aluminijum oksida sa zatvorenim slojem, klase 80<br \/>\n\u2022 nominalni koeficijent trenja modela glave 0,3<br \/>\n\u2022 be\u017ei\u010dni sistem: triaksijalni akcelerometar + n. 3 ARS<br \/>\nModel glave: serija EN 960<br \/>\nMerenja: Vrh rotacionog ubrzanja, Vrh linearnog ubrzanja, HIC, BRIC (&lt; 0,68)<\/p>\n","protected":false},"excerpt":{"rendered":"<p><a href=\"#\" class=\"wg11-popup\" onclick=\"elementorProFrontend.modules.popup.showPopup({ id: 32216 }); return false;\" title=\"KASK WG11 test rotacionog udara rezultat je vi\u0161e od 10 godina razvoja i ispitivanja KASK metoda i merenja rotacionih udara.\"> <img decoding=\"async\" src=\"https:\/\/gosafe.rs\/wp-content\/uploads\/2025\/10\/WG11-3.png\" alt=\"WG11\" style=\"width:60px;cursor:pointer;\" \/> <\/a><\/p>\n<p><strong>\u2191Kliknuti za vi\u0161e informacija\u2191<\/strong><\/p>\n<p>Nove tehnologije koje pove\u0107avaju samopouzdanje radnika<br \/>\nza celodnevne performanse.<br \/>\nSistemi za prianjanje sa zup\u010danikom omogu\u0107avaju udobnost dok se<br \/>\nglava korisnika pomera, osiguravaju\u0107i \u010dvrstu stabilnost kacige.<\/p>\n<p><img loading=\"lazy\" decoding=\"async\" class=\"wp-image-31792 size-full\" src=\"https:\/\/gosafe.rs\/wp-content\/uploads\/2025\/06\/Kask-Alpinisticki-Slem-Primero-tehnicki-detalji.webp\" alt=\"Kask Alpinisti\u010dki \u0160lem Primero tehnicki detalji\" width=\"1000\" height=\"750\" srcset=\"https:\/\/gosafe.rs\/wp-content\/uploads\/2025\/06\/Kask-Alpinisticki-Slem-Primero-tehnicki-detalji.webp 1000w, https:\/\/gosafe.rs\/wp-content\/uploads\/2025\/06\/Kask-Alpinisticki-Slem-Primero-tehnicki-detalji-400x300.webp 400w, https:\/\/gosafe.rs\/wp-content\/uploads\/2025\/06\/Kask-Alpinisticki-Slem-Primero-tehnicki-detalji-768x576.webp 768w, https:\/\/gosafe.rs\/wp-content\/uploads\/2025\/06\/Kask-Alpinisticki-Slem-Primero-tehnicki-detalji-430x323.webp 430w, https:\/\/gosafe.rs\/wp-content\/uploads\/2025\/06\/Kask-Alpinisticki-Slem-Primero-tehnicki-detalji-700x525.webp 700w, https:\/\/gosafe.rs\/wp-content\/uploads\/2025\/06\/Kask-Alpinisticki-Slem-Primero-tehnicki-detalji-150x113.webp 150w\" sizes=\"auto, (max-width: 1000px) 100vw, 1000px\" \/><\/p>\n","protected":false},"featured_media":31058,"comment_status":"open","ping_status":"closed","template":"","meta":{"_crdt_document":""},"product_brand":[],"product_cat":[214,248],"product_tag":[],"class_list":{"0":"post-30787","1":"product","2":"type-product","3":"status-publish","4":"has-post-thumbnail","6":"product_cat-zastita_glave","7":"product_cat-slemovi","8":"pa_boja-bela","9":"pa_boja-crna","10":"pa_boja-crvena","11":"pa_boja-plava-teget","12":"pa_boja-zelena","13":"pa_boja-zuta","15":"first","16":"instock","17":"taxable","18":"shipping-taxable","19":"purchasable","20":"product-type-variable","21":"has-default-attributes"},"_links":{"self":[{"href":"https:\/\/gosafe.rs\/en\/wp-json\/wp\/v2\/product\/30787","targetHints":{"allow":["GET"]}}],"collection":[{"href":"https:\/\/gosafe.rs\/en\/wp-json\/wp\/v2\/product"}],"about":[{"href":"https:\/\/gosafe.rs\/en\/wp-json\/wp\/v2\/types\/product"}],"replies":[{"embeddable":true,"href":"https:\/\/gosafe.rs\/en\/wp-json\/wp\/v2\/comments?post=30787"}],"version-history":[{"count":22,"href":"https:\/\/gosafe.rs\/en\/wp-json\/wp\/v2\/product\/30787\/revisions"}],"predecessor-version":[{"id":32389,"href":"https:\/\/gosafe.rs\/en\/wp-json\/wp\/v2\/product\/30787\/revisions\/32389"}],"wp:featuredmedia":[{"embeddable":true,"href":"https:\/\/gosafe.rs\/en\/wp-json\/wp\/v2\/media\/31058"}],"wp:attachment":[{"href":"https:\/\/gosafe.rs\/en\/wp-json\/wp\/v2\/media?parent=30787"}],"wp:term":[{"taxonomy":"product_brand","embeddable":true,"href":"https:\/\/gosafe.rs\/en\/wp-json\/wp\/v2\/product_brand?post=30787"},{"taxonomy":"product_cat","embeddable":true,"href":"https:\/\/gosafe.rs\/en\/wp-json\/wp\/v2\/product_cat?post=30787"},{"taxonomy":"product_tag","embeddable":true,"href":"https:\/\/gosafe.rs\/en\/wp-json\/wp\/v2\/product_tag?post=30787"}],"curies":[{"name":"wp","href":"https:\/\/api.w.org\/{rel}","templated":true}]}}