{"id":30855,"date":"2025-06-10T18:28:15","date_gmt":"2025-06-10T17:28:15","guid":{"rendered":"https:\/\/gosafe.rs\/?post_type=product&#038;p=30855"},"modified":"2025-06-12T10:27:58","modified_gmt":"2025-06-12T09:27:58","slug":"impact-c13-rukavice-sa-premazom-od-penastog-nitrila","status":"publish","type":"product","link":"https:\/\/gosafe.rs\/en\/proizvod\/impact-c13-rukavice-sa-premazom-od-penastog-nitrila\/","title":{"rendered":"Impact C13 rukavice sa premazom od penastog nitrila"},"content":{"rendered":"<p>Ove rukavice kombinuju udobnost, prianjanje, otpornost na udarce i prosecanje sa be\u0161avnom postavom za dodatnu udobnost. Fleksibilni PVC umetci za za\u0161titu od udaraca i oja\u010dan deo izme\u0111u palca i ka\u017eiprsta obezbe\u0111uju maksimalnu izdr\u017eljivost, \u010dine\u0107i ih idealnim za te\u0161ke poslove. Oja\u010danje izme\u0111u palca i ka\u017eiprsta dodatno pove\u0107ava dugotrajnost i otpornost rukavica.<\/p>\n","protected":false},"excerpt":{"rendered":"<p>CE sertifikovano<br \/>\nPostava od 13 petlji je izra\u0111ena za izdr\u017eljivost i precizno pristajanje<br \/>\nPremaz od nitrilne pene za odli\u010dan stisak u vla\u017enim i suvim uslovima<br \/>\nEN 4. nivo abrazije<br \/>\nZa\u0161tita od kontaktne toplote do 100\u00b0C<br \/>\nNivo C otpornost na prosecanje<br \/>\nZa za\u0161titu od udara srednje energije<\/p>\n<p>Materijali<br \/>\nHPPE, Poliester, Najlon, Nitril, Nitril<\/p>\n","protected":false},"featured_media":30856,"comment_status":"open","ping_status":"closed","template":"","meta":{"_crdt_document":""},"product_brand":[],"product_cat":[146,152],"product_tag":[],"class_list":{"0":"post-30855","1":"product","2":"type-product","3":"status-publish","4":"has-post-thumbnail","6":"product_cat-rukavice","7":"product_cat-zastitne-rukavice","8":"pa_brend-portwest","10":"first","11":"instock","12":"taxable","13":"shipping-taxable","14":"purchasable","15":"product-type-simple"},"_links":{"self":[{"href":"https:\/\/gosafe.rs\/en\/wp-json\/wp\/v2\/product\/30855","targetHints":{"allow":["GET"]}}],"collection":[{"href":"https:\/\/gosafe.rs\/en\/wp-json\/wp\/v2\/product"}],"about":[{"href":"https:\/\/gosafe.rs\/en\/wp-json\/wp\/v2\/types\/product"}],"replies":[{"embeddable":true,"href":"https:\/\/gosafe.rs\/en\/wp-json\/wp\/v2\/comments?post=30855"}],"version-history":[{"count":2,"href":"https:\/\/gosafe.rs\/en\/wp-json\/wp\/v2\/product\/30855\/revisions"}],"predecessor-version":[{"id":30859,"href":"https:\/\/gosafe.rs\/en\/wp-json\/wp\/v2\/product\/30855\/revisions\/30859"}],"wp:featuredmedia":[{"embeddable":true,"href":"https:\/\/gosafe.rs\/en\/wp-json\/wp\/v2\/media\/30856"}],"wp:attachment":[{"href":"https:\/\/gosafe.rs\/en\/wp-json\/wp\/v2\/media?parent=30855"}],"wp:term":[{"taxonomy":"product_brand","embeddable":true,"href":"https:\/\/gosafe.rs\/en\/wp-json\/wp\/v2\/product_brand?post=30855"},{"taxonomy":"product_cat","embeddable":true,"href":"https:\/\/gosafe.rs\/en\/wp-json\/wp\/v2\/product_cat?post=30855"},{"taxonomy":"product_tag","embeddable":true,"href":"https:\/\/gosafe.rs\/en\/wp-json\/wp\/v2\/product_tag?post=30855"}],"curies":[{"name":"wp","href":"https:\/\/api.w.org\/{rel}","templated":true}]}}