{"id":30860,"date":"2025-06-10T18:32:57","date_gmt":"2025-06-10T17:32:57","guid":{"rendered":"https:\/\/gosafe.rs\/?post_type=product&#038;p=30860"},"modified":"2025-06-16T20:10:22","modified_gmt":"2025-06-16T19:10:22","slug":"tergsus-rukavice-crna","status":"publish","type":"product","link":"https:\/\/gosafe.rs\/en\/proizvod\/tergsus-rukavice-crna\/","title":{"rendered":"Tergsus rukavice Crna"},"content":{"rendered":"<p>Izdr\u017eljive rukavice od kozje ko\u017ee sa zatvaranjem pomo\u0107u \u010di\u010dak trake, nadlanicom od pamuka i oja\u010danim vrhovima prstiju. Pogodne za lake industrijske poslove.<\/p>\n","protected":false},"excerpt":{"rendered":"<p>Oznaka za maloprodaju koja olak\u0161ava promociju proizvoda<br \/>\nCE sertifikovano<br \/>\nOja\u010dani paneli na mestima ve\u0107eg optere\u0107enja za maksimalnu izdr\u017eljivost<br \/>\nKo\u017eni dlan u velikoj meri pobolj\u0161ava izdr\u017eljivost<br \/>\nPogodno za lake industrijske aplikacije<br \/>\nTraka sa \u010di\u010dak trakom za bezbedno pristajanje<br \/>\nPamu\u010dna postava za provetrenost<br \/>\nNapravljeno od visokokvalitetne izdr\u017eljive kozje ko\u017ee<\/p>\n<p>Materijali<br \/>\nKozja ko\u017ea, Pamuk, Poliester<\/p>\n","protected":false},"featured_media":30861,"comment_status":"open","ping_status":"closed","template":"","meta":{"_crdt_document":""},"product_brand":[],"product_cat":[146,152],"product_tag":[],"class_list":{"0":"post-30860","1":"product","2":"type-product","3":"status-publish","4":"has-post-thumbnail","6":"product_cat-rukavice","7":"product_cat-zastitne-rukavice","8":"pa_brend-portwest","10":"first","11":"instock","12":"taxable","13":"shipping-taxable","14":"purchasable","15":"product-type-variable"},"_links":{"self":[{"href":"https:\/\/gosafe.rs\/en\/wp-json\/wp\/v2\/product\/30860","targetHints":{"allow":["GET"]}}],"collection":[{"href":"https:\/\/gosafe.rs\/en\/wp-json\/wp\/v2\/product"}],"about":[{"href":"https:\/\/gosafe.rs\/en\/wp-json\/wp\/v2\/types\/product"}],"replies":[{"embeddable":true,"href":"https:\/\/gosafe.rs\/en\/wp-json\/wp\/v2\/comments?post=30860"}],"version-history":[{"count":3,"href":"https:\/\/gosafe.rs\/en\/wp-json\/wp\/v2\/product\/30860\/revisions"}],"predecessor-version":[{"id":30945,"href":"https:\/\/gosafe.rs\/en\/wp-json\/wp\/v2\/product\/30860\/revisions\/30945"}],"wp:featuredmedia":[{"embeddable":true,"href":"https:\/\/gosafe.rs\/en\/wp-json\/wp\/v2\/media\/30861"}],"wp:attachment":[{"href":"https:\/\/gosafe.rs\/en\/wp-json\/wp\/v2\/media?parent=30860"}],"wp:term":[{"taxonomy":"product_brand","embeddable":true,"href":"https:\/\/gosafe.rs\/en\/wp-json\/wp\/v2\/product_brand?post=30860"},{"taxonomy":"product_cat","embeddable":true,"href":"https:\/\/gosafe.rs\/en\/wp-json\/wp\/v2\/product_cat?post=30860"},{"taxonomy":"product_tag","embeddable":true,"href":"https:\/\/gosafe.rs\/en\/wp-json\/wp\/v2\/product_tag?post=30860"}],"curies":[{"name":"wp","href":"https:\/\/api.w.org\/{rel}","templated":true}]}}