{"id":30865,"date":"2025-06-10T18:38:21","date_gmt":"2025-06-10T17:38:21","guid":{"rendered":"https:\/\/gosafe.rs\/?post_type=product&#038;p=30865"},"modified":"2025-06-12T10:26:39","modified_gmt":"2025-06-12T09:26:39","slug":"grip-10-lateks-rukavice-sa-ojacanjem-siva-crna","status":"publish","type":"product","link":"https:\/\/gosafe.rs\/en\/proizvod\/grip-10-lateks-rukavice-sa-ojacanjem-siva-crna\/","title":{"rendered":"Grip 10 lateks rukavice sa oja\u010danjem Siva\/Crna"},"content":{"rendered":"<p>Predstavljamo vrhunske gra\u0111evinske rukavice: oli\u010denje izdr\u017eljivosti i pouzdanosti. Sa oja\u010danim predelom izme\u0111u palca i ka\u017eiprsta, ove rukavice prevazilaze sva o\u010dekivanja. Mogu se pohvaliti izuzetnom dugotrajno\u0161\u0107u i do \u010detiri puta du\u017ee od neoja\u010danih rukavica, osiguravajuc\u0301i da izdr\u017ee i najte\u017ee zadatke. Premaz od hrapavog lateksa ne samo da pru\u017ea izvanredno prianjanje, vec\u0301 i garantuje izdr\u017eljivost i kontrolu u mokrim i suvim uslovima. \u200b Prodaju se u pakovanjima od 12 pari za dodatnu pogodnost.<\/p>\n","protected":false},"excerpt":{"rendered":"<p>Oznaka za maloprodaju koja olak\u0161ava promociju proizvoda<br \/>\nCE sertifikovano<br \/>\n\u010cvrsta postava od 10 pletiva<br \/>\nProdaju se u pakovanjima od 12 pari za odli\u010dnu vrednost<br \/>\nZa\u0161tita od kontaktne toplote do 100\u00b0C<br \/>\nOdli\u010dna izdr\u017eljivost i stisak u mokrim i suvim uslovima<br \/>\nOsnovna rukavica za gra\u0111evinu<br \/>\nPremaz od naboranog lateksa nudi odli\u010dno prianjanje<br \/>\nOja\u010dani prevoj kod palca za bolju za\u0161titu i postojanost<\/p>\n<p>Materijali<br \/>\nPoliester, Pamuk, Elasti\u010dno, Lateks<\/p>\n","protected":false},"featured_media":30866,"comment_status":"open","ping_status":"closed","template":"","meta":{"_crdt_document":""},"product_brand":[],"product_cat":[146,152],"product_tag":[],"class_list":{"0":"post-30865","1":"product","2":"type-product","3":"status-publish","4":"has-post-thumbnail","6":"product_cat-rukavice","7":"product_cat-zastitne-rukavice","8":"pa_brend-portwest","10":"first","11":"instock","12":"taxable","13":"shipping-taxable","14":"purchasable","15":"product-type-simple"},"_links":{"self":[{"href":"https:\/\/gosafe.rs\/en\/wp-json\/wp\/v2\/product\/30865","targetHints":{"allow":["GET"]}}],"collection":[{"href":"https:\/\/gosafe.rs\/en\/wp-json\/wp\/v2\/product"}],"about":[{"href":"https:\/\/gosafe.rs\/en\/wp-json\/wp\/v2\/types\/product"}],"replies":[{"embeddable":true,"href":"https:\/\/gosafe.rs\/en\/wp-json\/wp\/v2\/comments?post=30865"}],"version-history":[{"count":3,"href":"https:\/\/gosafe.rs\/en\/wp-json\/wp\/v2\/product\/30865\/revisions"}],"predecessor-version":[{"id":30938,"href":"https:\/\/gosafe.rs\/en\/wp-json\/wp\/v2\/product\/30865\/revisions\/30938"}],"wp:featuredmedia":[{"embeddable":true,"href":"https:\/\/gosafe.rs\/en\/wp-json\/wp\/v2\/media\/30866"}],"wp:attachment":[{"href":"https:\/\/gosafe.rs\/en\/wp-json\/wp\/v2\/media?parent=30865"}],"wp:term":[{"taxonomy":"product_brand","embeddable":true,"href":"https:\/\/gosafe.rs\/en\/wp-json\/wp\/v2\/product_brand?post=30865"},{"taxonomy":"product_cat","embeddable":true,"href":"https:\/\/gosafe.rs\/en\/wp-json\/wp\/v2\/product_cat?post=30865"},{"taxonomy":"product_tag","embeddable":true,"href":"https:\/\/gosafe.rs\/en\/wp-json\/wp\/v2\/product_tag?post=30865"}],"curies":[{"name":"wp","href":"https:\/\/api.w.org\/{rel}","templated":true}]}}