{"id":30875,"date":"2025-06-10T18:45:22","date_gmt":"2025-06-10T17:45:22","guid":{"rendered":"https:\/\/gosafe.rs\/?post_type=product&#038;p=30875"},"modified":"2025-07-29T19:54:09","modified_gmt":"2025-07-29T18:54:09","slug":"shell-kisna-jakna-crna","status":"publish","type":"product","link":"https:\/\/gosafe.rs\/en\/proizvod\/shell-kisna-jakna-crna\/","title":{"rendered":"Shell ki\u0161na jakna Crna"},"content":{"rendered":"<p>CE sertifikovano<br \/>\nIzdr\u017eljiva, prozra\u010dna, vetrootporna i vodootporna tkanina<br \/>\nOsmi\u0161ljeno sa aktivnim pristajanjem<br \/>\nModeran dizajn ergonomskog kroja<br \/>\nKontrastne boje za dodatni stil<br \/>\nKapulja\u010da sa \u0161iltom i u\u010dkurom<br \/>\nVodootporno sa lepljenim \u0161avovima koji spre\u010davaju prodor vode<br \/>\nPro\u0161tepano na svim mestima optere\u0107enja<br \/>\nLagani grip poteza\u010di na svim rajsfer\u0161lusima<br \/>\nZa\u0161tita za bradu za dodatnu udobnost i stabilnost<br \/>\nPodesive man\u017eetne pomo\u0107u \u010di\u010dak trake za sigurno prijanjanje<br \/>\nU\u010dkur za pode\u0161avanje na rubu<br \/>\nUnapred oblikovani rukavi omogu\u0107avaju pove\u0107anu slobodu pokreta<br \/>\nZakrivljeni zadnji deo za dodatnu za\u0161titu<br \/>\nBo\u010dni d\u017eepovi sa rajsfer\u0161lusom<br \/>\nD\u017eep na grudima sa rajsfer\u0161lusom<br \/>\n5 d\u017eepova za obimno skladi\u0161tenje<br \/>\nVodootporno i prozra\u010dno sa lepljenim \u0161avovima za spre\u010davanje prodora vode<br \/>\nIzuzetno vodootporna bez prisustva PFAS-a Texpel\u2122 Splash Eco zavr\u0161na obrada tkanine, voda se odbija od povr\u0161ine tkanine<\/p>\n","protected":false},"excerpt":{"rendered":"<p>Ovaj odevni predmet vam omogu\u0107ava da lako pre\u0111ete sa posla na slobodno vreme dok izgledate najbolje \u0161to mo\u017eete. Sadr\u017ei karakteristike koje prate najnovije trendove za ode\u0107u na otvorenom, kao \u0161to su rajsfer\u0161lusi za ventilaciju ispod pazuha, zakrivljene man\u017eetne protiv vetra i ugaone linije. Artikulisani rukavi i vitke linije omogu\u0107avaju odli\u010dno prijanjanje.<\/p>\n","protected":false},"featured_media":30876,"comment_status":"open","ping_status":"closed","template":"","meta":{"_crdt_document":""},"product_brand":[],"product_cat":[155,154],"product_tag":[],"class_list":{"0":"post-30875","1":"product","2":"type-product","3":"status-publish","4":"has-post-thumbnail","6":"product_cat-radne-jakne","7":"product_cat-zastitna-odeca","8":"pa_brend-portwest","10":"first","11":"instock","12":"taxable","13":"shipping-taxable","14":"purchasable","15":"product-type-variable"},"_links":{"self":[{"href":"https:\/\/gosafe.rs\/en\/wp-json\/wp\/v2\/product\/30875","targetHints":{"allow":["GET"]}}],"collection":[{"href":"https:\/\/gosafe.rs\/en\/wp-json\/wp\/v2\/product"}],"about":[{"href":"https:\/\/gosafe.rs\/en\/wp-json\/wp\/v2\/types\/product"}],"replies":[{"embeddable":true,"href":"https:\/\/gosafe.rs\/en\/wp-json\/wp\/v2\/comments?post=30875"}],"version-history":[{"count":4,"href":"https:\/\/gosafe.rs\/en\/wp-json\/wp\/v2\/product\/30875\/revisions"}],"predecessor-version":[{"id":31551,"href":"https:\/\/gosafe.rs\/en\/wp-json\/wp\/v2\/product\/30875\/revisions\/31551"}],"wp:featuredmedia":[{"embeddable":true,"href":"https:\/\/gosafe.rs\/en\/wp-json\/wp\/v2\/media\/30876"}],"wp:attachment":[{"href":"https:\/\/gosafe.rs\/en\/wp-json\/wp\/v2\/media?parent=30875"}],"wp:term":[{"taxonomy":"product_brand","embeddable":true,"href":"https:\/\/gosafe.rs\/en\/wp-json\/wp\/v2\/product_brand?post=30875"},{"taxonomy":"product_cat","embeddable":true,"href":"https:\/\/gosafe.rs\/en\/wp-json\/wp\/v2\/product_cat?post=30875"},{"taxonomy":"product_tag","embeddable":true,"href":"https:\/\/gosafe.rs\/en\/wp-json\/wp\/v2\/product_tag?post=30875"}],"curies":[{"name":"wp","href":"https:\/\/api.w.org\/{rel}","templated":true}]}}