{"id":31171,"date":"2025-06-18T08:37:56","date_gmt":"2025-06-18T07:37:56","guid":{"rendered":"https:\/\/gosafe.rs\/?post_type=product&#038;p=31171"},"modified":"2025-07-29T19:35:06","modified_gmt":"2025-07-29T18:35:06","slug":"dx4-softshell-prsluk-3l-crna","status":"publish","type":"product","link":"https:\/\/gosafe.rs\/en\/proizvod\/dx4-softshell-prsluk-3l-crna\/","title":{"rendered":"DX4 Softshell prsluk (3L) Crna"},"content":{"rendered":"<p>DX4 Softshell prsluk je precizno konstruisan kori\u0161\u0107enjem revolucionarne prozra\u010dne, vodootporne i vetrootporne ripstop tkanine. Njegov sportski dizajn uklju\u010duje produ\u017eeni le\u0111ni deo, reflektuju\u0107e ukrase i vi\u0161estruke bezbedne d\u017eepove za obimno skladi\u0161tenje. Idealan izbor za modernog radnika.<\/p>\n","protected":false},"excerpt":{"rendered":"<p>smi\u0161ljeno sa aktivnim pristajanjem<br \/>\nKontrastni premijum rajsfer\u0161lusi za dodatni stil<br \/>\nModeran dizajn ergonomskog kroja<br \/>\nLagani grip poteza\u010di na svim rajsfer\u0161lusima<br \/>\nZa\u0161tita za bradu za dodatnu udobnost i stabilnost<br \/>\nZakrivljeni zadnji deo za dodatnu za\u0161titu<br \/>\nReflektuju\u0107i paspuli za pove\u0107anu uo\u010dljivost<br \/>\nPro\u0161tepano na svim mestima optere\u0107enja<br \/>\nU\u010dkur za pode\u0161avanje na rubu<br \/>\nD\u017eep za mobilni telefon<br \/>\nBo\u010dni d\u017eepovi sa rajsfer\u0161lusom<br \/>\nD\u017eep na grudima sa rajsfer\u0161lusom<br \/>\n7 d\u017eepova za obimno skladi\u0161tenje<br \/>\nDinami\u010dna unutra\u0161nja kontrastna tkanina<br \/>\nIzuzetno vodootporna bez prisustva PFAS-a Texpel\u2122 Splash Eco zavr\u0161na obrada tkanine, voda se odbija od povr\u0161ine tkanine<br \/>\nIzdr\u017eljiva, prozra\u010dna, vetrootporna i vodootporna tkanina<\/p>\n","protected":false},"featured_media":31172,"comment_status":"open","ping_status":"closed","template":"","meta":{"_crdt_document":""},"product_brand":[],"product_cat":[235,154],"product_tag":[],"class_list":{"0":"post-31171","1":"product","2":"type-product","3":"status-publish","4":"has-post-thumbnail","6":"product_cat-prsluci","7":"product_cat-zastitna-odeca","9":"first","10":"instock","11":"taxable","12":"shipping-taxable","13":"purchasable","14":"product-type-variable"},"_links":{"self":[{"href":"https:\/\/gosafe.rs\/en\/wp-json\/wp\/v2\/product\/31171","targetHints":{"allow":["GET"]}}],"collection":[{"href":"https:\/\/gosafe.rs\/en\/wp-json\/wp\/v2\/product"}],"about":[{"href":"https:\/\/gosafe.rs\/en\/wp-json\/wp\/v2\/types\/product"}],"replies":[{"embeddable":true,"href":"https:\/\/gosafe.rs\/en\/wp-json\/wp\/v2\/comments?post=31171"}],"version-history":[{"count":2,"href":"https:\/\/gosafe.rs\/en\/wp-json\/wp\/v2\/product\/31171\/revisions"}],"predecessor-version":[{"id":31531,"href":"https:\/\/gosafe.rs\/en\/wp-json\/wp\/v2\/product\/31171\/revisions\/31531"}],"wp:featuredmedia":[{"embeddable":true,"href":"https:\/\/gosafe.rs\/en\/wp-json\/wp\/v2\/media\/31172"}],"wp:attachment":[{"href":"https:\/\/gosafe.rs\/en\/wp-json\/wp\/v2\/media?parent=31171"}],"wp:term":[{"taxonomy":"product_brand","embeddable":true,"href":"https:\/\/gosafe.rs\/en\/wp-json\/wp\/v2\/product_brand?post=31171"},{"taxonomy":"product_cat","embeddable":true,"href":"https:\/\/gosafe.rs\/en\/wp-json\/wp\/v2\/product_cat?post=31171"},{"taxonomy":"product_tag","embeddable":true,"href":"https:\/\/gosafe.rs\/en\/wp-json\/wp\/v2\/product_tag?post=31171"}],"curies":[{"name":"wp","href":"https:\/\/api.w.org\/{rel}","templated":true}]}}