{"id":31216,"date":"2025-06-18T13:02:08","date_gmt":"2025-06-18T12:02:08","guid":{"rendered":"https:\/\/gosafe.rs\/?post_type=product&#038;p=31216"},"modified":"2025-09-05T13:57:40","modified_gmt":"2025-09-05T12:57:40","slug":"pw11-levo-naocare","status":"publish","type":"product","link":"https:\/\/gosafe.rs\/en\/proizvod\/pw11-levo-naocare\/","title":{"rendered":"PW11 &#8211; Levo nao\u010dare"},"content":{"rendered":"<p>Inovativni koncept Levo nao\u010dara pru\u017ea udobnost za\u0161titnih nao\u010dara i zaptivanje i prianjanje zaptivnih nao\u010dara. Penasti ulo\u017eak pru\u017ea dodatnu za\u0161titu za obrve i obraze. Dr\u0161ke se mogu zameniti sa podesivom trakom za bolje prianjanje. Izuzetna ventilacija zahvaljuju\u0107i indirektnim ventilacionim otvorima na penastom umetku, \u0161to poma\u017ee da se smanji magljenje nao\u010dara.<\/p>\n","protected":false},"excerpt":{"rendered":"<p>Jedini\u010dno pakovano za vending ma\u0161ine<br \/>\nMaloprodajna torba koja olak\u0161ava promociju proizvoda<br \/>\nCE sertifikovano<br \/>\nPremaz protiv grebanja za dodatnu izdr\u017eljivost<br \/>\n99% UV za\u0161tita<br \/>\nUnutra\u0161nja penasta brtva osigurava \u010dvrsto zatvaranje lica<br \/>\nIzliven nosni deo za univerzalno pristajanje<br \/>\nElasti\u010dne trake<br \/>\nOdli\u010dna ventilacija kroz indirektne otvore na peni na le\u0111ima<br \/>\nPena koja se mo\u017ee odvojiti pru\u017ea za\u0161titu od udaraca i pra\u0161ine<br \/>\nNao\u010dari se mogu koristiti sa klasi\u010dnim dr\u0161kama ili sa elasti\u010dnom trakom<\/p>\n","protected":false},"featured_media":31223,"comment_status":"open","ping_status":"closed","template":"","meta":{"_crdt_document":""},"product_brand":[],"product_cat":[151,145],"product_tag":[],"class_list":{"0":"post-31216","1":"product","2":"type-product","3":"status-publish","4":"has-post-thumbnail","6":"product_cat-zastita-ociju-i-lica","7":"product_cat-zastitne-naocare","8":"pa_boja-bela","9":"pa_boja-crna","11":"first","12":"instock","13":"sale","14":"taxable","15":"shipping-taxable","16":"purchasable","17":"product-type-variable","18":"has-default-attributes"},"_links":{"self":[{"href":"https:\/\/gosafe.rs\/en\/wp-json\/wp\/v2\/product\/31216","targetHints":{"allow":["GET"]}}],"collection":[{"href":"https:\/\/gosafe.rs\/en\/wp-json\/wp\/v2\/product"}],"about":[{"href":"https:\/\/gosafe.rs\/en\/wp-json\/wp\/v2\/types\/product"}],"replies":[{"embeddable":true,"href":"https:\/\/gosafe.rs\/en\/wp-json\/wp\/v2\/comments?post=31216"}],"version-history":[{"count":2,"href":"https:\/\/gosafe.rs\/en\/wp-json\/wp\/v2\/product\/31216\/revisions"}],"predecessor-version":[{"id":31235,"href":"https:\/\/gosafe.rs\/en\/wp-json\/wp\/v2\/product\/31216\/revisions\/31235"}],"wp:featuredmedia":[{"embeddable":true,"href":"https:\/\/gosafe.rs\/en\/wp-json\/wp\/v2\/media\/31223"}],"wp:attachment":[{"href":"https:\/\/gosafe.rs\/en\/wp-json\/wp\/v2\/media?parent=31216"}],"wp:term":[{"taxonomy":"product_brand","embeddable":true,"href":"https:\/\/gosafe.rs\/en\/wp-json\/wp\/v2\/product_brand?post=31216"},{"taxonomy":"product_cat","embeddable":true,"href":"https:\/\/gosafe.rs\/en\/wp-json\/wp\/v2\/product_cat?post=31216"},{"taxonomy":"product_tag","embeddable":true,"href":"https:\/\/gosafe.rs\/en\/wp-json\/wp\/v2\/product_tag?post=31216"}],"curies":[{"name":"wp","href":"https:\/\/api.w.org\/{rel}","templated":true}]}}