{"id":31330,"date":"2025-06-30T17:35:37","date_gmt":"2025-06-30T16:35:37","guid":{"rendered":"https:\/\/gosafe.rs\/?post_type=product&#038;p=31330"},"modified":"2025-07-03T20:25:39","modified_gmt":"2025-07-03T19:25:39","slug":"tractel-pojas-za-celo-telo-x-pad-sa-brzim-spojkama-sigurnosni-pojas-protiv-pada-sa-2-tacke","status":"publish","type":"product","link":"https:\/\/gosafe.rs\/en\/proizvod\/tractel-pojas-za-celo-telo-x-pad-sa-brzim-spojkama-sigurnosni-pojas-protiv-pada-sa-2-tacke\/","title":{"rendered":"Tractel Pojas za celo telo, X-PAD, sa brzim spojkama Sigurnosni pojas protiv pada sa 2 ta\u010dke"},"content":{"rendered":"<p>Proizvo\u0111a\u010d: Tractel \u0160ifra: HT55A Opis: Pojas za celo telo, X-PAD, sa brzim spojkama Sigurnosni pojas protiv pada sa 2 ta\u010dke za ankerisanje 1 le\u0111na ta\u010dka za ankerisanje sa metalnim D-prstenom 1 centralna grudna ta\u010dka za ankerisanje sa metalnim D-prstenom Pode\u0161avanje veli\u010dine i na grudnim i no\u017enim trakama X-Pad le\u0111ni jastuk radi ve\u0107e udobnosti i lako\u0107e montiranja pojasa X-Pad jastuk se mo\u017ee ukloniti, prati, i menjati Indikator pada na le\u0111nim trakama pokazuje da li je do\u0161lo do pada u pojasu<\/p>\n","protected":false},"excerpt":{"rendered":"<p>Nosivost: 150kg<\/p>\n<p>Vek trajanja: Neograni\u010den<\/p>\n","protected":false},"featured_media":31371,"comment_status":"open","ping_status":"closed","template":"","meta":{"_crdt_document":""},"product_brand":[],"product_cat":[159,157],"product_tag":[],"class_list":{"0":"post-31330","1":"product","2":"type-product","3":"status-publish","4":"has-post-thumbnail","6":"product_cat-pojasevi","7":"product_cat-protivpadna-oprema","9":"first","10":"instock","11":"taxable","12":"shipping-taxable","13":"purchasable","14":"product-type-simple"},"_links":{"self":[{"href":"https:\/\/gosafe.rs\/en\/wp-json\/wp\/v2\/product\/31330","targetHints":{"allow":["GET"]}}],"collection":[{"href":"https:\/\/gosafe.rs\/en\/wp-json\/wp\/v2\/product"}],"about":[{"href":"https:\/\/gosafe.rs\/en\/wp-json\/wp\/v2\/types\/product"}],"replies":[{"embeddable":true,"href":"https:\/\/gosafe.rs\/en\/wp-json\/wp\/v2\/comments?post=31330"}],"version-history":[{"count":2,"href":"https:\/\/gosafe.rs\/en\/wp-json\/wp\/v2\/product\/31330\/revisions"}],"predecessor-version":[{"id":31349,"href":"https:\/\/gosafe.rs\/en\/wp-json\/wp\/v2\/product\/31330\/revisions\/31349"}],"wp:featuredmedia":[{"embeddable":true,"href":"https:\/\/gosafe.rs\/en\/wp-json\/wp\/v2\/media\/31371"}],"wp:attachment":[{"href":"https:\/\/gosafe.rs\/en\/wp-json\/wp\/v2\/media?parent=31330"}],"wp:term":[{"taxonomy":"product_brand","embeddable":true,"href":"https:\/\/gosafe.rs\/en\/wp-json\/wp\/v2\/product_brand?post=31330"},{"taxonomy":"product_cat","embeddable":true,"href":"https:\/\/gosafe.rs\/en\/wp-json\/wp\/v2\/product_cat?post=31330"},{"taxonomy":"product_tag","embeddable":true,"href":"https:\/\/gosafe.rs\/en\/wp-json\/wp\/v2\/product_tag?post=31330"}],"curies":[{"name":"wp","href":"https:\/\/api.w.org\/{rel}","templated":true}]}}