{"id":31350,"date":"2025-07-02T09:50:19","date_gmt":"2025-07-02T08:50:19","guid":{"rendered":"https:\/\/gosafe.rs\/?post_type=product&#038;p=31350"},"modified":"2025-07-02T10:09:53","modified_gmt":"2025-07-02T09:09:53","slug":"fp56-jednostruko-kernmantle-uze-sa-sok-apsorberom","status":"publish","type":"product","link":"https:\/\/gosafe.rs\/en\/proizvod\/fp56-jednostruko-kernmantle-uze-sa-sok-apsorberom\/","title":{"rendered":"FP56 &#8211; Jednostruko Kernmantle u\u017ee sa \u0161ok apsorberom"},"content":{"rendered":"<p>Ovo jednostruko kernmantle u\u017ee sadr\u017ei karabin i karabin za skelu. Ukupna du\u017eina je 180 cm uklju\u010duju\u0107i karabine.<\/p>\n<p>Karakteristike<br \/>\nCE sertifikovano<br \/>\nMaloprodajna kutija koja olak\u0161ava promociju proizvoda<br \/>\nRok upotrebe 10 godina od datuma proizvodnje navedenog na etiketi proizvoda<br \/>\nMaksimalna nosivost 100kg<br \/>\nOtvor karabina od 19mm<br \/>\nKuka za skele sa otvorom od 52mm<br \/>\n\u0160ok apsorpcija<br \/>\nKernmantel u\u017ee visokog kvaliteta<\/p>\n","protected":false},"excerpt":{"rendered":"<p>Materijali<br \/>\nPoliestersko u\u017ee, Legura \u010delika, kaljena, Aluminijum<\/p>\n","protected":false},"featured_media":31368,"comment_status":"open","ping_status":"closed","template":"","meta":{"_crdt_document":""},"product_brand":[],"product_cat":[157,160],"product_tag":[],"class_list":{"0":"post-31350","1":"product","2":"type-product","3":"status-publish","4":"has-post-thumbnail","6":"product_cat-protivpadna-oprema","7":"product_cat-uzad","9":"first","10":"instock","11":"taxable","12":"shipping-taxable","13":"purchasable","14":"product-type-simple"},"_links":{"self":[{"href":"https:\/\/gosafe.rs\/en\/wp-json\/wp\/v2\/product\/31350","targetHints":{"allow":["GET"]}}],"collection":[{"href":"https:\/\/gosafe.rs\/en\/wp-json\/wp\/v2\/product"}],"about":[{"href":"https:\/\/gosafe.rs\/en\/wp-json\/wp\/v2\/types\/product"}],"replies":[{"embeddable":true,"href":"https:\/\/gosafe.rs\/en\/wp-json\/wp\/v2\/comments?post=31350"}],"version-history":[{"count":1,"href":"https:\/\/gosafe.rs\/en\/wp-json\/wp\/v2\/product\/31350\/revisions"}],"predecessor-version":[{"id":31353,"href":"https:\/\/gosafe.rs\/en\/wp-json\/wp\/v2\/product\/31350\/revisions\/31353"}],"wp:featuredmedia":[{"embeddable":true,"href":"https:\/\/gosafe.rs\/en\/wp-json\/wp\/v2\/media\/31368"}],"wp:attachment":[{"href":"https:\/\/gosafe.rs\/en\/wp-json\/wp\/v2\/media?parent=31350"}],"wp:term":[{"taxonomy":"product_brand","embeddable":true,"href":"https:\/\/gosafe.rs\/en\/wp-json\/wp\/v2\/product_brand?post=31350"},{"taxonomy":"product_cat","embeddable":true,"href":"https:\/\/gosafe.rs\/en\/wp-json\/wp\/v2\/product_cat?post=31350"},{"taxonomy":"product_tag","embeddable":true,"href":"https:\/\/gosafe.rs\/en\/wp-json\/wp\/v2\/product_tag?post=31350"}],"curies":[{"name":"wp","href":"https:\/\/api.w.org\/{rel}","templated":true}]}}