{"id":31377,"date":"2025-07-03T14:14:04","date_gmt":"2025-07-03T13:14:04","guid":{"rendered":"https:\/\/gosafe.rs\/?post_type=product&#038;p=31377"},"modified":"2025-07-14T12:59:23","modified_gmt":"2025-07-14T11:59:23","slug":"blokator-pada-blocfor-b18-esd-sertifikovan-za-ostre-ivice-radijusa-do-05mm-prema-standardu-en360","status":"publish","type":"product","link":"https:\/\/gosafe.rs\/en\/proizvod\/blokator-pada-blocfor-b18-esd-sertifikovan-za-ostre-ivice-radijusa-do-05mm-prema-standardu-en360\/","title":{"rendered":"Blokator pada Blocfor B1,8 ESD"},"content":{"rendered":"<p>Blokator pada Blocfor B1,8 ESD Sertifikovan za o\u0161tre ivice radijusa do 0,5mm prema standardu EN360 Sertifikovan za o\u0161tre ivice radijusa do 0,5mm prema standardu EN360 Nosivost blokatora je za korisnike do 150kg Du\u017eina tekstilne trake 1,8m Opremljen papagaj kukom i aluminijumskom kukom otvora 50mm Te\u017eina samo 1,63kg Ure\u0111aj za za\u0161titu od pada sa ESD tehnologijom, pogodan za upotrebu na krovovima Mo\u017ee se koristiti vertikalno ili sa odstupanjem od 20o Mo\u017ee se koristiti horizontalno bez dodatnog u\u017eeta izme\u0111u pojasa i blokatora.<\/p>\n<p>&nbsp;<\/p>\n","protected":false},"excerpt":{"rendered":"<p>Nosivost: 150kg<\/p>\n<p><img loading=\"lazy\" decoding=\"async\" class=\"size-full wp-image-31437 alignright\" src=\"https:\/\/gosafe.rs\/wp-content\/uploads\/2025\/07\/Horizontal-use-and-edge-compliant@2x.webp\" alt=\"Horizontal use and edge compliant@2x\" width=\"240\" height=\"214\" srcset=\"https:\/\/gosafe.rs\/wp-content\/uploads\/2025\/07\/Horizontal-use-and-edge-compliant@2x.webp 240w, https:\/\/gosafe.rs\/wp-content\/uploads\/2025\/07\/Horizontal-use-and-edge-compliant@2x-150x134.webp 150w\" sizes=\"auto, (max-width: 240px) 100vw, 240px\" \/>Vek trajanja: Neograni\u010den<\/p>\n<p>Sertifikovan za o\u0161tre ivice<\/p>\n","protected":false},"featured_media":31378,"comment_status":"open","ping_status":"closed","template":"","meta":{"_crdt_document":""},"product_brand":[],"product_cat":[158,157],"product_tag":[],"class_list":{"0":"post-31377","1":"product","2":"type-product","3":"status-publish","4":"has-post-thumbnail","6":"product_cat-blokator-pada","7":"product_cat-protivpadna-oprema","8":"pa_brend-tractel","10":"first","11":"instock","12":"taxable","13":"shipping-taxable","14":"purchasable","15":"product-type-simple"},"_links":{"self":[{"href":"https:\/\/gosafe.rs\/en\/wp-json\/wp\/v2\/product\/31377","targetHints":{"allow":["GET"]}}],"collection":[{"href":"https:\/\/gosafe.rs\/en\/wp-json\/wp\/v2\/product"}],"about":[{"href":"https:\/\/gosafe.rs\/en\/wp-json\/wp\/v2\/types\/product"}],"replies":[{"embeddable":true,"href":"https:\/\/gosafe.rs\/en\/wp-json\/wp\/v2\/comments?post=31377"}],"version-history":[{"count":9,"href":"https:\/\/gosafe.rs\/en\/wp-json\/wp\/v2\/product\/31377\/revisions"}],"predecessor-version":[{"id":31444,"href":"https:\/\/gosafe.rs\/en\/wp-json\/wp\/v2\/product\/31377\/revisions\/31444"}],"wp:featuredmedia":[{"embeddable":true,"href":"https:\/\/gosafe.rs\/en\/wp-json\/wp\/v2\/media\/31378"}],"wp:attachment":[{"href":"https:\/\/gosafe.rs\/en\/wp-json\/wp\/v2\/media?parent=31377"}],"wp:term":[{"taxonomy":"product_brand","embeddable":true,"href":"https:\/\/gosafe.rs\/en\/wp-json\/wp\/v2\/product_brand?post=31377"},{"taxonomy":"product_cat","embeddable":true,"href":"https:\/\/gosafe.rs\/en\/wp-json\/wp\/v2\/product_cat?post=31377"},{"taxonomy":"product_tag","embeddable":true,"href":"https:\/\/gosafe.rs\/en\/wp-json\/wp\/v2\/product_tag?post=31377"}],"curies":[{"name":"wp","href":"https:\/\/api.w.org\/{rel}","templated":true}]}}