{"id":31508,"date":"2025-07-29T16:38:34","date_gmt":"2025-07-29T15:38:34","guid":{"rendered":"https:\/\/gosafe.rs\/?post_type=product&#038;p=31508"},"modified":"2026-03-26T23:29:12","modified_gmt":"2026-03-26T22:29:12","slug":"bowling-tennis-s3l-fo-sr-crna-plava","status":"publish","type":"product","link":"https:\/\/gosafe.rs\/en\/proizvod\/bowling-tennis-s3l-fo-sr-crna-plava\/","title":{"rendered":"Zastitna Cipela Bowling\/Tennis S3L FO SRC Crna\/Plava"},"content":{"rendered":"<p>Ortopedski napravljeno za merenje stopala, u skladu sa evropskom normom DGUV112-191<br \/>\n\u017denska \u0161irina<br \/>\nMu\u0161ka \u0161irina<br \/>\nOtporno na hidrokarbonate<br \/>\n\u0160ok apsorpcija u predelu pete<br \/>\n\u0110on otporan na probijanje<br \/>\nZa\u0161titna kapa otporna na 200 d\u017eula<br \/>\nNemagnetno &#8211; bez nikla i gvo\u017e\u0111a<br \/>\nVodoodbojno gornji\u0161te spe\u010dava prodor vode<br \/>\nAntistatik obu\u0107a<\/p>\n","protected":false},"excerpt":{"rendered":"<p>Gornji\u0161te: Vodootporni tehni\u010dki tekstil i antilop ko\u017ea<br \/>\nPostava: SmellStop Antiodor i Antibacterial*<br \/>\nMe\u0111u\u0111on: Fresh\u2019n Flex<br \/>\nZa\u0161titna kapa: SlimCap<br \/>\n\u0110on: AirTech protiv zamaranja + Tpu-omota\u010d<\/p>\n","protected":false},"featured_media":31522,"comment_status":"open","ping_status":"closed","template":"","meta":{"_crdt_document":""},"product_brand":[],"product_cat":[167,260],"product_tag":[],"class_list":{"0":"post-31508","1":"product","2":"type-product","3":"status-publish","4":"has-post-thumbnail","6":"product_cat-cipele","7":"product_cat-plitke","9":"first","10":"instock","11":"sale","12":"taxable","13":"shipping-taxable","14":"purchasable","15":"product-type-variable"},"_links":{"self":[{"href":"https:\/\/gosafe.rs\/en\/wp-json\/wp\/v2\/product\/31508","targetHints":{"allow":["GET"]}}],"collection":[{"href":"https:\/\/gosafe.rs\/en\/wp-json\/wp\/v2\/product"}],"about":[{"href":"https:\/\/gosafe.rs\/en\/wp-json\/wp\/v2\/types\/product"}],"replies":[{"embeddable":true,"href":"https:\/\/gosafe.rs\/en\/wp-json\/wp\/v2\/comments?post=31508"}],"version-history":[{"count":3,"href":"https:\/\/gosafe.rs\/en\/wp-json\/wp\/v2\/product\/31508\/revisions"}],"predecessor-version":[{"id":31530,"href":"https:\/\/gosafe.rs\/en\/wp-json\/wp\/v2\/product\/31508\/revisions\/31530"}],"wp:featuredmedia":[{"embeddable":true,"href":"https:\/\/gosafe.rs\/en\/wp-json\/wp\/v2\/media\/31522"}],"wp:attachment":[{"href":"https:\/\/gosafe.rs\/en\/wp-json\/wp\/v2\/media?parent=31508"}],"wp:term":[{"taxonomy":"product_brand","embeddable":true,"href":"https:\/\/gosafe.rs\/en\/wp-json\/wp\/v2\/product_brand?post=31508"},{"taxonomy":"product_cat","embeddable":true,"href":"https:\/\/gosafe.rs\/en\/wp-json\/wp\/v2\/product_cat?post=31508"},{"taxonomy":"product_tag","embeddable":true,"href":"https:\/\/gosafe.rs\/en\/wp-json\/wp\/v2\/product_tag?post=31508"}],"curies":[{"name":"wp","href":"https:\/\/api.w.org\/{rel}","templated":true}]}}