{"id":31653,"date":"2025-08-01T14:17:40","date_gmt":"2025-08-01T13:17:40","guid":{"rendered":"https:\/\/gosafe.rs\/?post_type=product&#038;p=31653"},"modified":"2025-08-01T14:40:47","modified_gmt":"2025-08-01T13:40:47","slug":"dx4-hybrid-baffle-jakna-crna","status":"publish","type":"product","link":"https:\/\/gosafe.rs\/en\/proizvod\/dx4-hybrid-baffle-jakna-crna\/","title":{"rendered":"DX4 Hybrid Baffle jakna Crna"},"content":{"rendered":"<p>Prednji otvor sa rajsfer\u0161lusom za lak\u0161i pristup<br \/>\nKontrastni premijum rajsfer\u0161lusi za dodatni stil<br \/>\nModeran dizajn ergonomskog kroja<br \/>\nKontrastne boje za dodatni stil<br \/>\nLagani grip poteza\u010di na svim rajsfer\u0161lusima<br \/>\nZa\u0161tita za bradu za dodatnu udobnost i stabilnost<br \/>\nUnutra\u0161nji d\u017eepovi za bezbedno skladi\u0161tenje<br \/>\nErgonomski oblikovana kapulja\u010da za savr\u0161eno pristajanje<br \/>\nDva bo\u010dna d\u017eepa sa rajsfer\u0161lusima za sigurno odlaganje<br \/>\n2 d\u017eepa na grudima sa zatvaranjem pomo\u0107u rajsfer\u0161lusa<br \/>\n6 d\u017eepova za obimno skladi\u0161tenje<br \/>\nIntegrisana kapulja\u010da je moderna i prakti\u010dna<br \/>\nOsmi\u0161ljeno sa aktivnim pristajanjem<br \/>\nDinami\u010dna unutra\u0161nja kontrastna tkanina<br \/>\nProzra\u010dna tkanina koja odvodi vlagu i telo odr\u017eava toplim, provetrenim i suvim<\/p>\n<p>Spoljna materijal : 75% poliester, 16% viskoza, 9% elastin 330g<\/p>\n","protected":false},"excerpt":{"rendered":"<p>DX4 Baffle jakna ima ergonomski dizajn dobijen mapiranjem tela kako bi izbalansirala udobnost i izolaciju. Postavljeni Insulatex paneli \u010duvaju klju\u010dne delove tela toplim, dok pleteni rukavi obezbe\u0111uju neograni\u010deno istezanje i pokrete. Dva d\u017eepa na grudima sa bo\u010dnim pristupom i rajsfer\u0161lusima i unutra\u0161nji d\u017eepovi pru\u017eaju dovoljno prostora za sigurno skladi\u0161tenje.<\/p>\n","protected":false},"featured_media":31654,"comment_status":"open","ping_status":"closed","template":"","meta":{"_crdt_document":""},"product_brand":[],"product_cat":[155],"product_tag":[],"class_list":{"0":"post-31653","1":"product","2":"type-product","3":"status-publish","4":"has-post-thumbnail","6":"product_cat-radne-jakne","8":"first","9":"instock","10":"taxable","11":"shipping-taxable","12":"purchasable","13":"product-type-variable"},"_links":{"self":[{"href":"https:\/\/gosafe.rs\/en\/wp-json\/wp\/v2\/product\/31653","targetHints":{"allow":["GET"]}}],"collection":[{"href":"https:\/\/gosafe.rs\/en\/wp-json\/wp\/v2\/product"}],"about":[{"href":"https:\/\/gosafe.rs\/en\/wp-json\/wp\/v2\/types\/product"}],"replies":[{"embeddable":true,"href":"https:\/\/gosafe.rs\/en\/wp-json\/wp\/v2\/comments?post=31653"}],"version-history":[{"count":2,"href":"https:\/\/gosafe.rs\/en\/wp-json\/wp\/v2\/product\/31653\/revisions"}],"predecessor-version":[{"id":31657,"href":"https:\/\/gosafe.rs\/en\/wp-json\/wp\/v2\/product\/31653\/revisions\/31657"}],"wp:featuredmedia":[{"embeddable":true,"href":"https:\/\/gosafe.rs\/en\/wp-json\/wp\/v2\/media\/31654"}],"wp:attachment":[{"href":"https:\/\/gosafe.rs\/en\/wp-json\/wp\/v2\/media?parent=31653"}],"wp:term":[{"taxonomy":"product_brand","embeddable":true,"href":"https:\/\/gosafe.rs\/en\/wp-json\/wp\/v2\/product_brand?post=31653"},{"taxonomy":"product_cat","embeddable":true,"href":"https:\/\/gosafe.rs\/en\/wp-json\/wp\/v2\/product_cat?post=31653"},{"taxonomy":"product_tag","embeddable":true,"href":"https:\/\/gosafe.rs\/en\/wp-json\/wp\/v2\/product_tag?post=31653"}],"curies":[{"name":"wp","href":"https:\/\/api.w.org\/{rel}","templated":true}]}}