{"id":31658,"date":"2025-08-01T14:19:08","date_gmt":"2025-08-01T13:19:08","guid":{"rendered":"https:\/\/gosafe.rs\/?post_type=product&#038;p=31658"},"modified":"2025-08-01T14:42:11","modified_gmt":"2025-08-01T13:42:11","slug":"dx4-postavljena-jakna-crna","status":"publish","type":"product","link":"https:\/\/gosafe.rs\/en\/proizvod\/dx4-postavljena-jakna-crna\/","title":{"rendered":"DX4 postavljena jakna Crna"},"content":{"rendered":"<p>Osmi\u0161ljeno sa aktivnim pristajanjem<br \/>\nKontrastni premijum rajsfer\u0161lusi za dodatni stil<br \/>\nZakrivljeni zadnji deo za dodatnu za\u0161titu<br \/>\nModeran dizajn ergonomskog kroja<br \/>\nLagani grip poteza\u010di na svim rajsfer\u0161lusima<br \/>\nU\u010dkur za pode\u0161avanje na rubu<br \/>\nElasti\u010dne man\u017eetne za bezbedno pristajanje<br \/>\nKapulja\u010da koja se skida<br \/>\nPro\u0161tepano na svim mestima optere\u0107enja<br \/>\nD\u017eep za mobilni telefon<br \/>\nBo\u010dni d\u017eepovi sa rajsfer\u0161lusom<br \/>\nD\u017eep na grudima sa rajsfer\u0161lusom<br \/>\n5 d\u017eepova za obimno skladi\u0161tenje<br \/>\nDinami\u010dna unutra\u0161nja kontrastna tkanina<br \/>\nFlotech\u2122 sistem za ventilaciju i dodatnu prozra\u010dnost<br \/>\nInsulatexPro postava nudi superiornu toplotu bez dodavanja nepotrebne te\u017eine<br \/>\nIzuzetno vodootporna bez prisustva PFAS-a Texpel\u2122 Splash Eco zavr\u0161na obrada tkanine, voda se odbija od povr\u0161ine tkanine<br \/>\nIzdr\u017eljiva, prozra\u010dna, vetrootporna i vodootporna tkanina<\/p>\n<p>Spoljna materijal : Portwest Extreme Waterproof: 100% poliester Stretch, 150D, PU Membrana 160g<\/p>\n<p>Materijal postave : 100% Poliester rastegljiva 75D Pongee postava 80g<\/p>\n<p>Materijal punjenja : InsulatexPro: 100% poliester 240g<\/p>\n","protected":false},"excerpt":{"rendered":"<p>DX4 Heavy Padded Baffle jakna pru\u017ea izuzetnu toplinu i izolaciju. Dinami\u010dki rastegljiva tkanina, ergonomski profil i raglan rukavi omogu\u0107avaju neograni\u010den opseg pokreta i ve\u0107u slobodu kretanja. Dva d\u017eepa na grudima sa bo\u010dnim pristupom i rajsfer\u0161lusima i unutra\u0161nji d\u017eepovi pru\u017eaju dovoljno prostora za sigurno skladi\u0161tenje.<\/p>\n","protected":false},"featured_media":31659,"comment_status":"open","ping_status":"closed","template":"","meta":{"_crdt_document":""},"product_brand":[],"product_cat":[155],"product_tag":[],"class_list":{"0":"post-31658","1":"product","2":"type-product","3":"status-publish","4":"has-post-thumbnail","6":"product_cat-radne-jakne","8":"first","9":"instock","10":"taxable","11":"shipping-taxable","12":"purchasable","13":"product-type-variable"},"_links":{"self":[{"href":"https:\/\/gosafe.rs\/en\/wp-json\/wp\/v2\/product\/31658","targetHints":{"allow":["GET"]}}],"collection":[{"href":"https:\/\/gosafe.rs\/en\/wp-json\/wp\/v2\/product"}],"about":[{"href":"https:\/\/gosafe.rs\/en\/wp-json\/wp\/v2\/types\/product"}],"replies":[{"embeddable":true,"href":"https:\/\/gosafe.rs\/en\/wp-json\/wp\/v2\/comments?post=31658"}],"version-history":[{"count":1,"href":"https:\/\/gosafe.rs\/en\/wp-json\/wp\/v2\/product\/31658\/revisions"}],"predecessor-version":[{"id":31661,"href":"https:\/\/gosafe.rs\/en\/wp-json\/wp\/v2\/product\/31658\/revisions\/31661"}],"wp:featuredmedia":[{"embeddable":true,"href":"https:\/\/gosafe.rs\/en\/wp-json\/wp\/v2\/media\/31659"}],"wp:attachment":[{"href":"https:\/\/gosafe.rs\/en\/wp-json\/wp\/v2\/media?parent=31658"}],"wp:term":[{"taxonomy":"product_brand","embeddable":true,"href":"https:\/\/gosafe.rs\/en\/wp-json\/wp\/v2\/product_brand?post=31658"},{"taxonomy":"product_cat","embeddable":true,"href":"https:\/\/gosafe.rs\/en\/wp-json\/wp\/v2\/product_cat?post=31658"},{"taxonomy":"product_tag","embeddable":true,"href":"https:\/\/gosafe.rs\/en\/wp-json\/wp\/v2\/product_tag?post=31658"}],"curies":[{"name":"wp","href":"https:\/\/api.w.org\/{rel}","templated":true}]}}