{"id":31667,"date":"2025-08-01T14:22:38","date_gmt":"2025-08-01T13:22:38","guid":{"rendered":"https:\/\/gosafe.rs\/?post_type=product&#038;p=31667"},"modified":"2025-08-01T14:45:05","modified_gmt":"2025-08-01T13:45:05","slug":"dx4-3-u-1-jakna-crna","status":"publish","type":"product","link":"https:\/\/gosafe.rs\/en\/proizvod\/dx4-3-u-1-jakna-crna\/","title":{"rendered":"DX4 3-u-1 jakna Crna"},"content":{"rendered":"<p>3 u 1 vodootporna, prozra\u010dna i vetrootporna jakna sa lepljenim \u0161avovima<br \/>\nCE sertifikovano<br \/>\nPristup za \u0161tampanje za korporativno brendiranje<br \/>\nKontrastne boje za dodatni stil<br \/>\nKontrastni premijum rajsfer\u0161lusi za dodatni stil<br \/>\nLagani grip poteza\u010di na svim rajsfer\u0161lusima<br \/>\nD\u017eep za mobilni telefon<br \/>\nBo\u010dni d\u017eepovi sa rajsfer\u0161lusom<br \/>\nZa\u0161tita za bradu za dodatnu udobnost i stabilnost<br \/>\nFunkcionalna kapulja\u010da koja se mo\u017ee spakovati<br \/>\nPodesive man\u017eetne pomo\u0107u \u010di\u010dak trake za sigurno prijanjanje<br \/>\nU\u010dkur za pode\u0161avanje na rubu<br \/>\nReflektuju\u0107i paspuli za pove\u0107anu uo\u010dljivost<br \/>\nArtikulisani u\u0161itci za dodatno oblikovanje<br \/>\nModeran dizajn ergonomskog kroja<br \/>\nOsmi\u0161ljeno sa aktivnim pristajanjem<br \/>\n7 d\u017eepova za obimno skladi\u0161tenje<br \/>\nInteraktivna unutra\u0161nja ode\u0107a<br \/>\n3 u 1 vodootporna i vetrootporna jakna<br \/>\nInsulatexPro postava nudi superiornu toplotu bez dodavanja nepotrebne te\u017eine<br \/>\nIzuzetno vodootporna bez prisustva PFAS-a Texpel\u2122 Splash Eco zavr\u0161na obrada tkanine, voda se odbija od povr\u0161ine tkanine<\/p>\n<p>Pogledajte dodatne informacije o spoljnom materijalu : Spolja\u0161nja jakna: Portwest Extreme Waterproof: 100% poliester Stretch, 150D, PU Membrana, 160g<br \/>\nUnutra\u0161nja jakna: 100% poliester, 75D Ripstop, 85g<\/p>\n<p>Dodatne informacije o materijalu postave : Spoljna jakna postava: 100% poliester mre\u017eica, 65g<br \/>\nRukavi unutra\u0161nje jakne: 100% poliester, 52g<\/p>\n<p>Dodatne informacije o materijalu punjenja : Unutra\u0161nja jakna: Insulatex Pro: 100% poliester, 260g<\/p>\n","protected":false},"excerpt":{"rendered":"<p>DX4 3-u-1 jakna je napravljena od dinami\u010dki rastegljive tkanine visoke izolacije koja nudi maksimalnu toplinu, vodootpornost, vetrootpornost i prozra\u010dnost tokom cele godine. Jakna odlikuju potpuno vodootporna jakna i odvojiva baffle jakna sa rajsfer\u0161lusom koja se mo\u017ee nositi samostalno. Ergonomski profil i raglan rukavi omogu\u0107avaju neograni\u010den opseg pokreta i ve\u0107u slobodu kretanja. Du\u017ea du\u017eina le\u0111a, man\u017eetne za vetar i podesiva kapulja\u010da pru\u017eaju dodatnu za\u0161titu od elemenata.<\/p>\n","protected":false},"featured_media":31674,"comment_status":"open","ping_status":"closed","template":"","meta":{"_crdt_document":""},"product_brand":[],"product_cat":[155],"product_tag":[],"class_list":{"0":"post-31667","1":"product","2":"type-product","3":"status-publish","4":"has-post-thumbnail","6":"product_cat-radne-jakne","8":"first","9":"instock","10":"taxable","11":"shipping-taxable","12":"purchasable","13":"product-type-variable"},"_links":{"self":[{"href":"https:\/\/gosafe.rs\/en\/wp-json\/wp\/v2\/product\/31667","targetHints":{"allow":["GET"]}}],"collection":[{"href":"https:\/\/gosafe.rs\/en\/wp-json\/wp\/v2\/product"}],"about":[{"href":"https:\/\/gosafe.rs\/en\/wp-json\/wp\/v2\/types\/product"}],"replies":[{"embeddable":true,"href":"https:\/\/gosafe.rs\/en\/wp-json\/wp\/v2\/comments?post=31667"}],"version-history":[{"count":1,"href":"https:\/\/gosafe.rs\/en\/wp-json\/wp\/v2\/product\/31667\/revisions"}],"predecessor-version":[{"id":31670,"href":"https:\/\/gosafe.rs\/en\/wp-json\/wp\/v2\/product\/31667\/revisions\/31670"}],"wp:featuredmedia":[{"embeddable":true,"href":"https:\/\/gosafe.rs\/en\/wp-json\/wp\/v2\/media\/31674"}],"wp:attachment":[{"href":"https:\/\/gosafe.rs\/en\/wp-json\/wp\/v2\/media?parent=31667"}],"wp:term":[{"taxonomy":"product_brand","embeddable":true,"href":"https:\/\/gosafe.rs\/en\/wp-json\/wp\/v2\/product_brand?post=31667"},{"taxonomy":"product_cat","embeddable":true,"href":"https:\/\/gosafe.rs\/en\/wp-json\/wp\/v2\/product_cat?post=31667"},{"taxonomy":"product_tag","embeddable":true,"href":"https:\/\/gosafe.rs\/en\/wp-json\/wp\/v2\/product_tag?post=31667"}],"curies":[{"name":"wp","href":"https:\/\/api.w.org\/{rel}","templated":true}]}}