{"id":31671,"date":"2025-08-01T14:31:37","date_gmt":"2025-08-01T13:31:37","guid":{"rendered":"https:\/\/gosafe.rs\/?post_type=product&#038;p=31671"},"modified":"2025-08-01T14:46:40","modified_gmt":"2025-08-01T13:46:40","slug":"dx4-majica-crna","status":"publish","type":"product","link":"https:\/\/gosafe.rs\/en\/proizvod\/dx4-majica-crna\/","title":{"rendered":"DX4 majica Crna"},"content":{"rendered":"<p>Lagano radi ve\u0107e udobnosti korisnika<br \/>\nMaterijal sa UPF 40+ ocenom blokira 98% UV zraka<br \/>\nOm\u010da za radio za jednostavno ka\u010denje radio stanice<br \/>\nRebrasta kragna<br \/>\nSlim fit dizajn za izuzetnu udobnost<br \/>\nKontrastne boje za dodatni stil<br \/>\nIdealno za korporativno no\u0161enje i zavr\u0161ne obrade po izboru<br \/>\nModeran dizajn \u010distih linija<br \/>\nSvojstva odvo\u0111enja vlage, hla\u0111enja i su\u0161enja<br \/>\nJedinstveni antibakterijski tretman srebrnim jonima<\/p>\n<p>Spoljna materijal : EzeeCool: 100% poliester, Pin mre\u017eica 150g<\/p>\n","protected":false},"excerpt":{"rendered":"<p>Savremeni dizajn DX4 majice sa aktivnim pristajanjem koriste\u0107i premium poliester, polipamu\u010dni materijal koja \u0107e vas dr\u017eati rashla\u0111enim, suvim i udobnim tokom celog dana. Klju\u010dne karakteristike uklju\u010duju reflektujuc\u0301u \u0161tampu i kontrastne ukrase. Ova majica je idealna za brendiranje.<\/p>\n","protected":false},"featured_media":31676,"comment_status":"open","ping_status":"closed","template":"","meta":{"_crdt_document":""},"product_brand":[],"product_cat":[215],"product_tag":[],"class_list":{"0":"post-31671","1":"product","2":"type-product","3":"status-publish","4":"has-post-thumbnail","6":"product_cat-radne-majice","8":"first","9":"instock","10":"taxable","11":"shipping-taxable","12":"purchasable","13":"product-type-variable"},"_links":{"self":[{"href":"https:\/\/gosafe.rs\/en\/wp-json\/wp\/v2\/product\/31671","targetHints":{"allow":["GET"]}}],"collection":[{"href":"https:\/\/gosafe.rs\/en\/wp-json\/wp\/v2\/product"}],"about":[{"href":"https:\/\/gosafe.rs\/en\/wp-json\/wp\/v2\/types\/product"}],"replies":[{"embeddable":true,"href":"https:\/\/gosafe.rs\/en\/wp-json\/wp\/v2\/comments?post=31671"}],"version-history":[{"count":1,"href":"https:\/\/gosafe.rs\/en\/wp-json\/wp\/v2\/product\/31671\/revisions"}],"predecessor-version":[{"id":31678,"href":"https:\/\/gosafe.rs\/en\/wp-json\/wp\/v2\/product\/31671\/revisions\/31678"}],"wp:featuredmedia":[{"embeddable":true,"href":"https:\/\/gosafe.rs\/en\/wp-json\/wp\/v2\/media\/31676"}],"wp:attachment":[{"href":"https:\/\/gosafe.rs\/en\/wp-json\/wp\/v2\/media?parent=31671"}],"wp:term":[{"taxonomy":"product_brand","embeddable":true,"href":"https:\/\/gosafe.rs\/en\/wp-json\/wp\/v2\/product_brand?post=31671"},{"taxonomy":"product_cat","embeddable":true,"href":"https:\/\/gosafe.rs\/en\/wp-json\/wp\/v2\/product_cat?post=31671"},{"taxonomy":"product_tag","embeddable":true,"href":"https:\/\/gosafe.rs\/en\/wp-json\/wp\/v2\/product_tag?post=31671"}],"curies":[{"name":"wp","href":"https:\/\/api.w.org\/{rel}","templated":true}]}}