{"id":31846,"date":"2025-09-04T09:17:48","date_gmt":"2025-09-04T08:17:48","guid":{"rendered":"https:\/\/gosafe.rs\/?post_type=product&#038;p=31846"},"modified":"2026-05-01T19:34:22","modified_gmt":"2026-05-01T18:34:22","slug":"kask-alpinisticki-slem-zenith-x-air","status":"publish","type":"product","link":"https:\/\/gosafe.rs\/en\/proizvod\/kask-alpinisticki-slem-zenith-x-air\/","title":{"rendered":"Kask Alpinisti\u010dki \u0160lem Zenith X Air"},"content":{"rendered":"<p>te\u017eina:490 g<br \/>\n\u0161ifra proizvoda:WHE00075-201<br \/>\nstandardi<br \/>\nEN 397 | -30\u00b0C \/ LD \/ MM<br \/>\nEN 50365 (klasa 0)<br \/>\nZa\u0161tita od prednjih, zadnjih i bo\u010dnih udara u skladu sa EN 12492<br \/>\nKlauzule 4.2.1.2, 4.2.1.3, 4.2.1.4 kapacitet apsorpcije energije udara<br \/>\nKlauzula 4.2.2 prodor<br \/>\nKlauzula 4.1.4 ventilacija<br \/>\nVELI\u010cINA<br \/>\nUniverzalno podesiva<br \/>\nod 52 do 63 cm<\/p>\n","protected":false},"excerpt":{"rendered":"<p><a href=\"#\" class=\"wg11-popup\" onclick=\"elementorProFrontend.modules.popup.showPopup({ id: 32216 }); return false;\" title=\"KASK WG11 test rotacionog udara rezultat je vi\u0161e od 10 godina razvoja i ispitivanja KASK metoda i merenja rotacionih udara.\"> <img decoding=\"async\" src=\"https:\/\/gosafe.rs\/wp-content\/uploads\/2025\/10\/WG11-3.png\" alt=\"WG11\" style=\"width:60px;cursor:pointer;\" \/> <\/a><\/p>\n<p><strong>\u2191Kliknuti za vi\u0161e informacija\u2191<\/strong><\/p>\n<p>MATERIJAL<br \/>\nSPOLJA\u0160NJA \u0160KOLJKA:<br \/>\nHD polipropilen<br \/>\nTRAKA ZA GLAVU:<br \/>\nMeki PA najlon<br \/>\nUNUTRA\u0160NJA \u0160KOLJKA:<br \/>\nNeopor\u00ae Ccycled\u00ae kompanije BASF<br \/>\nEPS dobijen hemijskom recikla\u017eom plasti\u010dnog otpada<\/p>\n","protected":false},"featured_media":31847,"comment_status":"open","ping_status":"closed","template":"","meta":{"_crdt_document":""},"product_brand":[],"product_cat":[248,214],"product_tag":[],"class_list":{"0":"post-31846","1":"product","2":"type-product","3":"status-publish","4":"has-post-thumbnail","6":"product_cat-slemovi","7":"product_cat-zastita_glave","8":"pa_boja-bela","9":"pa_boja-crna","10":"pa_boja-crvena","11":"pa_boja-roze","12":"pa_boja-siva","13":"pa_boja-zelena","14":"pa_boja-zuta","16":"first","17":"instock","18":"taxable","19":"shipping-taxable","20":"purchasable","21":"product-type-variable"},"_links":{"self":[{"href":"https:\/\/gosafe.rs\/en\/wp-json\/wp\/v2\/product\/31846","targetHints":{"allow":["GET"]}}],"collection":[{"href":"https:\/\/gosafe.rs\/en\/wp-json\/wp\/v2\/product"}],"about":[{"href":"https:\/\/gosafe.rs\/en\/wp-json\/wp\/v2\/types\/product"}],"replies":[{"embeddable":true,"href":"https:\/\/gosafe.rs\/en\/wp-json\/wp\/v2\/comments?post=31846"}],"version-history":[{"count":10,"href":"https:\/\/gosafe.rs\/en\/wp-json\/wp\/v2\/product\/31846\/revisions"}],"predecessor-version":[{"id":33057,"href":"https:\/\/gosafe.rs\/en\/wp-json\/wp\/v2\/product\/31846\/revisions\/33057"}],"wp:featuredmedia":[{"embeddable":true,"href":"https:\/\/gosafe.rs\/en\/wp-json\/wp\/v2\/media\/31847"}],"wp:attachment":[{"href":"https:\/\/gosafe.rs\/en\/wp-json\/wp\/v2\/media?parent=31846"}],"wp:term":[{"taxonomy":"product_brand","embeddable":true,"href":"https:\/\/gosafe.rs\/en\/wp-json\/wp\/v2\/product_brand?post=31846"},{"taxonomy":"product_cat","embeddable":true,"href":"https:\/\/gosafe.rs\/en\/wp-json\/wp\/v2\/product_cat?post=31846"},{"taxonomy":"product_tag","embeddable":true,"href":"https:\/\/gosafe.rs\/en\/wp-json\/wp\/v2\/product_tag?post=31846"}],"curies":[{"name":"wp","href":"https:\/\/api.w.org\/{rel}","templated":true}]}}