{"id":31966,"date":"2025-09-16T09:55:06","date_gmt":"2025-09-16T08:55:06","guid":{"rendered":"https:\/\/gosafe.rs\/?post_type=product&#038;p=31966"},"modified":"2025-09-16T09:57:34","modified_gmt":"2025-09-16T08:57:34","slug":"wx3-radna-jakna-maslinasto-zelena","status":"publish","type":"product","link":"https:\/\/gosafe.rs\/en\/proizvod\/wx3-radna-jakna-maslinasto-zelena\/","title":{"rendered":"WX3 radna jakna Maslinasto zelena"},"content":{"rendered":"<p>Lagana tkanina za maksimalnu udobnost korisnika<br \/>\nMaterijal sa UPF 40+ ocenom blokira 98% UV zraka<br \/>\nKanali za ventilaciju<br \/>\nInovativni rastegljivi paneli pru\u017eaju odli\u010dnu udobnost i fleksibilnost na klju\u010dnim mestima prilikom kretanja<br \/>\n*Registrovan dizajn Evropske zajednice<br \/>\nPro\u0161tepano na svim mestima optere\u0107enja<br \/>\nIdealno za korporativno no\u0161enje i zavr\u0161ne obrade po izboru<br \/>\nLagani grip poteza\u010di na svim rajsfer\u0161lusima<br \/>\nKontrastne boje za dodatni stil<br \/>\nModeran stil sa kontrastnim paspulima<br \/>\nDvosmerni rajsfer\u0161lus za olak\u0161ano otvaranje\/zatvaranje<br \/>\n\u0160oblajsna za za\u0161titu od elemenata<br \/>\nPodesive man\u017eetne pomo\u0107u \u010di\u010dak trake za sigurno prijanjanje<br \/>\nD\u017eep za legitimaciju koji se mo\u017ee skinuti<br \/>\nUnutra\u0161nji d\u017eepovi za bezbedno skladi\u0161tenje<br \/>\nD\u017eep za mobilni telefon<br \/>\nDva bo\u010dna d\u017eepa sa rajsfer\u0161lusima za sigurno odlaganje<br \/>\n1 d\u017eep za olovku<br \/>\n1 d\u017eep za mobilni telefon<br \/>\nD\u017eep na rukavu<br \/>\n2 d\u017eepa na grudima sa zatvaranjem pomo\u0107u rajsfer\u0161lusa<br \/>\n10 d\u017eepova za obimno skladi\u0161tenje<br \/>\n2 d\u017eepa na grudima sa zatvaranjem pomo\u0107u \u010di\u010dak trake<br \/>\nReflektuju\u0107i ukras za pove\u0107anu uo\u010dljivost i bezbednost<br \/>\nUnapred oblikovani rukavi omogu\u0107avaju pove\u0107anu slobodu pokreta<br \/>\nPode\u0161avanje struka pomo\u0107u bo\u010dnih jezi\u010daka i dugmi\u0107a osigurava optimalno pristajanje<br \/>\nOtvori na le\u0111ima za prozra\u010dnost i udobnost<br \/>\nIzdr\u017eljivo mekano polipamu\u010dno platno za visoke performanse i maksimalnu udobnost korisnika<\/p>\n<p>Spoljna materijal : Titanmill Plus Kanvas: 65% poliester, 35% pamu\u010dno platno sa Peach zavr\u0161nom obradom 245g<\/p>\n<p>Kontrastni materijal : CorePro: 87% Najlon, 13% Elastine<\/p>\n","protected":false},"excerpt":{"rendered":"<p>Moderna radna jakna koja pristaje dobro kao \u0161to izgleda. Napravljena od izdr\u017eljive poli-pamuk kanvas tkanine, pru\u017ea prijatan ose\u0107aj ali je isto tako napravljena da dugo traje. Inovativne dizajnerske karakteristike poput rastezljivih panela pru\u017eaju izvrsnu udobnost i fleksibilnost u klju\u010dnim oblastima kretanja bez ugro\u017eavanja za\u0161titnih osobina. Druge klju\u010dne karakteristike su Ezee Zip tehnologija, unapred oblikovani rukavi, produ\u017eena le\u0111a, podesive man\u017eetne, reflektuju\u0107i detalji i mnogobrojni d\u017eepovi za obilno skladi\u0161tenje.  <\/p>\n","protected":false},"featured_media":31969,"comment_status":"open","ping_status":"closed","template":"","meta":{"_crdt_document":""},"product_brand":[],"product_cat":[155,154],"product_tag":[],"class_list":{"0":"post-31966","1":"product","2":"type-product","3":"status-publish","4":"has-post-thumbnail","6":"product_cat-radne-jakne","7":"product_cat-zastitna-odeca","9":"first","10":"instock","11":"sale","12":"taxable","13":"shipping-taxable","14":"purchasable","15":"product-type-variable"},"_links":{"self":[{"href":"https:\/\/gosafe.rs\/en\/wp-json\/wp\/v2\/product\/31966","targetHints":{"allow":["GET"]}}],"collection":[{"href":"https:\/\/gosafe.rs\/en\/wp-json\/wp\/v2\/product"}],"about":[{"href":"https:\/\/gosafe.rs\/en\/wp-json\/wp\/v2\/types\/product"}],"replies":[{"embeddable":true,"href":"https:\/\/gosafe.rs\/en\/wp-json\/wp\/v2\/comments?post=31966"}],"version-history":[{"count":2,"href":"https:\/\/gosafe.rs\/en\/wp-json\/wp\/v2\/product\/31966\/revisions"}],"predecessor-version":[{"id":31972,"href":"https:\/\/gosafe.rs\/en\/wp-json\/wp\/v2\/product\/31966\/revisions\/31972"}],"wp:featuredmedia":[{"embeddable":true,"href":"https:\/\/gosafe.rs\/en\/wp-json\/wp\/v2\/media\/31969"}],"wp:attachment":[{"href":"https:\/\/gosafe.rs\/en\/wp-json\/wp\/v2\/media?parent=31966"}],"wp:term":[{"taxonomy":"product_brand","embeddable":true,"href":"https:\/\/gosafe.rs\/en\/wp-json\/wp\/v2\/product_brand?post=31966"},{"taxonomy":"product_cat","embeddable":true,"href":"https:\/\/gosafe.rs\/en\/wp-json\/wp\/v2\/product_cat?post=31966"},{"taxonomy":"product_tag","embeddable":true,"href":"https:\/\/gosafe.rs\/en\/wp-json\/wp\/v2\/product_tag?post=31966"}],"curies":[{"name":"wp","href":"https:\/\/api.w.org\/{rel}","templated":true}]}}