{"id":31994,"date":"2025-09-22T08:45:10","date_gmt":"2025-09-22T07:45:10","guid":{"rendered":"https:\/\/gosafe.rs\/?post_type=product&#038;p=31994"},"modified":"2026-04-06T16:37:54","modified_gmt":"2026-04-06T15:37:54","slug":"biztex-mikroporozni-kombinezon-tip-3-4-5-6-zuta","status":"publish","type":"product","link":"https:\/\/gosafe.rs\/en\/proizvod\/biztex-mikroporozni-kombinezon-tip-3-4-5-6-zuta\/","title":{"rendered":"BizTex mikroporozni kombinezon tip 3\/4\/5\/6 \u017duta"},"content":{"rendered":"<p>Potpuno elasti\u010dna traka u struku za izuzetnu udobnost korisnika<br \/>\nDvosmerni rajsfer\u0161lus za brz i lak pristup<br \/>\nMaloprodajna torba koja olak\u0161ava promociju proizvoda<br \/>\nCE-CAT III<br \/>\nCE sertifikovano<br \/>\nErgonomski oblikovana kapulja\u010da za savr\u0161eno pristajanje<br \/>\nElasti\u010dne man\u017eetne za bezbedno pristajanje<br \/>\nPetlja za palac<br \/>\nDvostruka \u0161oblajsna za za\u0161titu od elemenata<br \/>\nBarijera za te\u010dnosti i \u010destice za odli\u010dnu za\u0161titu<\/p>\n<p>Spoljna materijal : BizTex Micro Plus 82g<\/p>\n","protected":false},"excerpt":{"rendered":"<p>Ovaj kombinezon nudi izuzetnu mehani\u010dku izdr\u017eljivost, i za\u0161titu od te\u010dnosti i \u010destica. Postojani mikroporozni polipropilenski laminat obezbe\u0111uje odli\u010dnu barijeru protiv prskanja hemikalija i infektivnih agenasa. Fizi\u010dka snaga tkanine i njena fleksibilnost osiguravaju za\u0161titu i udobnost \u010dak i u najte\u017eim okru\u017eenjima.<\/p>\n","protected":false},"featured_media":31997,"comment_status":"open","ping_status":"closed","template":"","meta":{"_crdt_document":""},"product_brand":[],"product_cat":[154,244],"product_tag":[],"class_list":{"0":"post-31994","1":"product","2":"type-product","3":"status-publish","4":"has-post-thumbnail","6":"product_cat-zastitna-odeca","7":"product_cat-zastitni-kombinezoni","9":"first","10":"instock","11":"taxable","12":"shipping-taxable","13":"purchasable","14":"product-type-variable"},"_links":{"self":[{"href":"https:\/\/gosafe.rs\/en\/wp-json\/wp\/v2\/product\/31994","targetHints":{"allow":["GET"]}}],"collection":[{"href":"https:\/\/gosafe.rs\/en\/wp-json\/wp\/v2\/product"}],"about":[{"href":"https:\/\/gosafe.rs\/en\/wp-json\/wp\/v2\/types\/product"}],"replies":[{"embeddable":true,"href":"https:\/\/gosafe.rs\/en\/wp-json\/wp\/v2\/comments?post=31994"}],"version-history":[{"count":1,"href":"https:\/\/gosafe.rs\/en\/wp-json\/wp\/v2\/product\/31994\/revisions"}],"predecessor-version":[{"id":31999,"href":"https:\/\/gosafe.rs\/en\/wp-json\/wp\/v2\/product\/31994\/revisions\/31999"}],"wp:featuredmedia":[{"embeddable":true,"href":"https:\/\/gosafe.rs\/en\/wp-json\/wp\/v2\/media\/31997"}],"wp:attachment":[{"href":"https:\/\/gosafe.rs\/en\/wp-json\/wp\/v2\/media?parent=31994"}],"wp:term":[{"taxonomy":"product_brand","embeddable":true,"href":"https:\/\/gosafe.rs\/en\/wp-json\/wp\/v2\/product_brand?post=31994"},{"taxonomy":"product_cat","embeddable":true,"href":"https:\/\/gosafe.rs\/en\/wp-json\/wp\/v2\/product_cat?post=31994"},{"taxonomy":"product_tag","embeddable":true,"href":"https:\/\/gosafe.rs\/en\/wp-json\/wp\/v2\/product_tag?post=31994"}],"curies":[{"name":"wp","href":"https:\/\/api.w.org\/{rel}","templated":true}]}}