{"id":32233,"date":"2025-10-23T11:20:37","date_gmt":"2025-10-23T10:20:37","guid":{"rendered":"https:\/\/gosafe.rs\/?post_type=product&#038;p=32233"},"modified":"2026-05-01T19:35:21","modified_gmt":"2026-05-01T18:35:21","slug":"kask-alpinisticki-vatrogasni-slem-quantum-kabrio","status":"publish","type":"product","link":"https:\/\/gosafe.rs\/en\/proizvod\/kask-alpinisticki-vatrogasni-slem-quantum-kabrio\/","title":{"rendered":"Kask Alpinisti\u010dki Vatrogasni \u0160lem Quantum Kabrio"},"content":{"rendered":"<p>Tehni\u010dki opis:<br \/>\nMATERIJAL<br \/>\nSPOLJA\u0160NJA LJUSKA: PC polikarbonat<br \/>\nUNUTRA\u0160NJA LJUSKA: HD polistiren + termoformovani polistirenski premaz<br \/>\nSISTEM PODE\u0160AVANJA: FR najlon<\/p>\n","protected":false},"excerpt":{"rendered":"<p><a href=\"#\" class=\"wg11-popup\" onclick=\"elementorProFrontend.modules.popup.showPopup({ id: 32216 }); return false;\" title=\"KASK WG11 test rotacionog udara rezultat je vi\u0161e od 10 godina razvoja i ispitivanja KASK metoda i merenja rotacionih udara.\"> <img decoding=\"async\" src=\"https:\/\/gosafe.rs\/wp-content\/uploads\/2025\/10\/WG11-3.png\" alt=\"WG11\" style=\"width:60px;cursor:pointer;\" \/> <\/a><br \/>\n<strong>\u2191Kliknuti za vi\u0161e informacija\u2191<\/strong><\/p>\n<p>Te\u017eina: 670 g<br \/>\n\u0161ifra proizvoda:WHE00143<br \/>\nstandardi:<br \/>\nEN 16471 | Kacige za ga\u0161enje po\u017eara u divljini<br \/>\nEN 16473 | Kacige za tehni\u010dko spasavanje<br \/>\nEN 12492 | Kacige za planinarenje<br \/>\nEN 1385* | Kacige za vo\u017enju kanuom i sportove na divljim vodama<\/p>\n<p>* U skladu sa EN 1385 samo kada je opremljeno WAC00087 Quantum za\u0161titnim panelima<\/p>\n","protected":false},"featured_media":31944,"comment_status":"open","ping_status":"closed","template":"","meta":{"_crdt_document":""},"product_brand":[],"product_cat":[248,214],"product_tag":[],"class_list":{"0":"post-32233","1":"product","2":"type-product","3":"status-publish","4":"has-post-thumbnail","6":"product_cat-slemovi","7":"product_cat-zastita_glave","8":"pa_boja-bela","9":"pa_boja-crna","10":"pa_boja-crvena","11":"pa_boja-ccrveno-zuta","12":"pa_boja-zuta","13":"pa_boja-zuto-crvena","15":"first","16":"instock","17":"taxable","18":"shipping-taxable","19":"purchasable","20":"product-type-variable"},"_links":{"self":[{"href":"https:\/\/gosafe.rs\/en\/wp-json\/wp\/v2\/product\/32233","targetHints":{"allow":["GET"]}}],"collection":[{"href":"https:\/\/gosafe.rs\/en\/wp-json\/wp\/v2\/product"}],"about":[{"href":"https:\/\/gosafe.rs\/en\/wp-json\/wp\/v2\/types\/product"}],"replies":[{"embeddable":true,"href":"https:\/\/gosafe.rs\/en\/wp-json\/wp\/v2\/comments?post=32233"}],"version-history":[{"count":9,"href":"https:\/\/gosafe.rs\/en\/wp-json\/wp\/v2\/product\/32233\/revisions"}],"predecessor-version":[{"id":33060,"href":"https:\/\/gosafe.rs\/en\/wp-json\/wp\/v2\/product\/32233\/revisions\/33060"}],"wp:featuredmedia":[{"embeddable":true,"href":"https:\/\/gosafe.rs\/en\/wp-json\/wp\/v2\/media\/31944"}],"wp:attachment":[{"href":"https:\/\/gosafe.rs\/en\/wp-json\/wp\/v2\/media?parent=32233"}],"wp:term":[{"taxonomy":"product_brand","embeddable":true,"href":"https:\/\/gosafe.rs\/en\/wp-json\/wp\/v2\/product_brand?post=32233"},{"taxonomy":"product_cat","embeddable":true,"href":"https:\/\/gosafe.rs\/en\/wp-json\/wp\/v2\/product_cat?post=32233"},{"taxonomy":"product_tag","embeddable":true,"href":"https:\/\/gosafe.rs\/en\/wp-json\/wp\/v2\/product_tag?post=32233"}],"curies":[{"name":"wp","href":"https:\/\/api.w.org\/{rel}","templated":true}]}}