{"id":32255,"date":"2025-10-23T11:43:53","date_gmt":"2025-10-23T10:43:53","guid":{"rendered":"https:\/\/gosafe.rs\/?post_type=product&#038;p=32255"},"modified":"2026-05-01T19:35:04","modified_gmt":"2026-05-01T18:35:04","slug":"kask-alpinisticki-vatrogasni-slem-quantum","status":"publish","type":"product","link":"https:\/\/gosafe.rs\/en\/proizvod\/kask-alpinisticki-vatrogasni-slem-quantum\/","title":{"rendered":"Kask Alpinisti\u010dki Vatrogasni \u0160lem Quantum"},"content":{"rendered":"","protected":false},"excerpt":{"rendered":"<p><a href=\"#\" class=\"wg11-popup\" onclick=\"elementorProFrontend.modules.popup.showPopup({ id: 32216 }); return false;\" title=\"KASK WG11 test rotacionog udara rezultat je vi\u0161e od 10 godina razvoja i ispitivanja KASK metoda i merenja rotacionih udara.\"> <img decoding=\"async\" src=\"https:\/\/gosafe.rs\/wp-content\/uploads\/2025\/10\/WG11-3.png\" alt=\"WG11\" style=\"width:60px;cursor:pointer;\" \/> <\/a><br \/>\n<strong>\u2191Kliknuti za vi\u0161e informacija\u2191<\/strong><\/p>\n<p>te\u017eina:670 g<br \/>\n\u0161ifra proizvoda:WHE00142<br \/>\nstandardi:<br \/>\nEN 16471 | Kacige za ga\u0161enje po\u017eara u \u0161umama<br \/>\nEN 16473 | Kacige za tehni\u010dko spasavanje<br \/>\nEN 1385* | Kacige za vo\u017enju kanuom i sportove na divljim vodama<br \/>\nEN 12492 osim klauzule 4.1.4. Ventilacija<\/p>\n<p>* U skladu sa EN 1385 samo kada je opremljeno sa WAC00087<br \/>\nKvantni za\u0161titni paneli<br \/>\nVELI\u010cINA<br \/>\nPodesivo od 52 do 63 cm<\/p>\n","protected":false},"featured_media":32267,"comment_status":"open","ping_status":"closed","template":"","meta":{"_crdt_document":""},"product_brand":[],"product_cat":[248,214],"product_tag":[],"class_list":{"0":"post-32255","1":"product","2":"type-product","3":"status-publish","4":"has-post-thumbnail","6":"product_cat-slemovi","7":"product_cat-zastita_glave","8":"pa_boja-bela","9":"pa_boja-crna","10":"pa_boja-crvena","11":"pa_boja-plava-teget","12":"pa_boja-siva","13":"pa_boja-tamno-zelena","14":"pa_boja-zuta","16":"first","17":"instock","18":"taxable","19":"shipping-taxable","20":"purchasable","21":"product-type-variable","22":"has-default-attributes"},"_links":{"self":[{"href":"https:\/\/gosafe.rs\/en\/wp-json\/wp\/v2\/product\/32255","targetHints":{"allow":["GET"]}}],"collection":[{"href":"https:\/\/gosafe.rs\/en\/wp-json\/wp\/v2\/product"}],"about":[{"href":"https:\/\/gosafe.rs\/en\/wp-json\/wp\/v2\/types\/product"}],"replies":[{"embeddable":true,"href":"https:\/\/gosafe.rs\/en\/wp-json\/wp\/v2\/comments?post=32255"}],"version-history":[{"count":12,"href":"https:\/\/gosafe.rs\/en\/wp-json\/wp\/v2\/product\/32255\/revisions"}],"predecessor-version":[{"id":33059,"href":"https:\/\/gosafe.rs\/en\/wp-json\/wp\/v2\/product\/32255\/revisions\/33059"}],"wp:featuredmedia":[{"embeddable":true,"href":"https:\/\/gosafe.rs\/en\/wp-json\/wp\/v2\/media\/32267"}],"wp:attachment":[{"href":"https:\/\/gosafe.rs\/en\/wp-json\/wp\/v2\/media?parent=32255"}],"wp:term":[{"taxonomy":"product_brand","embeddable":true,"href":"https:\/\/gosafe.rs\/en\/wp-json\/wp\/v2\/product_brand?post=32255"},{"taxonomy":"product_cat","embeddable":true,"href":"https:\/\/gosafe.rs\/en\/wp-json\/wp\/v2\/product_cat?post=32255"},{"taxonomy":"product_tag","embeddable":true,"href":"https:\/\/gosafe.rs\/en\/wp-json\/wp\/v2\/product_tag?post=32255"}],"curies":[{"name":"wp","href":"https:\/\/api.w.org\/{rel}","templated":true}]}}