{"id":32582,"date":"2026-03-04T20:32:16","date_gmt":"2026-03-04T19:32:16","guid":{"rendered":"https:\/\/gosafe.rs\/?post_type=product&#038;p=32582"},"modified":"2026-03-26T23:28:21","modified_gmt":"2026-03-26T22:28:21","slug":"zastitne-patike-ghibli-s3-src","status":"publish","type":"product","link":"https:\/\/gosafe.rs\/en\/proizvod\/zastitne-patike-ghibli-s3-src\/","title":{"rendered":"Za\u0161titne Patike Pezzol GHIBLI S3 SRC"},"content":{"rendered":"<p><strong>SEKTORI:<\/strong><\/p>\n<p>Zanatlije<br \/>\nAutomobilska\/Visokotehnolo\u0161ka<br \/>\nHemijska<br \/>\nGra\u0111evinarstvo<br \/>\nLaka industrija<br \/>\nLogistika\/Transport<\/p>\n","protected":false},"excerpt":{"rendered":"<p>Za\u0161titne cipele bez navla\u010denja, dinami\u010dnog i sportskog dizajna, napravljene od PU Tek-a: tekstila projektovanog da ponudi neuporedivu otpornost na habanje, uz o\u010duvanje fleksibilnosti, lakoc\u0301e, najvec\u0301e prozra\u010dnosti i vodootpornosti. Trodimenzionalna Spyder-Net postava nudi odli\u010dnu udobnost, prozra\u010dnost i suva stopala. \u0110on dvostruke gustine PU\/PU, ultralagan i fleksibilan sa Smart Injection tehnologijom, pru\u017ea ekstremnu fleksibilnost i lakoc\u0301u, uz izuzetno tanak spoljni \u0111on. Alu200 aluminijumska kapa i tekstilni ulo\u017eak otporan na probu\u0161enje TX ZERO za ekstremnu lakoc\u0301u, za\u0161titu i fleksibilnost.<\/p>\n","protected":false},"featured_media":32583,"comment_status":"closed","ping_status":"closed","template":"","meta":{"_crdt_document":""},"product_brand":[],"product_cat":[167,260,166],"product_tag":[],"class_list":{"0":"post-32582","1":"product","2":"type-product","3":"status-publish","4":"has-post-thumbnail","6":"product_cat-cipele","7":"product_cat-plitke","8":"product_cat-zastitna_obuca","10":"first","11":"instock","12":"taxable","13":"shipping-taxable","14":"purchasable","15":"product-type-variable"},"_links":{"self":[{"href":"https:\/\/gosafe.rs\/en\/wp-json\/wp\/v2\/product\/32582","targetHints":{"allow":["GET"]}}],"collection":[{"href":"https:\/\/gosafe.rs\/en\/wp-json\/wp\/v2\/product"}],"about":[{"href":"https:\/\/gosafe.rs\/en\/wp-json\/wp\/v2\/types\/product"}],"replies":[{"embeddable":true,"href":"https:\/\/gosafe.rs\/en\/wp-json\/wp\/v2\/comments?post=32582"}],"version-history":[{"count":5,"href":"https:\/\/gosafe.rs\/en\/wp-json\/wp\/v2\/product\/32582\/revisions"}],"predecessor-version":[{"id":33013,"href":"https:\/\/gosafe.rs\/en\/wp-json\/wp\/v2\/product\/32582\/revisions\/33013"}],"wp:featuredmedia":[{"embeddable":true,"href":"https:\/\/gosafe.rs\/en\/wp-json\/wp\/v2\/media\/32583"}],"wp:attachment":[{"href":"https:\/\/gosafe.rs\/en\/wp-json\/wp\/v2\/media?parent=32582"}],"wp:term":[{"taxonomy":"product_brand","embeddable":true,"href":"https:\/\/gosafe.rs\/en\/wp-json\/wp\/v2\/product_brand?post=32582"},{"taxonomy":"product_cat","embeddable":true,"href":"https:\/\/gosafe.rs\/en\/wp-json\/wp\/v2\/product_cat?post=32582"},{"taxonomy":"product_tag","embeddable":true,"href":"https:\/\/gosafe.rs\/en\/wp-json\/wp\/v2\/product_tag?post=32582"}],"curies":[{"name":"wp","href":"https:\/\/api.w.org\/{rel}","templated":true}]}}