{"id":32598,"date":"2026-03-05T11:08:25","date_gmt":"2026-03-05T10:08:25","guid":{"rendered":"https:\/\/gosafe.rs\/?post_type=product&#038;p=32598"},"modified":"2026-03-26T23:28:07","modified_gmt":"2026-03-26T22:28:07","slug":"zastitne-patike-borneo-pk-170-pezzol-s3s-sc-ci-fo-sr-esd","status":"publish","type":"product","link":"https:\/\/gosafe.rs\/en\/proizvod\/zastitne-patike-borneo-pk-170-pezzol-s3s-sc-ci-fo-sr-esd\/","title":{"rendered":"Za\u0161titne Patike BORNEO PK 170 Pezzol S3S SC CI FO SR ESD"},"content":{"rendered":"<p>Aerodromski sistem<br \/>\nAutomobilska\/Visokotehnolo\u0161ka industrija<br \/>\nElektri\u010dne komponente<br \/>\nLaka industrija<br \/>\nLogistika\/Transport<br \/>\nKomunalne usluge<\/p>\n","protected":false},"excerpt":{"rendered":"<p>Obuc\u0301a DGUV u skladu sa smernicama DGUV propisa 112-191 <strong>(Nema\u010dki propis koji reguli\u0161e ortopedske modifikacije za\u0161titne obuc\u0301e)<\/strong><br \/>\nZa\u0161titna cipela sportskog dizajna, napravljena od PU Tek: in\u017eenjerske tkanine koja nudi neuporedivu otpornost na habanje, uz odr\u017eavanje fleksibilnosti, lakoc\u0301e, prozra\u010dnosti i vodootpornosti. Ergonomska DNX sistem za\u0161tita napravljena od specijalnog oja\u010danog TPU materijala sa anti-\u0161ok funkcijom na peti i dodatnim za\u0161titnim elementima od TPU materijala protiv habanja (SC), koji apsorbuje udarce i otporan je na mrlje na vrhu. Trodimenzionalna Spyder-Net postava nudi odli\u010dnu udobnost, prozra\u010dnost i suva stopala. REBOUND dvokomponentni PU\/TPU \u0111on: ultra lagan i fleksibilan meki poliuretanski srednji \u0111on i visoko antistati\u010dki TPU spoljni \u0111on koji garantuju prijanjanje tokom hodanja. Alu200 aluminijumska kapa za prste i TX ZERO STRONG ulo\u017eak otporan na probu\u0161enje od tekstilnog materijala najnovije generacije za maksimalnu lakoc\u0301u, fleksibilnost i za\u0161titu.<\/p>\n","protected":false},"featured_media":32602,"comment_status":"closed","ping_status":"closed","template":"","meta":{"_crdt_document":""},"product_brand":[],"product_cat":[167,260,166],"product_tag":[],"class_list":{"0":"post-32598","1":"product","2":"type-product","3":"status-publish","4":"has-post-thumbnail","6":"product_cat-cipele","7":"product_cat-plitke","8":"product_cat-zastitna_obuca","10":"first","11":"instock","12":"taxable","13":"shipping-taxable","14":"purchasable","15":"product-type-variable"},"_links":{"self":[{"href":"https:\/\/gosafe.rs\/en\/wp-json\/wp\/v2\/product\/32598","targetHints":{"allow":["GET"]}}],"collection":[{"href":"https:\/\/gosafe.rs\/en\/wp-json\/wp\/v2\/product"}],"about":[{"href":"https:\/\/gosafe.rs\/en\/wp-json\/wp\/v2\/types\/product"}],"replies":[{"embeddable":true,"href":"https:\/\/gosafe.rs\/en\/wp-json\/wp\/v2\/comments?post=32598"}],"version-history":[{"count":3,"href":"https:\/\/gosafe.rs\/en\/wp-json\/wp\/v2\/product\/32598\/revisions"}],"predecessor-version":[{"id":32608,"href":"https:\/\/gosafe.rs\/en\/wp-json\/wp\/v2\/product\/32598\/revisions\/32608"}],"wp:featuredmedia":[{"embeddable":true,"href":"https:\/\/gosafe.rs\/en\/wp-json\/wp\/v2\/media\/32602"}],"wp:attachment":[{"href":"https:\/\/gosafe.rs\/en\/wp-json\/wp\/v2\/media?parent=32598"}],"wp:term":[{"taxonomy":"product_brand","embeddable":true,"href":"https:\/\/gosafe.rs\/en\/wp-json\/wp\/v2\/product_brand?post=32598"},{"taxonomy":"product_cat","embeddable":true,"href":"https:\/\/gosafe.rs\/en\/wp-json\/wp\/v2\/product_cat?post=32598"},{"taxonomy":"product_tag","embeddable":true,"href":"https:\/\/gosafe.rs\/en\/wp-json\/wp\/v2\/product_tag?post=32598"}],"curies":[{"name":"wp","href":"https:\/\/api.w.org\/{rel}","templated":true}]}}