{"id":32614,"date":"2026-03-05T11:37:06","date_gmt":"2026-03-05T10:37:06","guid":{"rendered":"https:\/\/gosafe.rs\/?post_type=product&#038;p=32614"},"modified":"2026-03-26T23:27:54","modified_gmt":"2026-03-26T22:27:54","slug":"zastitne-cipele-carlos-pezzol-s3-ci-hi-hro-src","status":"publish","type":"product","link":"https:\/\/gosafe.rs\/en\/proizvod\/zastitne-cipele-carlos-pezzol-s3-ci-hi-hro-src\/","title":{"rendered":"Za\u0161titne Cipele CARLOS PEZZOL S3 CI HI HRO SRC"},"content":{"rendered":"<p>Cold Environments<br \/>\nConstruction\/Building<br \/>\nHeavy Industry<br \/>\nLogistics\/Transport<br \/>\nOil &amp; Gas\/Energy<br \/>\nUtilities<\/p>\n","protected":false},"excerpt":{"rendered":"<p>Za\u0161titne cipele srednjeg kroja napravljene od Supremoil ko\u017ee punog zrna sa visokim svojstvima prozra\u010dnosti, odli\u010dnom mekoc\u0301om, vodootporno\u0161c\u0301u i otporno\u0161c\u0301u na ulja i goriva. Postava Egzoteh je tkanina\/netkanina napravljena od najlonskih vlakana: rezultat je prozra\u010dna cipela sa odli\u010dnom kontrolom znoja i visokom otporno\u0161c\u0301u na habanje, koja pru\u017ea odli\u010dnu udobnost i suva stopala, \u0161titec\u0301i ih od hladnoc\u0301e. Dodatni TPU ulo\u017eak na peti garantuje maksimalnu za\u0161titu od udaraca, trenja i te\u010dnosti. Ks-Leater kapa za prste: oja\u010dani materijal sa vi\u0161eslojnom poliuretanskom strukturom privla\u010dne teksture, visoko otporan na habanje, vodu i ulja. ICON dvokomponentni PU\/GUMA Vibram\u00ae \u0111on, napravljen od poliuretana i Vibram\u00ae gume, garantuje maksimalnu podr\u0161ku i stabilnost \u010dak i u te\u0161kim uslovima i povr\u0161inama. \u0110on otporan na toplotu (HRO), ulja i gorivo. \u0110on otporan na klizanje testiran u SATRA laboratorijama na metalnoj re\u0161etki ((Kenedi test re\u0161etki) i drvenim skelama. PZX kapa od fiberglasa i tekstilni ulo\u017eak protiv probijanja TX ZERO STRONG poslednje generacije za ekstremnu lakoc\u0301u, za\u0161titu i fleksibilnost.<\/p>\n","protected":false},"featured_media":32610,"comment_status":"closed","ping_status":"closed","template":"","meta":{"_crdt_document":""},"product_brand":[],"product_cat":[167,259,166],"product_tag":[],"class_list":{"0":"post-32614","1":"product","2":"type-product","3":"status-publish","4":"has-post-thumbnail","6":"product_cat-cipele","7":"product_cat-duboke","8":"product_cat-zastitna_obuca","10":"first","11":"instock","12":"taxable","13":"shipping-taxable","14":"purchasable","15":"product-type-variable"},"_links":{"self":[{"href":"https:\/\/gosafe.rs\/en\/wp-json\/wp\/v2\/product\/32614","targetHints":{"allow":["GET"]}}],"collection":[{"href":"https:\/\/gosafe.rs\/en\/wp-json\/wp\/v2\/product"}],"about":[{"href":"https:\/\/gosafe.rs\/en\/wp-json\/wp\/v2\/types\/product"}],"replies":[{"embeddable":true,"href":"https:\/\/gosafe.rs\/en\/wp-json\/wp\/v2\/comments?post=32614"}],"version-history":[{"count":1,"href":"https:\/\/gosafe.rs\/en\/wp-json\/wp\/v2\/product\/32614\/revisions"}],"predecessor-version":[{"id":32615,"href":"https:\/\/gosafe.rs\/en\/wp-json\/wp\/v2\/product\/32614\/revisions\/32615"}],"wp:featuredmedia":[{"embeddable":true,"href":"https:\/\/gosafe.rs\/en\/wp-json\/wp\/v2\/media\/32610"}],"wp:attachment":[{"href":"https:\/\/gosafe.rs\/en\/wp-json\/wp\/v2\/media?parent=32614"}],"wp:term":[{"taxonomy":"product_brand","embeddable":true,"href":"https:\/\/gosafe.rs\/en\/wp-json\/wp\/v2\/product_brand?post=32614"},{"taxonomy":"product_cat","embeddable":true,"href":"https:\/\/gosafe.rs\/en\/wp-json\/wp\/v2\/product_cat?post=32614"},{"taxonomy":"product_tag","embeddable":true,"href":"https:\/\/gosafe.rs\/en\/wp-json\/wp\/v2\/product_tag?post=32614"}],"curies":[{"name":"wp","href":"https:\/\/api.w.org\/{rel}","templated":true}]}}