{"id":32621,"date":"2026-03-05T14:01:41","date_gmt":"2026-03-05T13:01:41","guid":{"rendered":"https:\/\/gosafe.rs\/?post_type=product&#038;p=32621"},"modified":"2026-03-26T23:27:16","modified_gmt":"2026-03-26T22:27:16","slug":"zastitne-cipele-rebel-pezzol-s3s-sc-fo-sr-esd","status":"publish","type":"product","link":"https:\/\/gosafe.rs\/en\/proizvod\/zastitne-cipele-rebel-pezzol-s3s-sc-fo-sr-esd\/","title":{"rendered":"Za\u0161titne Cipele REBEL PEZZOL S3S SC FO SR ESD"},"content":{"rendered":"<p>Poljoprivreda\/Zootehnika<br \/>\nAerodromski sistem<br \/>\nZanatlije<br \/>\nGra\u0111evinarstvo\/Gra\u0111evinarstvo<br \/>\nElektri\u010dne komponente<br \/>\nLogistika\/Transport<br \/>\nNafta i gas\/Energetika<br \/>\nKomunalne usluge<\/p>\n","protected":false},"excerpt":{"rendered":"<p>Za\u0161titna cipela srednjeg kroja napravljena od Supremoil ko\u017ee punog zrna sa visokim svojstvima prozra\u010dnosti, odli\u010dnom mekoc\u0301om, vodootporno\u0161c\u0301u i otporno\u0161c\u0301u na ulja i goriva. Trodimenzionalna Spajder-Net postava nudi odli\u010dnu udobnost, prozra\u010dnost i suva stopala. X-Leater kapa za prste: oja\u010dani materijal sa vi\u0161eslojnom poliuretanskom strukturom privla\u010dne teksture, veoma otporan na habanje, vodu i ulja. \u0110on od HIBRIDNOG poliuretana dvostruke gustine PU\/PU visoke gustine, ubrizgan sa poliuretanskim me\u0111u\u0111onom niske gustine. \u0110on od poliuretana, visoko antistati\u010dan, nudi odli\u010dnu otpornost na klizanje, odbojnost na ulje i obezbe\u0111uje maksimalnu fleksibilnost. Compo200 polimerna kapa za prste i TX ZERO STRONG tekstilni ulo\u017eak poslednje generacije otporan na probu\u0161enje za ekstremnu lakoc\u0301u, za\u0161titu i fleksibilnost. Bez metala.<\/p>\n","protected":false},"featured_media":32622,"comment_status":"closed","ping_status":"closed","template":"","meta":{"_crdt_document":""},"product_brand":[],"product_cat":[167,259,166],"product_tag":[],"class_list":{"0":"post-32621","1":"product","2":"type-product","3":"status-publish","4":"has-post-thumbnail","6":"product_cat-cipele","7":"product_cat-duboke","8":"product_cat-zastitna_obuca","10":"first","11":"instock","12":"taxable","13":"shipping-taxable","14":"purchasable","15":"product-type-variable"},"_links":{"self":[{"href":"https:\/\/gosafe.rs\/en\/wp-json\/wp\/v2\/product\/32621","targetHints":{"allow":["GET"]}}],"collection":[{"href":"https:\/\/gosafe.rs\/en\/wp-json\/wp\/v2\/product"}],"about":[{"href":"https:\/\/gosafe.rs\/en\/wp-json\/wp\/v2\/types\/product"}],"replies":[{"embeddable":true,"href":"https:\/\/gosafe.rs\/en\/wp-json\/wp\/v2\/comments?post=32621"}],"version-history":[{"count":1,"href":"https:\/\/gosafe.rs\/en\/wp-json\/wp\/v2\/product\/32621\/revisions"}],"predecessor-version":[{"id":32627,"href":"https:\/\/gosafe.rs\/en\/wp-json\/wp\/v2\/product\/32621\/revisions\/32627"}],"wp:featuredmedia":[{"embeddable":true,"href":"https:\/\/gosafe.rs\/en\/wp-json\/wp\/v2\/media\/32622"}],"wp:attachment":[{"href":"https:\/\/gosafe.rs\/en\/wp-json\/wp\/v2\/media?parent=32621"}],"wp:term":[{"taxonomy":"product_brand","embeddable":true,"href":"https:\/\/gosafe.rs\/en\/wp-json\/wp\/v2\/product_brand?post=32621"},{"taxonomy":"product_cat","embeddable":true,"href":"https:\/\/gosafe.rs\/en\/wp-json\/wp\/v2\/product_cat?post=32621"},{"taxonomy":"product_tag","embeddable":true,"href":"https:\/\/gosafe.rs\/en\/wp-json\/wp\/v2\/product_tag?post=32621"}],"curies":[{"name":"wp","href":"https:\/\/api.w.org\/{rel}","templated":true}]}}