{"id":32628,"date":"2026-03-05T14:09:31","date_gmt":"2026-03-05T13:09:31","guid":{"rendered":"https:\/\/gosafe.rs\/?post_type=product&#038;p=32628"},"modified":"2026-03-26T23:27:05","modified_gmt":"2026-03-26T22:27:05","slug":"zastitne-cipele-blast-chb-150-s3s-sc-ci-fo-sr-esd","status":"publish","type":"product","link":"https:\/\/gosafe.rs\/en\/proizvod\/zastitne-cipele-blast-chb-150-s3s-sc-ci-fo-sr-esd\/","title":{"rendered":"Za\u0161titne Cipele BLAST CHB 150 S3S SC CI FO SR ESD"},"content":{"rendered":"<p>Aerodromski sistem<br \/>\nAutomobilska\/Visoka tehnologija<br \/>\nElektri\u010dne komponente<br \/>\nLaka industrija<br \/>\nLogistika\/Transport<br \/>\nNafta i gas\/Energetika<br \/>\nKomunalne usluge<\/p>\n","protected":false},"excerpt":{"rendered":"<p><strong>Obuc\u0301a DGUV u skladu sa smernicama DGUV propisa 112-191 (Nema\u010dki propis koji reguli\u0161e ortopedske modifikacije za\u0161titne obuc\u0301e)<\/strong><\/p>\n<p>Za\u0161titne cipele srednjeg kroja sa sportskim dizajnom od Supremoil ko\u017ee punog zrna sa visokim svojstvima prozra\u010dnosti, odli\u010dnom mekoc\u0301om, vodoodbojno\u0161c\u0301u i otporno\u0161c\u0301u na ulja i goriva. BOA\u00ae Fit sistem obezbe\u0111uje savr\u0161eno prianjanje zahvaljujuc\u0301i mikro-podesivom to\u010dkic\u0301u, super jakim laganim pertlama i vo\u0111icama pertli sa niskim trenjem: dizajnirane za lako, precizno i sigurno pode\u0161avanje. Ergonomska DNX sistem za\u0161tita napravljena od specijalno oja\u010danog TPU materijala sa anti-\u0161ok funkcijom na peti i dodatnim za\u0161titnim elementima od TPU materijala protiv habanja (SC), koji apsorbuje udarce i otporan je na mrlje na vrhu. Trodimenzionalna Spyder-Net postava nudi odli\u010dnu udobnost, prozra\u010dnost i suva stopala. REBOUND dvokomponentni PU\/TPU \u0111on: ultra lagan i fleksibilan meki poliuretanski srednji \u0111on i visoko antistati\u010dki TPU \u0111on koji garantuju prijanjanje tokom hodanja. Alu200 aluminijumska kapa za prste i TX ZERO STRONG ulo\u017eak otporan na probu\u0161enje od tekstilnog materijala najnovije generacije za maksimalnu lakoc\u0301u, fleksibilnost i za\u0161titu.<\/p>\n","protected":false},"featured_media":32629,"comment_status":"closed","ping_status":"closed","template":"","meta":{"_crdt_document":""},"product_brand":[],"product_cat":[167,259,166],"product_tag":[],"class_list":{"0":"post-32628","1":"product","2":"type-product","3":"status-publish","4":"has-post-thumbnail","6":"product_cat-cipele","7":"product_cat-duboke","8":"product_cat-zastitna_obuca","10":"first","11":"instock","12":"taxable","13":"shipping-taxable","14":"purchasable","15":"product-type-variable"},"_links":{"self":[{"href":"https:\/\/gosafe.rs\/en\/wp-json\/wp\/v2\/product\/32628","targetHints":{"allow":["GET"]}}],"collection":[{"href":"https:\/\/gosafe.rs\/en\/wp-json\/wp\/v2\/product"}],"about":[{"href":"https:\/\/gosafe.rs\/en\/wp-json\/wp\/v2\/types\/product"}],"replies":[{"embeddable":true,"href":"https:\/\/gosafe.rs\/en\/wp-json\/wp\/v2\/comments?post=32628"}],"version-history":[{"count":1,"href":"https:\/\/gosafe.rs\/en\/wp-json\/wp\/v2\/product\/32628\/revisions"}],"predecessor-version":[{"id":32634,"href":"https:\/\/gosafe.rs\/en\/wp-json\/wp\/v2\/product\/32628\/revisions\/32634"}],"wp:featuredmedia":[{"embeddable":true,"href":"https:\/\/gosafe.rs\/en\/wp-json\/wp\/v2\/media\/32629"}],"wp:attachment":[{"href":"https:\/\/gosafe.rs\/en\/wp-json\/wp\/v2\/media?parent=32628"}],"wp:term":[{"taxonomy":"product_brand","embeddable":true,"href":"https:\/\/gosafe.rs\/en\/wp-json\/wp\/v2\/product_brand?post=32628"},{"taxonomy":"product_cat","embeddable":true,"href":"https:\/\/gosafe.rs\/en\/wp-json\/wp\/v2\/product_cat?post=32628"},{"taxonomy":"product_tag","embeddable":true,"href":"https:\/\/gosafe.rs\/en\/wp-json\/wp\/v2\/product_tag?post=32628"}],"curies":[{"name":"wp","href":"https:\/\/api.w.org\/{rel}","templated":true}]}}