{"id":32831,"date":"2026-03-16T20:54:27","date_gmt":"2026-03-16T19:54:27","guid":{"rendered":"https:\/\/gosafe.rs\/?post_type=product&#038;p=32831"},"modified":"2026-04-06T16:35:17","modified_gmt":"2026-04-06T15:35:17","slug":"impact-pro-rukavice-otporne-na-prosecanje-siva","status":"publish","type":"product","link":"https:\/\/gosafe.rs\/en\/proizvod\/impact-pro-rukavice-otporne-na-prosecanje-siva\/","title":{"rendered":"Impact Pro rukavice otporne na prosecanje Siva"},"content":{"rendered":"<p>Impact Pro rukavice otporne na prosecanje su dizajnirane za rad u najte\u017eim uslovima. Premijum ko\u017ea sa oja\u010danim dlanom radi maksimalne izdr\u017eljivosti. TPR ekzoskelet pru\u017ea odli\u010dnu za\u0161titu od udaraca na nadlanici i prstima. Postava sa odli\u010dnom za\u0161titom od prosecanja za dodatnu sigurnost od opasnosti od posekotina. Traka na zglobu obezbe\u0111uje sigurno i udobno prijanjanje.<\/p>\n","protected":false},"excerpt":{"rendered":"<ul>\n<li>TPR pod tehnologija za maksimalnu za\u0161titu od udaraca<\/li>\n<li>Nivo F otpornost na prosecanje<\/li>\n<li>Izuzetno izdr\u017eljivo i otporno na udarce<\/li>\n<li>Premijum ko\u017ea sa oja\u010danim dlanom za vrhunsku izdr\u017eljivost<\/li>\n<li>Traka za ru\u010dni zglob za sigurno prijanjanje<\/li>\n<li>Postava otporna na prosecanje sa visokom za\u0161titom za dodatnu bezbednost od opasnosti koje mogu dovesti do posekotina<\/li>\n<li>Oznaka za maloprodaju koja olak\u0161ava promociju proizvoda<\/li>\n<li>ANSI Nivo prosecanja A6<\/li>\n<li>CE sertifikovano<\/li>\n<\/ul>\n","protected":false},"featured_media":32832,"comment_status":"closed","ping_status":"closed","template":"","meta":{"_crdt_document":""},"product_brand":[],"product_cat":[146,152],"product_tag":[],"class_list":{"0":"post-32831","1":"product","2":"type-product","3":"status-publish","4":"has-post-thumbnail","6":"product_cat-rukavice","7":"product_cat-zastitne-rukavice","9":"first","10":"instock","11":"taxable","12":"shipping-taxable","13":"purchasable","14":"product-type-simple"},"_links":{"self":[{"href":"https:\/\/gosafe.rs\/en\/wp-json\/wp\/v2\/product\/32831","targetHints":{"allow":["GET"]}}],"collection":[{"href":"https:\/\/gosafe.rs\/en\/wp-json\/wp\/v2\/product"}],"about":[{"href":"https:\/\/gosafe.rs\/en\/wp-json\/wp\/v2\/types\/product"}],"replies":[{"embeddable":true,"href":"https:\/\/gosafe.rs\/en\/wp-json\/wp\/v2\/comments?post=32831"}],"version-history":[{"count":1,"href":"https:\/\/gosafe.rs\/en\/wp-json\/wp\/v2\/product\/32831\/revisions"}],"predecessor-version":[{"id":32834,"href":"https:\/\/gosafe.rs\/en\/wp-json\/wp\/v2\/product\/32831\/revisions\/32834"}],"wp:featuredmedia":[{"embeddable":true,"href":"https:\/\/gosafe.rs\/en\/wp-json\/wp\/v2\/media\/32832"}],"wp:attachment":[{"href":"https:\/\/gosafe.rs\/en\/wp-json\/wp\/v2\/media?parent=32831"}],"wp:term":[{"taxonomy":"product_brand","embeddable":true,"href":"https:\/\/gosafe.rs\/en\/wp-json\/wp\/v2\/product_brand?post=32831"},{"taxonomy":"product_cat","embeddable":true,"href":"https:\/\/gosafe.rs\/en\/wp-json\/wp\/v2\/product_cat?post=32831"},{"taxonomy":"product_tag","embeddable":true,"href":"https:\/\/gosafe.rs\/en\/wp-json\/wp\/v2\/product_tag?post=32831"}],"curies":[{"name":"wp","href":"https:\/\/api.w.org\/{rel}","templated":true}]}}