{"id":32837,"date":"2026-03-16T20:58:22","date_gmt":"2026-03-16T19:58:22","guid":{"rendered":"https:\/\/gosafe.rs\/?post_type=product&#038;p=32837"},"modified":"2026-04-06T16:35:41","modified_gmt":"2026-04-06T15:35:41","slug":"vhr15-rukavice-otporne-na-udar-i-prosecanje-sa-premazom-od-nitrilne-pene","status":"publish","type":"product","link":"https:\/\/gosafe.rs\/en\/proizvod\/vhr15-rukavice-otporne-na-udar-i-prosecanje-sa-premazom-od-nitrilne-pene\/","title":{"rendered":"VHR15 rukavice otporne na udar i prosecanje sa premazom od nitrilne pene"},"content":{"rendered":"<p>Inovativan TPR dizajn u kombinaciji sa postavom F nivoa za\u0161tite od prosecanja, \u010dini ovu rukavicu otpornu na udarce sa odli\u010dnim ose\u0107ajem, udobno\u0161\u0107u i za\u0161titom. Prozra\u010dna postava od 15 petlji osigurava korisniku izuzetnu preciznost pri radu. Premaz od nitrilne pene osigurava odli\u010dan stisak u vla\u017enim i suvim uslovima. Oja\u010dan deo izme\u0111u palca i ka\u017eiprsta, oja\u010dan spolja\u0161nji i postavljen unutra\u0161nji dlan za povec\u0301anu izdr\u017eljivost i udobnost. Pogodne za upotrebu sa vec\u0301inom ure\u0111aja sa ekranom osetljivim na dodir. Dizajnirane specijalno za industriju nafte i gasa.<\/p>\n","protected":false},"excerpt":{"rendered":"<ul>\n<li>TPR pod tehnologija za maksimalnu za\u0161titu od udaraca<\/li>\n<li>Nivo F otpornost na prosecanje<\/li>\n<li>Oja\u010dani prevoj palca i postavljeni dlanovi<\/li>\n<li>Traka za ru\u010dni zglob za sigurno prijanjanje<\/li>\n<li>Za\u0161tita od kontaktne toplote do 100\u00b0C<\/li>\n<li>Premaz od nitrilne pene za odli\u010dan stisak u vla\u017enim i suvim uslovima<\/li>\n<li>Duplomo\u0107eni premaz za izdr\u017eljivost<\/li>\n<li>Rukavice se mogu koristiti za rad sa ve\u0107inom ure\u0111aja sa ekranom osetljivim na dodir.<\/li>\n<li>Postava od 15 petlji pru\u017ea najbolji balans pokretljivost i izdr\u017eljivosti<\/li>\n<li>Oznaka za maloprodaju koja olak\u0161ava promociju proizvoda<\/li>\n<li>ANSI Nivo prosecanja A7<\/li>\n<li>CE sertifikovano<\/li>\n<\/ul>\n","protected":false},"featured_media":32838,"comment_status":"closed","ping_status":"closed","template":"","meta":{"_crdt_document":""},"product_brand":[],"product_cat":[146,152],"product_tag":[],"class_list":{"0":"post-32837","1":"product","2":"type-product","3":"status-publish","4":"has-post-thumbnail","6":"product_cat-rukavice","7":"product_cat-zastitne-rukavice","9":"first","10":"instock","11":"taxable","12":"shipping-taxable","13":"purchasable","14":"product-type-simple"},"_links":{"self":[{"href":"https:\/\/gosafe.rs\/en\/wp-json\/wp\/v2\/product\/32837","targetHints":{"allow":["GET"]}}],"collection":[{"href":"https:\/\/gosafe.rs\/en\/wp-json\/wp\/v2\/product"}],"about":[{"href":"https:\/\/gosafe.rs\/en\/wp-json\/wp\/v2\/types\/product"}],"replies":[{"embeddable":true,"href":"https:\/\/gosafe.rs\/en\/wp-json\/wp\/v2\/comments?post=32837"}],"version-history":[{"count":1,"href":"https:\/\/gosafe.rs\/en\/wp-json\/wp\/v2\/product\/32837\/revisions"}],"predecessor-version":[{"id":32840,"href":"https:\/\/gosafe.rs\/en\/wp-json\/wp\/v2\/product\/32837\/revisions\/32840"}],"wp:featuredmedia":[{"embeddable":true,"href":"https:\/\/gosafe.rs\/en\/wp-json\/wp\/v2\/media\/32838"}],"wp:attachment":[{"href":"https:\/\/gosafe.rs\/en\/wp-json\/wp\/v2\/media?parent=32837"}],"wp:term":[{"taxonomy":"product_brand","embeddable":true,"href":"https:\/\/gosafe.rs\/en\/wp-json\/wp\/v2\/product_brand?post=32837"},{"taxonomy":"product_cat","embeddable":true,"href":"https:\/\/gosafe.rs\/en\/wp-json\/wp\/v2\/product_cat?post=32837"},{"taxonomy":"product_tag","embeddable":true,"href":"https:\/\/gosafe.rs\/en\/wp-json\/wp\/v2\/product_tag?post=32837"}],"curies":[{"name":"wp","href":"https:\/\/api.w.org\/{rel}","templated":true}]}}