{"id":32852,"date":"2026-03-18T15:55:57","date_gmt":"2026-03-18T14:55:57","guid":{"rendered":"https:\/\/gosafe.rs\/?post_type=product&#038;p=32852"},"modified":"2026-03-26T23:26:02","modified_gmt":"2026-03-26T22:26:02","slug":"i-omega-eh-sb-e-wpa-ps-ci-fo-sr-crna","status":"publish","type":"product","link":"https:\/\/gosafe.rs\/en\/proizvod\/i-omega-eh-sb-e-wpa-ps-ci-fo-sr-crna\/","title":{"rendered":"I-Omega EH SB E WPA PS CI FO SR Crna"},"content":{"rendered":"<p>&nbsp;<\/p>\n<ul>\n<li>Za\u0161titna kapa otporna na 200 d\u017eula<\/li>\n<li>SR &#8211; otpornost na klizanje kerami\u010dke plo\u010dice i glicerin<\/li>\n<li>\u0160ok apsorpcija u predelu pete<\/li>\n<li>WPA &#8211; prodiranje vode i upijanje gornji\u0161ta<\/li>\n<li>Otpornost na probijanje 3 mm<\/li>\n<li>Izolacija od hladno\u0107e do -17\u00b0C<\/li>\n<li>\u0110on otporan na klizanje, ulja i naftne derivate<\/li>\n<li>Bez metala<\/li>\n<li>Ortopedski napravljeno za merenje stopala, u skladu sa evropskom normom DGUV112-191<\/li>\n<li>\u017denska \u0161irina 10,5<\/li>\n<li>Mu\u0161ka \u0161irina 12<\/li>\n<li>Visoko efikasni izdr\u017eljivi tehni\u010dki materijali<\/li>\n<li>Vapour permeability for enhanced breathability<\/li>\n<li>Ergonomski dizajnirano za efikasnost i udobnost<\/li>\n<\/ul>\n<p>&nbsp;<\/p>\n","protected":false},"excerpt":{"rendered":"<p>&nbsp;<\/p>\n<p>Plitke cipele; Vodoodbojna puna zrnasta ko\u017ea; SmellStop postava; me\u0111u\u0111on otporan na probijanje i SlimCap za\u0161titna kapa; \u0111on od PU+tpu Skin &#8211; bez metalnih delova<\/p>\n<p>&nbsp;<\/p>\n<p><strong>Gornji\u0161te:<\/strong>\u00a0Full-Grain Nubuck Leather<br \/>\n<strong>Postava:<\/strong>\u00a0SmellStop Anti-Odour and Antibacterial*<br \/>\n<strong>Me\u0111u\u0111on:<\/strong>\u00a0PU\/PU<br \/>\n<strong>Za\u0161titna kapa:<\/strong>\u00a0SlimCap<br \/>\n<strong>\u0110on:<\/strong>\u00a0AirTech + Tpu-Skin<\/p>\n","protected":false},"featured_media":32853,"comment_status":"closed","ping_status":"closed","template":"","meta":{"_crdt_document":""},"product_brand":[],"product_cat":[167,260,166],"product_tag":[],"class_list":{"0":"post-32852","1":"product","2":"type-product","3":"status-publish","4":"has-post-thumbnail","6":"product_cat-cipele","7":"product_cat-plitke","8":"product_cat-zastitna_obuca","10":"first","11":"outofstock","12":"taxable","13":"shipping-taxable","14":"purchasable","15":"product-type-simple"},"_links":{"self":[{"href":"https:\/\/gosafe.rs\/en\/wp-json\/wp\/v2\/product\/32852","targetHints":{"allow":["GET"]}}],"collection":[{"href":"https:\/\/gosafe.rs\/en\/wp-json\/wp\/v2\/product"}],"about":[{"href":"https:\/\/gosafe.rs\/en\/wp-json\/wp\/v2\/types\/product"}],"replies":[{"embeddable":true,"href":"https:\/\/gosafe.rs\/en\/wp-json\/wp\/v2\/comments?post=32852"}],"version-history":[{"count":3,"href":"https:\/\/gosafe.rs\/en\/wp-json\/wp\/v2\/product\/32852\/revisions"}],"predecessor-version":[{"id":32857,"href":"https:\/\/gosafe.rs\/en\/wp-json\/wp\/v2\/product\/32852\/revisions\/32857"}],"wp:featuredmedia":[{"embeddable":true,"href":"https:\/\/gosafe.rs\/en\/wp-json\/wp\/v2\/media\/32853"}],"wp:attachment":[{"href":"https:\/\/gosafe.rs\/en\/wp-json\/wp\/v2\/media?parent=32852"}],"wp:term":[{"taxonomy":"product_brand","embeddable":true,"href":"https:\/\/gosafe.rs\/en\/wp-json\/wp\/v2\/product_brand?post=32852"},{"taxonomy":"product_cat","embeddable":true,"href":"https:\/\/gosafe.rs\/en\/wp-json\/wp\/v2\/product_cat?post=32852"},{"taxonomy":"product_tag","embeddable":true,"href":"https:\/\/gosafe.rs\/en\/wp-json\/wp\/v2\/product_tag?post=32852"}],"curies":[{"name":"wp","href":"https:\/\/api.w.org\/{rel}","templated":true}]}}