{"id":32868,"date":"2026-03-19T16:57:49","date_gmt":"2026-03-19T15:57:49","guid":{"rendered":"https:\/\/gosafe.rs\/?post_type=product&#038;p=32868"},"modified":"2026-04-06T16:35:53","modified_gmt":"2026-04-06T15:35:53","slug":"fr704-wx3-vatrootporna-modaflame-softshell-jakna-crna","status":"publish","type":"product","link":"https:\/\/gosafe.rs\/en\/proizvod\/fr704-wx3-vatrootporna-modaflame-softshell-jakna-crna\/","title":{"rendered":"FR704 &#8211; WX3 vatrootporna Modaflame softshell jakna Crna"},"content":{"rendered":"<ul>\n<li>Vatrootporna svojstva materijala koja ne slabe sa pranjem<\/li>\n<li>\u0160titi od isijavaju\u0107e i konvektivne toplote<\/li>\n<li>Brojni korisni d\u017eepovi obezbe\u0111uju obimno skladi\u0161tenje<\/li>\n<li>Nemagnetno &#8211; bez nikla i gvo\u017e\u0111a<\/li>\n<li>Segmentirana reflektuju\u0107a traka nanesena toplotnim transferom za dodatnu uo\u010dljivost<\/li>\n<li>Kontrastne boje za dodatni stil<\/li>\n<li>Podesive man\u017eetne pomo\u0107u \u010di\u010dak trake za sigurno prijanjanje<\/li>\n<li>Produ\u017een zadnji deo za bolju pokrivenost<\/li>\n<li>Otvori na le\u0111ima za prozra\u010dnost i udobnost<\/li>\n<li>Materijal sa UPF 40+ ocenom blokira 98% UV zraka<\/li>\n<li>Izdr\u017eljiva, prozra\u010dna, vetrootporna i vodootporna tkanina<\/li>\n<li>Otporno na vetaru slu\u010dajevima zahla\u0161enja<\/li>\n<li>8 d\u017eepova za obimno skladi\u0161tenje<\/li>\n<li>Pogodno za no\u0161enje u ATEX okru\u017eenju<\/li>\n<li>CE-CAT III<\/li>\n<li>CE sertifikovano<\/li>\n<\/ul>\n","protected":false},"excerpt":{"rendered":"<p>Ova WX3 softshell jakna je napravljena od troslojne softshell tkanine sa izuzetnom za\u0161titom. Koriste\u0107i elemente modakrila i ugljeni\u010dnih vlakana, ova softshell jakna pru\u017ea vatrootpornu za\u0161titu, za\u0161titu od hemikalija kao i antistatik za\u0161titu, a ujedno je vetrootporna, vodootporna i prozra\u010dna. Karakteristike savremenog dizajna uklju\u010duju bezmetalne komponente, ventilaciju na le\u0111ima, podesive man\u017eetne, vezene vatrootporne piktograme i mno\u0161tvo d\u017eepova za odlaganje.<\/p>\n<p>&nbsp;<\/p>\n<div class=\"std_titles\">Spoljni materijal :<\/div>\n<p>&nbsp;<\/p>\n<div>Modaflame Softshell: 100% poliester, laminiran na vatrootpornu TPU membranu, spojen sa 60% modakril, 39% pamuk, 1% ugljeni\u010dna vlakna 350g<\/div>\n","protected":false},"featured_media":32869,"comment_status":"closed","ping_status":"closed","template":"","meta":{"_crdt_document":""},"product_brand":[],"product_cat":[155,154],"product_tag":[],"class_list":{"0":"post-32868","1":"product","2":"type-product","3":"status-publish","4":"has-post-thumbnail","6":"product_cat-radne-jakne","7":"product_cat-zastitna-odeca","9":"first","10":"outofstock","11":"taxable","12":"shipping-taxable","13":"purchasable","14":"product-type-simple"},"_links":{"self":[{"href":"https:\/\/gosafe.rs\/en\/wp-json\/wp\/v2\/product\/32868","targetHints":{"allow":["GET"]}}],"collection":[{"href":"https:\/\/gosafe.rs\/en\/wp-json\/wp\/v2\/product"}],"about":[{"href":"https:\/\/gosafe.rs\/en\/wp-json\/wp\/v2\/types\/product"}],"replies":[{"embeddable":true,"href":"https:\/\/gosafe.rs\/en\/wp-json\/wp\/v2\/comments?post=32868"}],"version-history":[{"count":1,"href":"https:\/\/gosafe.rs\/en\/wp-json\/wp\/v2\/product\/32868\/revisions"}],"predecessor-version":[{"id":32871,"href":"https:\/\/gosafe.rs\/en\/wp-json\/wp\/v2\/product\/32868\/revisions\/32871"}],"wp:featuredmedia":[{"embeddable":true,"href":"https:\/\/gosafe.rs\/en\/wp-json\/wp\/v2\/media\/32869"}],"wp:attachment":[{"href":"https:\/\/gosafe.rs\/en\/wp-json\/wp\/v2\/media?parent=32868"}],"wp:term":[{"taxonomy":"product_brand","embeddable":true,"href":"https:\/\/gosafe.rs\/en\/wp-json\/wp\/v2\/product_brand?post=32868"},{"taxonomy":"product_cat","embeddable":true,"href":"https:\/\/gosafe.rs\/en\/wp-json\/wp\/v2\/product_cat?post=32868"},{"taxonomy":"product_tag","embeddable":true,"href":"https:\/\/gosafe.rs\/en\/wp-json\/wp\/v2\/product_tag?post=32868"}],"curies":[{"name":"wp","href":"https:\/\/api.w.org\/{rel}","templated":true}]}}